{"id":22428,"date":"2021-02-25T16:32:07","date_gmt":"2021-02-25T15:32:07","guid":{"rendered":"https:\/\/www.mitawatertechnologies.com\/contacts\/"},"modified":"2025-06-30T17:02:27","modified_gmt":"2025-06-30T15:02:27","slug":"kontakte","status":"publish","type":"page","link":"https:\/\/mitawt.mentine.work\/de\/kontakte\/","title":{"rendered":"Kontakt"},"content":{"rendered":"","protected":false},"excerpt":{"rendered":"","protected":false},"author":1,"featured_media":0,"parent":0,"menu_order":294,"comment_status":"closed","ping_status":"closed","template":"pagina-contatti.php","meta":{"_acf_changed":false,"inline_featured_image":false,"footnotes":""},"class_list":["post-22428","page","type-page","status-publish","hentry"],"acf":[],"yoast_head":"<!-- This site is optimized with the Yoast SEO plugin v26.9 - https:\/\/yoast.com\/product\/yoast-seo-wordpress\/ -->\n<title>MITA Water Technologies Kontakte - Wasseraufbereitung<\/title>\n<meta name=\"description\" content=\"Unternehmen f\u00fcr Abwasseraufbereitung: Kontaktieren Uns f\u00fcr Abwasseraufbereitung, Terti\u00e4rfiltration oder Wasserwiederverwendung.\" \/>\n<meta name=\"robots\" content=\"noindex, follow, max-snippet:-1, max-image-preview:large, max-video-preview:-1\" \/>\n<meta property=\"og:locale\" content=\"de_DE\" \/>\n<meta property=\"og:type\" content=\"article\" \/>\n<meta property=\"og:title\" content=\"MITA Water Technologies Kontakte - Wasseraufbereitung\" \/>\n<meta property=\"og:description\" content=\"Unternehmen f\u00fcr Abwasseraufbereitung: Kontaktieren Uns f\u00fcr Abwasseraufbereitung, Terti\u00e4rfiltration oder Wasserwiederverwendung.\" \/>\n<meta property=\"og:url\" content=\"https:\/\/mitawt.mentine.work\/de\/kontakte\/\" \/>\n<meta property=\"og:site_name\" content=\"MITA Water Technologies\" \/>\n<meta property=\"article:modified_time\" content=\"2025-06-30T15:02:27+00:00\" \/>\n<meta name=\"twitter:card\" content=\"summary_large_image\" \/>\n<script type=\"application\/ld+json\" class=\"yoast-schema-graph\">{\"@context\":\"https:\/\/schema.org\",\"@graph\":[{\"@type\":\"WebPage\",\"@id\":\"https:\/\/mitawt.mentine.work\/de\/kontakte\/\",\"url\":\"https:\/\/mitawt.mentine.work\/de\/kontakte\/\",\"name\":\"MITA Water Technologies Kontakte - Wasseraufbereitung\",\"isPartOf\":{\"@id\":\"https:\/\/mitawt.mentine.work\/de\/#website\"},\"datePublished\":\"2021-02-25T15:32:07+00:00\",\"dateModified\":\"2025-06-30T15:02:27+00:00\",\"description\":\"Unternehmen f\u00fcr Abwasseraufbereitung: Kontaktieren Uns f\u00fcr Abwasseraufbereitung, Terti\u00e4rfiltration oder Wasserwiederverwendung.\",\"breadcrumb\":{\"@id\":\"https:\/\/mitawt.mentine.work\/de\/kontakte\/#breadcrumb\"},\"inLanguage\":\"de-DE\",\"potentialAction\":[{\"@type\":\"ReadAction\",\"target\":[\"https:\/\/mitawt.mentine.work\/de\/kontakte\/\"]}]},{\"@type\":\"BreadcrumbList\",\"@id\":\"https:\/\/mitawt.mentine.work\/de\/kontakte\/#breadcrumb\",\"itemListElement\":[{\"@type\":\"ListItem\",\"position\":1,\"name\":\"Home\",\"item\":\"https:\/\/mitawt.mentine.work\/de\/\"},{\"@type\":\"ListItem\",\"position\":2,\"name\":\"Kontakt\"}]},{\"@type\":\"WebSite\",\"@id\":\"https:\/\/mitawt.mentine.work\/de\/#website\",\"url\":\"https:\/\/mitawt.mentine.work\/de\/\",\"name\":\"MITA Water Technologies\",\"description\":\"Il tuo progetto di refrigerazione industriale\",\"potentialAction\":[{\"@type\":\"SearchAction\",\"target\":{\"@type\":\"EntryPoint\",\"urlTemplate\":\"https:\/\/mitawt.mentine.work\/de\/?s={search_term_string}\"},\"query-input\":{\"@type\":\"PropertyValueSpecification\",\"valueRequired\":true,\"valueName\":\"search_term_string\"}}],\"inLanguage\":\"de-DE\"}]}<\/script>\n<!-- \/ Yoast SEO plugin. -->","yoast_head_json":{"title":"MITA Water Technologies Kontakte - Wasseraufbereitung","description":"Unternehmen f\u00fcr Abwasseraufbereitung: Kontaktieren Uns f\u00fcr Abwasseraufbereitung, Terti\u00e4rfiltration oder Wasserwiederverwendung.","robots":{"index":"noindex","follow":"follow","max-snippet":"max-snippet:-1","max-image-preview":"max-image-preview:large","max-video-preview":"max-video-preview:-1"},"og_locale":"de_DE","og_type":"article","og_title":"MITA Water Technologies Kontakte - Wasseraufbereitung","og_description":"Unternehmen f\u00fcr Abwasseraufbereitung: Kontaktieren Uns f\u00fcr Abwasseraufbereitung, Terti\u00e4rfiltration oder Wasserwiederverwendung.","og_url":"https:\/\/mitawt.mentine.work\/de\/kontakte\/","og_site_name":"MITA Water Technologies","article_modified_time":"2025-06-30T15:02:27+00:00","twitter_card":"summary_large_image","schema":{"@context":"https:\/\/schema.org","@graph":[{"@type":"WebPage","@id":"https:\/\/mitawt.mentine.work\/de\/kontakte\/","url":"https:\/\/mitawt.mentine.work\/de\/kontakte\/","name":"MITA Water Technologies Kontakte - Wasseraufbereitung","isPartOf":{"@id":"https:\/\/mitawt.mentine.work\/de\/#website"},"datePublished":"2021-02-25T15:32:07+00:00","dateModified":"2025-06-30T15:02:27+00:00","description":"Unternehmen f\u00fcr Abwasseraufbereitung: Kontaktieren Uns f\u00fcr Abwasseraufbereitung, Terti\u00e4rfiltration oder Wasserwiederverwendung.","breadcrumb":{"@id":"https:\/\/mitawt.mentine.work\/de\/kontakte\/#breadcrumb"},"inLanguage":"de-DE","potentialAction":[{"@type":"ReadAction","target":["https:\/\/mitawt.mentine.work\/de\/kontakte\/"]}]},{"@type":"BreadcrumbList","@id":"https:\/\/mitawt.mentine.work\/de\/kontakte\/#breadcrumb","itemListElement":[{"@type":"ListItem","position":1,"name":"Home","item":"https:\/\/mitawt.mentine.work\/de\/"},{"@type":"ListItem","position":2,"name":"Kontakt"}]},{"@type":"WebSite","@id":"https:\/\/mitawt.mentine.work\/de\/#website","url":"https:\/\/mitawt.mentine.work\/de\/","name":"MITA Water Technologies","description":"Il tuo progetto di refrigerazione industriale","potentialAction":[{"@type":"SearchAction","target":{"@type":"EntryPoint","urlTemplate":"https:\/\/mitawt.mentine.work\/de\/?s={search_term_string}"},"query-input":{"@type":"PropertyValueSpecification","valueRequired":true,"valueName":"search_term_string"}}],"inLanguage":"de-DE"}]}},"_links":{"self":[{"href":"https:\/\/mitawt.mentine.work\/de\/wp-json\/wp\/v2\/pages\/22428","targetHints":{"allow":["GET"]}}],"collection":[{"href":"https:\/\/mitawt.mentine.work\/de\/wp-json\/wp\/v2\/pages"}],"about":[{"href":"https:\/\/mitawt.mentine.work\/de\/wp-json\/wp\/v2\/types\/page"}],"author":[{"embeddable":true,"href":"https:\/\/mitawt.mentine.work\/de\/wp-json\/wp\/v2\/users\/1"}],"replies":[{"embeddable":true,"href":"https:\/\/mitawt.mentine.work\/de\/wp-json\/wp\/v2\/comments?post=22428"}],"version-history":[{"count":6,"href":"https:\/\/mitawt.mentine.work\/de\/wp-json\/wp\/v2\/pages\/22428\/revisions"}],"predecessor-version":[{"id":122096,"href":"https:\/\/mitawt.mentine.work\/de\/wp-json\/wp\/v2\/pages\/22428\/revisions\/122096"}],"wp:attachment":[{"href":"https:\/\/mitawt.mentine.work\/de\/wp-json\/wp\/v2\/media?parent=22428"}],"curies":[{"name":"wp","href":"https:\/\/api.w.org\/{rel}","templated":true}]}}