{"id":22677,"date":"2023-11-16T14:26:28","date_gmt":"2023-11-16T13:26:28","guid":{"rendered":"https:\/\/www.mitawatertechnologies.com\/?page_id=22677"},"modified":"2023-11-16T14:26:28","modified_gmt":"2023-11-16T13:26:28","slug":"inbetriebnahme-pruefung-und-schulung","status":"publish","type":"page","link":"https:\/\/mitawt.mentine.work\/de\/dienstleistungen-und-unterstuetzung\/inbetriebnahme-pruefung-und-schulung\/","title":{"rendered":"Inbetriebnahme, Pr\u00fcfung und Schulung"},"content":{"rendered":"","protected":false},"excerpt":{"rendered":"","protected":false},"author":11,"featured_media":22642,"parent":22599,"menu_order":52,"comment_status":"closed","ping_status":"closed","template":"","meta":{"_acf_changed":false,"inline_featured_image":false,"footnotes":""},"class_list":["post-22677","page","type-page","status-publish","has-post-thumbnail","hentry"],"acf":[],"yoast_head":"<!-- This site is optimized with the Yoast SEO plugin v26.9 - https:\/\/yoast.com\/product\/yoast-seo-wordpress\/ -->\n<title>Inbetriebnahme, Pr\u00fcfung und Schulung - MITA Water Technologies<\/title>\n<meta name=\"description\" content=\"MITA Water Technologies kann sowohl Personal f\u00fcr die Inbetriebnahme und Pr\u00fcfung seiner Anlagen als auch f\u00fcr die Schulung des Personals.\" \/>\n<meta name=\"robots\" content=\"noindex, follow, max-snippet:-1, max-image-preview:large, max-video-preview:-1\" \/>\n<meta property=\"og:locale\" content=\"de_DE\" \/>\n<meta property=\"og:type\" content=\"article\" \/>\n<meta property=\"og:title\" content=\"Inbetriebnahme, Pr\u00fcfung und Schulung - MITA Water Technologies\" \/>\n<meta property=\"og:description\" content=\"MITA Water Technologies kann sowohl Personal f\u00fcr die Inbetriebnahme und Pr\u00fcfung seiner Anlagen als auch f\u00fcr die Schulung des Personals.\" \/>\n<meta property=\"og:url\" content=\"https:\/\/mitawt.mentine.work\/de\/dienstleistungen-und-unterstuetzung\/inbetriebnahme-pruefung-und-schulung\/\" \/>\n<meta property=\"og:site_name\" content=\"MITA Water Technologies\" \/>\n<meta property=\"og:image\" content=\"https:\/\/mitawt.mentine.work\/wp-content\/uploads\/2023\/11\/Servizi-di-Avviamento-nel-Trattamento-Acque-Reflue.jpg\" \/>\n\t<meta property=\"og:image:width\" content=\"1920\" \/>\n\t<meta property=\"og:image:height\" content=\"1080\" \/>\n\t<meta property=\"og:image:type\" content=\"image\/jpeg\" \/>\n<meta name=\"twitter:card\" content=\"summary_large_image\" \/>\n<script type=\"application\/ld+json\" class=\"yoast-schema-graph\">{\"@context\":\"https:\/\/schema.org\",\"@graph\":[{\"@type\":\"WebPage\",\"@id\":\"https:\/\/mitawt.mentine.work\/de\/dienstleistungen-und-unterstuetzung\/inbetriebnahme-pruefung-und-schulung\/\",\"url\":\"https:\/\/mitawt.mentine.work\/de\/dienstleistungen-und-unterstuetzung\/inbetriebnahme-pruefung-und-schulung\/\",\"name\":\"Inbetriebnahme, Pr\u00fcfung und Schulung - MITA Water Technologies\",\"isPartOf\":{\"@id\":\"https:\/\/mitawt.mentine.work\/de\/#website\"},\"primaryImageOfPage\":{\"@id\":\"https:\/\/mitawt.mentine.work\/de\/dienstleistungen-und-unterstuetzung\/inbetriebnahme-pruefung-und-schulung\/#primaryimage\"},\"image\":{\"@id\":\"https:\/\/mitawt.mentine.work\/de\/dienstleistungen-und-unterstuetzung\/inbetriebnahme-pruefung-und-schulung\/#primaryimage\"},\"thumbnailUrl\":\"https:\/\/mitawt.mentine.work\/wp-content\/uploads\/2023\/11\/Servizi-di-Avviamento-nel-Trattamento-Acque-Reflue.jpg\",\"datePublished\":\"2023-11-16T13:26:28+00:00\",\"description\":\"MITA Water Technologies kann sowohl Personal f\u00fcr die Inbetriebnahme und Pr\u00fcfung seiner Anlagen als auch f\u00fcr die Schulung des Personals.\",\"breadcrumb\":{\"@id\":\"https:\/\/mitawt.mentine.work\/de\/dienstleistungen-und-unterstuetzung\/inbetriebnahme-pruefung-und-schulung\/#breadcrumb\"},\"inLanguage\":\"de-DE\",\"potentialAction\":[{\"@type\":\"ReadAction\",\"target\":[\"https:\/\/mitawt.mentine.work\/de\/dienstleistungen-und-unterstuetzung\/inbetriebnahme-pruefung-und-schulung\/\"]}]},{\"@type\":\"ImageObject\",\"inLanguage\":\"de-DE\",\"@id\":\"https:\/\/mitawt.mentine.work\/de\/dienstleistungen-und-unterstuetzung\/inbetriebnahme-pruefung-und-schulung\/#primaryimage\",\"url\":\"https:\/\/mitawt.mentine.work\/wp-content\/uploads\/2023\/11\/Servizi-di-Avviamento-nel-Trattamento-Acque-Reflue.jpg\",\"contentUrl\":\"https:\/\/mitawt.mentine.work\/wp-content\/uploads\/2023\/11\/Servizi-di-Avviamento-nel-Trattamento-Acque-Reflue.jpg\",\"width\":1920,\"height\":1080,\"caption\":\"Servizi di Avviamento nel Trattamento Acque Reflue\"},{\"@type\":\"BreadcrumbList\",\"@id\":\"https:\/\/mitawt.mentine.work\/de\/dienstleistungen-und-unterstuetzung\/inbetriebnahme-pruefung-und-schulung\/#breadcrumb\",\"itemListElement\":[{\"@type\":\"ListItem\",\"position\":1,\"name\":\"Home\",\"item\":\"https:\/\/mitawt.mentine.work\/de\/\"},{\"@type\":\"ListItem\",\"position\":2,\"name\":\"DIENSTLEISTUNGEN und UNTERST\u00dcTZUNG\",\"item\":\"https:\/\/mitawt.mentine.work\/de\/dienstleistungen-und-unterstuetzung\/\"},{\"@type\":\"ListItem\",\"position\":3,\"name\":\"Inbetriebnahme, Pr\u00fcfung und Schulung\"}]},{\"@type\":\"WebSite\",\"@id\":\"https:\/\/mitawt.mentine.work\/de\/#website\",\"url\":\"https:\/\/mitawt.mentine.work\/de\/\",\"name\":\"MITA Water Technologies\",\"description\":\"Il tuo progetto di refrigerazione industriale\",\"potentialAction\":[{\"@type\":\"SearchAction\",\"target\":{\"@type\":\"EntryPoint\",\"urlTemplate\":\"https:\/\/mitawt.mentine.work\/de\/?s={search_term_string}\"},\"query-input\":{\"@type\":\"PropertyValueSpecification\",\"valueRequired\":true,\"valueName\":\"search_term_string\"}}],\"inLanguage\":\"de-DE\"}]}<\/script>\n<!-- \/ Yoast SEO plugin. -->","yoast_head_json":{"title":"Inbetriebnahme, Pr\u00fcfung und Schulung - MITA Water Technologies","description":"MITA Water Technologies kann sowohl Personal f\u00fcr die Inbetriebnahme und Pr\u00fcfung seiner Anlagen als auch f\u00fcr die Schulung des Personals.","robots":{"index":"noindex","follow":"follow","max-snippet":"max-snippet:-1","max-image-preview":"max-image-preview:large","max-video-preview":"max-video-preview:-1"},"og_locale":"de_DE","og_type":"article","og_title":"Inbetriebnahme, Pr\u00fcfung und Schulung - MITA Water Technologies","og_description":"MITA Water Technologies kann sowohl Personal f\u00fcr die Inbetriebnahme und Pr\u00fcfung seiner Anlagen als auch f\u00fcr die Schulung des Personals.","og_url":"https:\/\/mitawt.mentine.work\/de\/dienstleistungen-und-unterstuetzung\/inbetriebnahme-pruefung-und-schulung\/","og_site_name":"MITA Water Technologies","og_image":[{"width":1920,"height":1080,"url":"https:\/\/mitawt.mentine.work\/wp-content\/uploads\/2023\/11\/Servizi-di-Avviamento-nel-Trattamento-Acque-Reflue.jpg","type":"image\/jpeg"}],"twitter_card":"summary_large_image","schema":{"@context":"https:\/\/schema.org","@graph":[{"@type":"WebPage","@id":"https:\/\/mitawt.mentine.work\/de\/dienstleistungen-und-unterstuetzung\/inbetriebnahme-pruefung-und-schulung\/","url":"https:\/\/mitawt.mentine.work\/de\/dienstleistungen-und-unterstuetzung\/inbetriebnahme-pruefung-und-schulung\/","name":"Inbetriebnahme, Pr\u00fcfung und Schulung - MITA Water Technologies","isPartOf":{"@id":"https:\/\/mitawt.mentine.work\/de\/#website"},"primaryImageOfPage":{"@id":"https:\/\/mitawt.mentine.work\/de\/dienstleistungen-und-unterstuetzung\/inbetriebnahme-pruefung-und-schulung\/#primaryimage"},"image":{"@id":"https:\/\/mitawt.mentine.work\/de\/dienstleistungen-und-unterstuetzung\/inbetriebnahme-pruefung-und-schulung\/#primaryimage"},"thumbnailUrl":"https:\/\/mitawt.mentine.work\/wp-content\/uploads\/2023\/11\/Servizi-di-Avviamento-nel-Trattamento-Acque-Reflue.jpg","datePublished":"2023-11-16T13:26:28+00:00","description":"MITA Water Technologies kann sowohl Personal f\u00fcr die Inbetriebnahme und Pr\u00fcfung seiner Anlagen als auch f\u00fcr die Schulung des Personals.","breadcrumb":{"@id":"https:\/\/mitawt.mentine.work\/de\/dienstleistungen-und-unterstuetzung\/inbetriebnahme-pruefung-und-schulung\/#breadcrumb"},"inLanguage":"de-DE","potentialAction":[{"@type":"ReadAction","target":["https:\/\/mitawt.mentine.work\/de\/dienstleistungen-und-unterstuetzung\/inbetriebnahme-pruefung-und-schulung\/"]}]},{"@type":"ImageObject","inLanguage":"de-DE","@id":"https:\/\/mitawt.mentine.work\/de\/dienstleistungen-und-unterstuetzung\/inbetriebnahme-pruefung-und-schulung\/#primaryimage","url":"https:\/\/mitawt.mentine.work\/wp-content\/uploads\/2023\/11\/Servizi-di-Avviamento-nel-Trattamento-Acque-Reflue.jpg","contentUrl":"https:\/\/mitawt.mentine.work\/wp-content\/uploads\/2023\/11\/Servizi-di-Avviamento-nel-Trattamento-Acque-Reflue.jpg","width":1920,"height":1080,"caption":"Servizi di Avviamento nel Trattamento Acque Reflue"},{"@type":"BreadcrumbList","@id":"https:\/\/mitawt.mentine.work\/de\/dienstleistungen-und-unterstuetzung\/inbetriebnahme-pruefung-und-schulung\/#breadcrumb","itemListElement":[{"@type":"ListItem","position":1,"name":"Home","item":"https:\/\/mitawt.mentine.work\/de\/"},{"@type":"ListItem","position":2,"name":"DIENSTLEISTUNGEN und UNTERST\u00dcTZUNG","item":"https:\/\/mitawt.mentine.work\/de\/dienstleistungen-und-unterstuetzung\/"},{"@type":"ListItem","position":3,"name":"Inbetriebnahme, Pr\u00fcfung und Schulung"}]},{"@type":"WebSite","@id":"https:\/\/mitawt.mentine.work\/de\/#website","url":"https:\/\/mitawt.mentine.work\/de\/","name":"MITA Water Technologies","description":"Il tuo progetto di refrigerazione industriale","potentialAction":[{"@type":"SearchAction","target":{"@type":"EntryPoint","urlTemplate":"https:\/\/mitawt.mentine.work\/de\/?s={search_term_string}"},"query-input":{"@type":"PropertyValueSpecification","valueRequired":true,"valueName":"search_term_string"}}],"inLanguage":"de-DE"}]}},"_links":{"self":[{"href":"https:\/\/mitawt.mentine.work\/de\/wp-json\/wp\/v2\/pages\/22677","targetHints":{"allow":["GET"]}}],"collection":[{"href":"https:\/\/mitawt.mentine.work\/de\/wp-json\/wp\/v2\/pages"}],"about":[{"href":"https:\/\/mitawt.mentine.work\/de\/wp-json\/wp\/v2\/types\/page"}],"author":[{"embeddable":true,"href":"https:\/\/mitawt.mentine.work\/de\/wp-json\/wp\/v2\/users\/11"}],"replies":[{"embeddable":true,"href":"https:\/\/mitawt.mentine.work\/de\/wp-json\/wp\/v2\/comments?post=22677"}],"version-history":[{"count":2,"href":"https:\/\/mitawt.mentine.work\/de\/wp-json\/wp\/v2\/pages\/22677\/revisions"}],"predecessor-version":[{"id":22686,"href":"https:\/\/mitawt.mentine.work\/de\/wp-json\/wp\/v2\/pages\/22677\/revisions\/22686"}],"up":[{"embeddable":true,"href":"https:\/\/mitawt.mentine.work\/de\/wp-json\/wp\/v2\/pages\/22599"}],"wp:featuredmedia":[{"embeddable":true,"href":"https:\/\/mitawt.mentine.work\/de\/wp-json\/wp\/v2\/media\/22642"}],"wp:attachment":[{"href":"https:\/\/mitawt.mentine.work\/de\/wp-json\/wp\/v2\/media?parent=22677"}],"curies":[{"name":"wp","href":"https:\/\/api.w.org\/{rel}","templated":true}]}}