{"id":23710,"date":"2023-12-06T15:44:17","date_gmt":"2023-12-06T14:44:17","guid":{"rendered":"https:\/\/www.mitawatertechnologies.com\/ziele\/reutilisation-des-eaux-usees-municipales\/"},"modified":"2025-05-29T15:22:18","modified_gmt":"2025-05-29T13:22:18","slug":"wiederverwendung-von-kommunalem-abwasser","status":"publish","type":"page","link":"https:\/\/mitawt.mentine.work\/de\/ziele\/wiederverwendung-von-kommunalem-abwasser\/","title":{"rendered":"Wiederverwendung von kommunalem Abwasser"},"content":{"rendered":"","protected":false},"excerpt":{"rendered":"","protected":false},"author":11,"featured_media":23681,"parent":23660,"menu_order":182,"comment_status":"closed","ping_status":"closed","template":"","meta":{"_acf_changed":false,"inline_featured_image":false,"footnotes":""},"class_list":["post-23710","page","type-page","status-publish","has-post-thumbnail","hentry"],"acf":[],"yoast_head":"<!-- This site is optimized with the Yoast SEO plugin v26.9 - https:\/\/yoast.com\/product\/yoast-seo-wordpress\/ -->\n<title>Wiederverwendung von Zivilen Abw\u00e4ssern - MITA Water Technologies<\/title>\n<meta name=\"description\" content=\"Wiederverwendung kommunaler Abw\u00e4sser: Welche Technologien? Abwasserwiederverwendung: Vorschriften und Behandlungen im \u00f6ffentlichen Sektor.\" \/>\n<meta name=\"robots\" content=\"noindex, follow, max-snippet:-1, max-image-preview:large, max-video-preview:-1\" \/>\n<meta property=\"og:locale\" content=\"de_DE\" \/>\n<meta property=\"og:type\" content=\"article\" \/>\n<meta property=\"og:title\" content=\"Wiederverwendung von Zivilen Abw\u00e4ssern - MITA Water Technologies\" \/>\n<meta property=\"og:description\" content=\"Wiederverwendung kommunaler Abw\u00e4sser: Welche Technologien? Abwasserwiederverwendung: Vorschriften und Behandlungen im \u00f6ffentlichen Sektor.\" \/>\n<meta property=\"og:url\" content=\"https:\/\/mitawt.mentine.work\/de\/ziele\/wiederverwendung-von-kommunalem-abwasser\/\" \/>\n<meta property=\"og:site_name\" content=\"MITA Water Technologies\" \/>\n<meta property=\"article:modified_time\" content=\"2025-05-29T13:22:18+00:00\" \/>\n<meta property=\"og:image\" content=\"https:\/\/mitawt.mentine.work\/wp-content\/uploads\/2023\/12\/Riutilizzo-Acque-Reflue-Civili.jpg\" \/>\n\t<meta property=\"og:image:width\" content=\"1920\" \/>\n\t<meta property=\"og:image:height\" content=\"1080\" \/>\n\t<meta property=\"og:image:type\" content=\"image\/jpeg\" \/>\n<meta name=\"twitter:card\" content=\"summary_large_image\" \/>\n<meta name=\"twitter:label1\" content=\"Gesch\u00e4tzte Lesezeit\" \/>\n\t<meta name=\"twitter:data1\" content=\"1 Minute\" \/>\n<script type=\"application\/ld+json\" class=\"yoast-schema-graph\">{\"@context\":\"https:\/\/schema.org\",\"@graph\":[{\"@type\":\"WebPage\",\"@id\":\"https:\/\/mitawt.mentine.work\/de\/ziele\/wiederverwendung-von-kommunalem-abwasser\/\",\"url\":\"https:\/\/mitawt.mentine.work\/de\/ziele\/wiederverwendung-von-kommunalem-abwasser\/\",\"name\":\"Wiederverwendung von Zivilen Abw\u00e4ssern - MITA Water Technologies\",\"isPartOf\":{\"@id\":\"https:\/\/mitawt.mentine.work\/de\/#website\"},\"primaryImageOfPage\":{\"@id\":\"https:\/\/mitawt.mentine.work\/de\/ziele\/wiederverwendung-von-kommunalem-abwasser\/#primaryimage\"},\"image\":{\"@id\":\"https:\/\/mitawt.mentine.work\/de\/ziele\/wiederverwendung-von-kommunalem-abwasser\/#primaryimage\"},\"thumbnailUrl\":\"https:\/\/mitawt.mentine.work\/wp-content\/uploads\/2023\/12\/Riutilizzo-Acque-Reflue-Civili.jpg\",\"datePublished\":\"2023-12-06T14:44:17+00:00\",\"dateModified\":\"2025-05-29T13:22:18+00:00\",\"description\":\"Wiederverwendung kommunaler Abw\u00e4sser: Welche Technologien? Abwasserwiederverwendung: Vorschriften und Behandlungen im \u00f6ffentlichen Sektor.\",\"breadcrumb\":{\"@id\":\"https:\/\/mitawt.mentine.work\/de\/ziele\/wiederverwendung-von-kommunalem-abwasser\/#breadcrumb\"},\"inLanguage\":\"de-DE\",\"potentialAction\":[{\"@type\":\"ReadAction\",\"target\":[\"https:\/\/mitawt.mentine.work\/de\/ziele\/wiederverwendung-von-kommunalem-abwasser\/\"]}]},{\"@type\":\"ImageObject\",\"inLanguage\":\"de-DE\",\"@id\":\"https:\/\/mitawt.mentine.work\/de\/ziele\/wiederverwendung-von-kommunalem-abwasser\/#primaryimage\",\"url\":\"https:\/\/mitawt.mentine.work\/wp-content\/uploads\/2023\/12\/Riutilizzo-Acque-Reflue-Civili.jpg\",\"contentUrl\":\"https:\/\/mitawt.mentine.work\/wp-content\/uploads\/2023\/12\/Riutilizzo-Acque-Reflue-Civili.jpg\",\"width\":1920,\"height\":1080,\"caption\":\"Riutilizzo Acque Reflue Civili\"},{\"@type\":\"BreadcrumbList\",\"@id\":\"https:\/\/mitawt.mentine.work\/de\/ziele\/wiederverwendung-von-kommunalem-abwasser\/#breadcrumb\",\"itemListElement\":[{\"@type\":\"ListItem\",\"position\":1,\"name\":\"Home\",\"item\":\"https:\/\/mitawt.mentine.work\/de\/\"},{\"@type\":\"ListItem\",\"position\":2,\"name\":\"Ziele\",\"item\":\"https:\/\/mitawt.mentine.work\/de\/ziele\/\"},{\"@type\":\"ListItem\",\"position\":3,\"name\":\"Wiederverwendung von kommunalem Abwasser\"}]},{\"@type\":\"WebSite\",\"@id\":\"https:\/\/mitawt.mentine.work\/de\/#website\",\"url\":\"https:\/\/mitawt.mentine.work\/de\/\",\"name\":\"MITA Water Technologies\",\"description\":\"Il tuo progetto di refrigerazione industriale\",\"potentialAction\":[{\"@type\":\"SearchAction\",\"target\":{\"@type\":\"EntryPoint\",\"urlTemplate\":\"https:\/\/mitawt.mentine.work\/de\/?s={search_term_string}\"},\"query-input\":{\"@type\":\"PropertyValueSpecification\",\"valueRequired\":true,\"valueName\":\"search_term_string\"}}],\"inLanguage\":\"de-DE\"}]}<\/script>\n<!-- \/ Yoast SEO plugin. -->","yoast_head_json":{"title":"Wiederverwendung von Zivilen Abw\u00e4ssern - MITA Water Technologies","description":"Wiederverwendung kommunaler Abw\u00e4sser: Welche Technologien? Abwasserwiederverwendung: Vorschriften und Behandlungen im \u00f6ffentlichen Sektor.","robots":{"index":"noindex","follow":"follow","max-snippet":"max-snippet:-1","max-image-preview":"max-image-preview:large","max-video-preview":"max-video-preview:-1"},"og_locale":"de_DE","og_type":"article","og_title":"Wiederverwendung von Zivilen Abw\u00e4ssern - MITA Water Technologies","og_description":"Wiederverwendung kommunaler Abw\u00e4sser: Welche Technologien? Abwasserwiederverwendung: Vorschriften und Behandlungen im \u00f6ffentlichen Sektor.","og_url":"https:\/\/mitawt.mentine.work\/de\/ziele\/wiederverwendung-von-kommunalem-abwasser\/","og_site_name":"MITA Water Technologies","article_modified_time":"2025-05-29T13:22:18+00:00","og_image":[{"width":1920,"height":1080,"url":"https:\/\/mitawt.mentine.work\/wp-content\/uploads\/2023\/12\/Riutilizzo-Acque-Reflue-Civili.jpg","type":"image\/jpeg"}],"twitter_card":"summary_large_image","twitter_misc":{"Gesch\u00e4tzte Lesezeit":"1 Minute"},"schema":{"@context":"https:\/\/schema.org","@graph":[{"@type":"WebPage","@id":"https:\/\/mitawt.mentine.work\/de\/ziele\/wiederverwendung-von-kommunalem-abwasser\/","url":"https:\/\/mitawt.mentine.work\/de\/ziele\/wiederverwendung-von-kommunalem-abwasser\/","name":"Wiederverwendung von Zivilen Abw\u00e4ssern - MITA Water Technologies","isPartOf":{"@id":"https:\/\/mitawt.mentine.work\/de\/#website"},"primaryImageOfPage":{"@id":"https:\/\/mitawt.mentine.work\/de\/ziele\/wiederverwendung-von-kommunalem-abwasser\/#primaryimage"},"image":{"@id":"https:\/\/mitawt.mentine.work\/de\/ziele\/wiederverwendung-von-kommunalem-abwasser\/#primaryimage"},"thumbnailUrl":"https:\/\/mitawt.mentine.work\/wp-content\/uploads\/2023\/12\/Riutilizzo-Acque-Reflue-Civili.jpg","datePublished":"2023-12-06T14:44:17+00:00","dateModified":"2025-05-29T13:22:18+00:00","description":"Wiederverwendung kommunaler Abw\u00e4sser: Welche Technologien? Abwasserwiederverwendung: Vorschriften und Behandlungen im \u00f6ffentlichen Sektor.","breadcrumb":{"@id":"https:\/\/mitawt.mentine.work\/de\/ziele\/wiederverwendung-von-kommunalem-abwasser\/#breadcrumb"},"inLanguage":"de-DE","potentialAction":[{"@type":"ReadAction","target":["https:\/\/mitawt.mentine.work\/de\/ziele\/wiederverwendung-von-kommunalem-abwasser\/"]}]},{"@type":"ImageObject","inLanguage":"de-DE","@id":"https:\/\/mitawt.mentine.work\/de\/ziele\/wiederverwendung-von-kommunalem-abwasser\/#primaryimage","url":"https:\/\/mitawt.mentine.work\/wp-content\/uploads\/2023\/12\/Riutilizzo-Acque-Reflue-Civili.jpg","contentUrl":"https:\/\/mitawt.mentine.work\/wp-content\/uploads\/2023\/12\/Riutilizzo-Acque-Reflue-Civili.jpg","width":1920,"height":1080,"caption":"Riutilizzo Acque Reflue Civili"},{"@type":"BreadcrumbList","@id":"https:\/\/mitawt.mentine.work\/de\/ziele\/wiederverwendung-von-kommunalem-abwasser\/#breadcrumb","itemListElement":[{"@type":"ListItem","position":1,"name":"Home","item":"https:\/\/mitawt.mentine.work\/de\/"},{"@type":"ListItem","position":2,"name":"Ziele","item":"https:\/\/mitawt.mentine.work\/de\/ziele\/"},{"@type":"ListItem","position":3,"name":"Wiederverwendung von kommunalem Abwasser"}]},{"@type":"WebSite","@id":"https:\/\/mitawt.mentine.work\/de\/#website","url":"https:\/\/mitawt.mentine.work\/de\/","name":"MITA Water Technologies","description":"Il tuo progetto di refrigerazione industriale","potentialAction":[{"@type":"SearchAction","target":{"@type":"EntryPoint","urlTemplate":"https:\/\/mitawt.mentine.work\/de\/?s={search_term_string}"},"query-input":{"@type":"PropertyValueSpecification","valueRequired":true,"valueName":"search_term_string"}}],"inLanguage":"de-DE"}]}},"_links":{"self":[{"href":"https:\/\/mitawt.mentine.work\/de\/wp-json\/wp\/v2\/pages\/23710","targetHints":{"allow":["GET"]}}],"collection":[{"href":"https:\/\/mitawt.mentine.work\/de\/wp-json\/wp\/v2\/pages"}],"about":[{"href":"https:\/\/mitawt.mentine.work\/de\/wp-json\/wp\/v2\/types\/page"}],"author":[{"embeddable":true,"href":"https:\/\/mitawt.mentine.work\/de\/wp-json\/wp\/v2\/users\/11"}],"replies":[{"embeddable":true,"href":"https:\/\/mitawt.mentine.work\/de\/wp-json\/wp\/v2\/comments?post=23710"}],"version-history":[{"count":7,"href":"https:\/\/mitawt.mentine.work\/de\/wp-json\/wp\/v2\/pages\/23710\/revisions"}],"predecessor-version":[{"id":96108,"href":"https:\/\/mitawt.mentine.work\/de\/wp-json\/wp\/v2\/pages\/23710\/revisions\/96108"}],"up":[{"embeddable":true,"href":"https:\/\/mitawt.mentine.work\/de\/wp-json\/wp\/v2\/pages\/23660"}],"wp:featuredmedia":[{"embeddable":true,"href":"https:\/\/mitawt.mentine.work\/de\/wp-json\/wp\/v2\/media\/23681"}],"wp:attachment":[{"href":"https:\/\/mitawt.mentine.work\/de\/wp-json\/wp\/v2\/media?parent=23710"}],"curies":[{"name":"wp","href":"https:\/\/api.w.org\/{rel}","templated":true}]}}