{"id":30711,"date":"2024-06-12T10:21:51","date_gmt":"2024-06-12T08:21:51","guid":{"rendered":"https:\/\/www.mitawatertechnologies.com\/?page_id=30711"},"modified":"2024-09-17T13:36:51","modified_gmt":"2024-09-17T11:36:51","slug":"loesungen-fuer-industriegeneralunternehmen","status":"publish","type":"page","link":"https:\/\/mitawt.mentine.work\/de\/loesungen\/loesungen-fuer-industriegeneralunternehmen\/","title":{"rendered":"Industrieunternehmen"},"content":{"rendered":"","protected":false},"excerpt":{"rendered":"","protected":false},"author":11,"featured_media":30457,"parent":30285,"menu_order":151,"comment_status":"closed","ping_status":"closed","template":"","meta":{"_acf_changed":false,"inline_featured_image":false,"footnotes":""},"class_list":["post-30711","page","type-page","status-publish","has-post-thumbnail","hentry"],"acf":[],"yoast_head":"<!-- This site is optimized with the Yoast SEO plugin v26.9 - https:\/\/yoast.com\/product\/yoast-seo-wordpress\/ -->\n<title>Abwasseraufbereitung f\u00fcr Industrieunternehmen - MITA Water Technologies<\/title>\n<meta name=\"description\" content=\"MITA unterst\u00fctzt diese Fachleute mit benutzerfreundlichen und kosteng\u00fcnstigen L\u00f6sungen \u00fcber den gesamten Produktzyklus hinweg.\" \/>\n<meta name=\"robots\" content=\"noindex, follow, max-snippet:-1, max-image-preview:large, max-video-preview:-1\" \/>\n<meta property=\"og:locale\" content=\"de_DE\" \/>\n<meta property=\"og:type\" content=\"article\" \/>\n<meta property=\"og:title\" content=\"Abwasseraufbereitung f\u00fcr Industrieunternehmen - MITA Water Technologies\" \/>\n<meta property=\"og:description\" content=\"MITA unterst\u00fctzt diese Fachleute mit benutzerfreundlichen und kosteng\u00fcnstigen L\u00f6sungen \u00fcber den gesamten Produktzyklus hinweg.\" \/>\n<meta property=\"og:url\" content=\"https:\/\/mitawt.mentine.work\/de\/loesungen\/loesungen-fuer-industriegeneralunternehmen\/\" \/>\n<meta property=\"og:site_name\" content=\"MITA Water Technologies\" \/>\n<meta property=\"article:modified_time\" content=\"2024-09-17T11:36:51+00:00\" \/>\n<meta property=\"og:image\" content=\"https:\/\/mitawt.mentine.work\/wp-content\/uploads\/2024\/06\/Contractor-Ambito-Industriale-nel-Trattamento-Acque-Reflue.jpg\" \/>\n\t<meta property=\"og:image:width\" content=\"1920\" \/>\n\t<meta property=\"og:image:height\" content=\"1080\" \/>\n\t<meta property=\"og:image:type\" content=\"image\/jpeg\" \/>\n<meta name=\"twitter:card\" content=\"summary_large_image\" \/>\n<script type=\"application\/ld+json\" class=\"yoast-schema-graph\">{\"@context\":\"https:\/\/schema.org\",\"@graph\":[{\"@type\":\"WebPage\",\"@id\":\"https:\/\/mitawt.mentine.work\/de\/loesungen\/loesungen-fuer-industriegeneralunternehmen\/\",\"url\":\"https:\/\/mitawt.mentine.work\/de\/loesungen\/loesungen-fuer-industriegeneralunternehmen\/\",\"name\":\"Abwasseraufbereitung f\u00fcr Industrieunternehmen - MITA Water Technologies\",\"isPartOf\":{\"@id\":\"https:\/\/mitawt.mentine.work\/de\/#website\"},\"primaryImageOfPage\":{\"@id\":\"https:\/\/mitawt.mentine.work\/de\/loesungen\/loesungen-fuer-industriegeneralunternehmen\/#primaryimage\"},\"image\":{\"@id\":\"https:\/\/mitawt.mentine.work\/de\/loesungen\/loesungen-fuer-industriegeneralunternehmen\/#primaryimage\"},\"thumbnailUrl\":\"https:\/\/mitawt.mentine.work\/wp-content\/uploads\/2024\/06\/Contractor-Ambito-Industriale-nel-Trattamento-Acque-Reflue.jpg\",\"datePublished\":\"2024-06-12T08:21:51+00:00\",\"dateModified\":\"2024-09-17T11:36:51+00:00\",\"description\":\"MITA unterst\u00fctzt diese Fachleute mit benutzerfreundlichen und kosteng\u00fcnstigen L\u00f6sungen \u00fcber den gesamten Produktzyklus hinweg.\",\"breadcrumb\":{\"@id\":\"https:\/\/mitawt.mentine.work\/de\/loesungen\/loesungen-fuer-industriegeneralunternehmen\/#breadcrumb\"},\"inLanguage\":\"de-DE\",\"potentialAction\":[{\"@type\":\"ReadAction\",\"target\":[\"https:\/\/mitawt.mentine.work\/de\/loesungen\/loesungen-fuer-industriegeneralunternehmen\/\"]}]},{\"@type\":\"ImageObject\",\"inLanguage\":\"de-DE\",\"@id\":\"https:\/\/mitawt.mentine.work\/de\/loesungen\/loesungen-fuer-industriegeneralunternehmen\/#primaryimage\",\"url\":\"https:\/\/mitawt.mentine.work\/wp-content\/uploads\/2024\/06\/Contractor-Ambito-Industriale-nel-Trattamento-Acque-Reflue.jpg\",\"contentUrl\":\"https:\/\/mitawt.mentine.work\/wp-content\/uploads\/2024\/06\/Contractor-Ambito-Industriale-nel-Trattamento-Acque-Reflue.jpg\",\"width\":1920,\"height\":1080,\"caption\":\"Contractor Ambito Industriale nel Trattamento Acque Reflue\"},{\"@type\":\"BreadcrumbList\",\"@id\":\"https:\/\/mitawt.mentine.work\/de\/loesungen\/loesungen-fuer-industriegeneralunternehmen\/#breadcrumb\",\"itemListElement\":[{\"@type\":\"ListItem\",\"position\":1,\"name\":\"Home\",\"item\":\"https:\/\/mitawt.mentine.work\/de\/\"},{\"@type\":\"ListItem\",\"position\":2,\"name\":\"Gespr\u00e4chspartner\",\"item\":\"https:\/\/mitawt.mentine.work\/de\/loesungen\/\"},{\"@type\":\"ListItem\",\"position\":3,\"name\":\"Industrieunternehmen\"}]},{\"@type\":\"WebSite\",\"@id\":\"https:\/\/mitawt.mentine.work\/de\/#website\",\"url\":\"https:\/\/mitawt.mentine.work\/de\/\",\"name\":\"MITA Water Technologies\",\"description\":\"Il tuo progetto di refrigerazione industriale\",\"potentialAction\":[{\"@type\":\"SearchAction\",\"target\":{\"@type\":\"EntryPoint\",\"urlTemplate\":\"https:\/\/mitawt.mentine.work\/de\/?s={search_term_string}\"},\"query-input\":{\"@type\":\"PropertyValueSpecification\",\"valueRequired\":true,\"valueName\":\"search_term_string\"}}],\"inLanguage\":\"de-DE\"}]}<\/script>\n<!-- \/ Yoast SEO plugin. -->","yoast_head_json":{"title":"Abwasseraufbereitung f\u00fcr Industrieunternehmen - MITA Water Technologies","description":"MITA unterst\u00fctzt diese Fachleute mit benutzerfreundlichen und kosteng\u00fcnstigen L\u00f6sungen \u00fcber den gesamten Produktzyklus hinweg.","robots":{"index":"noindex","follow":"follow","max-snippet":"max-snippet:-1","max-image-preview":"max-image-preview:large","max-video-preview":"max-video-preview:-1"},"og_locale":"de_DE","og_type":"article","og_title":"Abwasseraufbereitung f\u00fcr Industrieunternehmen - MITA Water Technologies","og_description":"MITA unterst\u00fctzt diese Fachleute mit benutzerfreundlichen und kosteng\u00fcnstigen L\u00f6sungen \u00fcber den gesamten Produktzyklus hinweg.","og_url":"https:\/\/mitawt.mentine.work\/de\/loesungen\/loesungen-fuer-industriegeneralunternehmen\/","og_site_name":"MITA Water Technologies","article_modified_time":"2024-09-17T11:36:51+00:00","og_image":[{"width":1920,"height":1080,"url":"https:\/\/mitawt.mentine.work\/wp-content\/uploads\/2024\/06\/Contractor-Ambito-Industriale-nel-Trattamento-Acque-Reflue.jpg","type":"image\/jpeg"}],"twitter_card":"summary_large_image","schema":{"@context":"https:\/\/schema.org","@graph":[{"@type":"WebPage","@id":"https:\/\/mitawt.mentine.work\/de\/loesungen\/loesungen-fuer-industriegeneralunternehmen\/","url":"https:\/\/mitawt.mentine.work\/de\/loesungen\/loesungen-fuer-industriegeneralunternehmen\/","name":"Abwasseraufbereitung f\u00fcr Industrieunternehmen - MITA Water Technologies","isPartOf":{"@id":"https:\/\/mitawt.mentine.work\/de\/#website"},"primaryImageOfPage":{"@id":"https:\/\/mitawt.mentine.work\/de\/loesungen\/loesungen-fuer-industriegeneralunternehmen\/#primaryimage"},"image":{"@id":"https:\/\/mitawt.mentine.work\/de\/loesungen\/loesungen-fuer-industriegeneralunternehmen\/#primaryimage"},"thumbnailUrl":"https:\/\/mitawt.mentine.work\/wp-content\/uploads\/2024\/06\/Contractor-Ambito-Industriale-nel-Trattamento-Acque-Reflue.jpg","datePublished":"2024-06-12T08:21:51+00:00","dateModified":"2024-09-17T11:36:51+00:00","description":"MITA unterst\u00fctzt diese Fachleute mit benutzerfreundlichen und kosteng\u00fcnstigen L\u00f6sungen \u00fcber den gesamten Produktzyklus hinweg.","breadcrumb":{"@id":"https:\/\/mitawt.mentine.work\/de\/loesungen\/loesungen-fuer-industriegeneralunternehmen\/#breadcrumb"},"inLanguage":"de-DE","potentialAction":[{"@type":"ReadAction","target":["https:\/\/mitawt.mentine.work\/de\/loesungen\/loesungen-fuer-industriegeneralunternehmen\/"]}]},{"@type":"ImageObject","inLanguage":"de-DE","@id":"https:\/\/mitawt.mentine.work\/de\/loesungen\/loesungen-fuer-industriegeneralunternehmen\/#primaryimage","url":"https:\/\/mitawt.mentine.work\/wp-content\/uploads\/2024\/06\/Contractor-Ambito-Industriale-nel-Trattamento-Acque-Reflue.jpg","contentUrl":"https:\/\/mitawt.mentine.work\/wp-content\/uploads\/2024\/06\/Contractor-Ambito-Industriale-nel-Trattamento-Acque-Reflue.jpg","width":1920,"height":1080,"caption":"Contractor Ambito Industriale nel Trattamento Acque Reflue"},{"@type":"BreadcrumbList","@id":"https:\/\/mitawt.mentine.work\/de\/loesungen\/loesungen-fuer-industriegeneralunternehmen\/#breadcrumb","itemListElement":[{"@type":"ListItem","position":1,"name":"Home","item":"https:\/\/mitawt.mentine.work\/de\/"},{"@type":"ListItem","position":2,"name":"Gespr\u00e4chspartner","item":"https:\/\/mitawt.mentine.work\/de\/loesungen\/"},{"@type":"ListItem","position":3,"name":"Industrieunternehmen"}]},{"@type":"WebSite","@id":"https:\/\/mitawt.mentine.work\/de\/#website","url":"https:\/\/mitawt.mentine.work\/de\/","name":"MITA Water Technologies","description":"Il tuo progetto di refrigerazione industriale","potentialAction":[{"@type":"SearchAction","target":{"@type":"EntryPoint","urlTemplate":"https:\/\/mitawt.mentine.work\/de\/?s={search_term_string}"},"query-input":{"@type":"PropertyValueSpecification","valueRequired":true,"valueName":"search_term_string"}}],"inLanguage":"de-DE"}]}},"_links":{"self":[{"href":"https:\/\/mitawt.mentine.work\/de\/wp-json\/wp\/v2\/pages\/30711","targetHints":{"allow":["GET"]}}],"collection":[{"href":"https:\/\/mitawt.mentine.work\/de\/wp-json\/wp\/v2\/pages"}],"about":[{"href":"https:\/\/mitawt.mentine.work\/de\/wp-json\/wp\/v2\/types\/page"}],"author":[{"embeddable":true,"href":"https:\/\/mitawt.mentine.work\/de\/wp-json\/wp\/v2\/users\/11"}],"replies":[{"embeddable":true,"href":"https:\/\/mitawt.mentine.work\/de\/wp-json\/wp\/v2\/comments?post=30711"}],"version-history":[{"count":7,"href":"https:\/\/mitawt.mentine.work\/de\/wp-json\/wp\/v2\/pages\/30711\/revisions"}],"predecessor-version":[{"id":37413,"href":"https:\/\/mitawt.mentine.work\/de\/wp-json\/wp\/v2\/pages\/30711\/revisions\/37413"}],"up":[{"embeddable":true,"href":"https:\/\/mitawt.mentine.work\/de\/wp-json\/wp\/v2\/pages\/30285"}],"wp:featuredmedia":[{"embeddable":true,"href":"https:\/\/mitawt.mentine.work\/de\/wp-json\/wp\/v2\/media\/30457"}],"wp:attachment":[{"href":"https:\/\/mitawt.mentine.work\/de\/wp-json\/wp\/v2\/media?parent=30711"}],"curies":[{"name":"wp","href":"https:\/\/api.w.org\/{rel}","templated":true}]}}