{"id":22199,"date":"2021-02-25T16:29:00","date_gmt":"2021-02-25T15:29:00","guid":{"rendered":"https:\/\/www.mitawatertechnologies.com\/privacy-policy\/"},"modified":"2024-09-09T15:56:20","modified_gmt":"2024-09-09T13:56:20","slug":"politica-de-privacidad","status":"publish","type":"page","link":"https:\/\/mitawt.mentine.work\/es\/politica-de-privacidad\/","title":{"rendered":"Pol\u00edtica de privacidad"},"content":{"rendered":"","protected":false},"excerpt":{"rendered":"","protected":false},"author":1,"featured_media":0,"parent":0,"menu_order":279,"comment_status":"closed","ping_status":"closed","template":"","meta":{"_acf_changed":false,"inline_featured_image":false,"footnotes":""},"class_list":["post-22199","page","type-page","status-publish","hentry"],"acf":[],"yoast_head":"<!-- This site is optimized with the Yoast SEO plugin v26.9 - https:\/\/yoast.com\/product\/yoast-seo-wordpress\/ -->\n<title>Pol\u00edtica de privacidad - MITA Water Technologies<\/title>\n<meta name=\"description\" content=\"En esta p\u00e1gina explicamos c\u00f3mo procesamos sus datos personales a trav\u00e9s de este sitio web, de conformidad con el Reglamento (UE) 2016\/679 (GDPR).\" \/>\n<meta name=\"robots\" content=\"noindex, follow, max-snippet:-1, max-image-preview:large, max-video-preview:-1\" \/>\n<meta property=\"og:locale\" content=\"es_ES\" \/>\n<meta property=\"og:type\" content=\"article\" \/>\n<meta property=\"og:title\" content=\"Pol\u00edtica de privacidad - MITA Water Technologies\" \/>\n<meta property=\"og:description\" content=\"En esta p\u00e1gina explicamos c\u00f3mo procesamos sus datos personales a trav\u00e9s de este sitio web, de conformidad con el Reglamento (UE) 2016\/679 (GDPR).\" \/>\n<meta property=\"og:url\" content=\"https:\/\/mitawt.mentine.work\/es\/politica-de-privacidad\/\" \/>\n<meta property=\"og:site_name\" content=\"MITA Water Technologies\" \/>\n<meta property=\"article:modified_time\" content=\"2024-09-09T13:56:20+00:00\" \/>\n<meta name=\"twitter:card\" content=\"summary_large_image\" \/>\n<script type=\"application\/ld+json\" class=\"yoast-schema-graph\">{\"@context\":\"https:\/\/schema.org\",\"@graph\":[{\"@type\":\"WebPage\",\"@id\":\"https:\/\/mitawt.mentine.work\/es\/politica-de-privacidad\/\",\"url\":\"https:\/\/mitawt.mentine.work\/es\/politica-de-privacidad\/\",\"name\":\"Pol\u00edtica de privacidad - MITA Water Technologies\",\"isPartOf\":{\"@id\":\"https:\/\/mitawt.mentine.work\/es\/#website\"},\"datePublished\":\"2021-02-25T15:29:00+00:00\",\"dateModified\":\"2024-09-09T13:56:20+00:00\",\"description\":\"En esta p\u00e1gina explicamos c\u00f3mo procesamos sus datos personales a trav\u00e9s de este sitio web, de conformidad con el Reglamento (UE) 2016\/679 (GDPR).\",\"breadcrumb\":{\"@id\":\"https:\/\/mitawt.mentine.work\/es\/politica-de-privacidad\/#breadcrumb\"},\"inLanguage\":\"es-ES\",\"potentialAction\":[{\"@type\":\"ReadAction\",\"target\":[\"https:\/\/mitawt.mentine.work\/es\/politica-de-privacidad\/\"]}]},{\"@type\":\"BreadcrumbList\",\"@id\":\"https:\/\/mitawt.mentine.work\/es\/politica-de-privacidad\/#breadcrumb\",\"itemListElement\":[{\"@type\":\"ListItem\",\"position\":1,\"name\":\"Home\",\"item\":\"https:\/\/mitawt.mentine.work\/es\/\"},{\"@type\":\"ListItem\",\"position\":2,\"name\":\"Pol\u00edtica de privacidad\"}]},{\"@type\":\"WebSite\",\"@id\":\"https:\/\/mitawt.mentine.work\/es\/#website\",\"url\":\"https:\/\/mitawt.mentine.work\/es\/\",\"name\":\"MITA Water Technologies\",\"description\":\"Il tuo progetto di refrigerazione industriale\",\"potentialAction\":[{\"@type\":\"SearchAction\",\"target\":{\"@type\":\"EntryPoint\",\"urlTemplate\":\"https:\/\/mitawt.mentine.work\/es\/?s={search_term_string}\"},\"query-input\":{\"@type\":\"PropertyValueSpecification\",\"valueRequired\":true,\"valueName\":\"search_term_string\"}}],\"inLanguage\":\"es-ES\"}]}<\/script>\n<!-- \/ Yoast SEO plugin. -->","yoast_head_json":{"title":"Pol\u00edtica de privacidad - MITA Water Technologies","description":"En esta p\u00e1gina explicamos c\u00f3mo procesamos sus datos personales a trav\u00e9s de este sitio web, de conformidad con el Reglamento (UE) 2016\/679 (GDPR).","robots":{"index":"noindex","follow":"follow","max-snippet":"max-snippet:-1","max-image-preview":"max-image-preview:large","max-video-preview":"max-video-preview:-1"},"og_locale":"es_ES","og_type":"article","og_title":"Pol\u00edtica de privacidad - MITA Water Technologies","og_description":"En esta p\u00e1gina explicamos c\u00f3mo procesamos sus datos personales a trav\u00e9s de este sitio web, de conformidad con el Reglamento (UE) 2016\/679 (GDPR).","og_url":"https:\/\/mitawt.mentine.work\/es\/politica-de-privacidad\/","og_site_name":"MITA Water Technologies","article_modified_time":"2024-09-09T13:56:20+00:00","twitter_card":"summary_large_image","schema":{"@context":"https:\/\/schema.org","@graph":[{"@type":"WebPage","@id":"https:\/\/mitawt.mentine.work\/es\/politica-de-privacidad\/","url":"https:\/\/mitawt.mentine.work\/es\/politica-de-privacidad\/","name":"Pol\u00edtica de privacidad - MITA Water Technologies","isPartOf":{"@id":"https:\/\/mitawt.mentine.work\/es\/#website"},"datePublished":"2021-02-25T15:29:00+00:00","dateModified":"2024-09-09T13:56:20+00:00","description":"En esta p\u00e1gina explicamos c\u00f3mo procesamos sus datos personales a trav\u00e9s de este sitio web, de conformidad con el Reglamento (UE) 2016\/679 (GDPR).","breadcrumb":{"@id":"https:\/\/mitawt.mentine.work\/es\/politica-de-privacidad\/#breadcrumb"},"inLanguage":"es-ES","potentialAction":[{"@type":"ReadAction","target":["https:\/\/mitawt.mentine.work\/es\/politica-de-privacidad\/"]}]},{"@type":"BreadcrumbList","@id":"https:\/\/mitawt.mentine.work\/es\/politica-de-privacidad\/#breadcrumb","itemListElement":[{"@type":"ListItem","position":1,"name":"Home","item":"https:\/\/mitawt.mentine.work\/es\/"},{"@type":"ListItem","position":2,"name":"Pol\u00edtica de privacidad"}]},{"@type":"WebSite","@id":"https:\/\/mitawt.mentine.work\/es\/#website","url":"https:\/\/mitawt.mentine.work\/es\/","name":"MITA Water Technologies","description":"Il tuo progetto di refrigerazione industriale","potentialAction":[{"@type":"SearchAction","target":{"@type":"EntryPoint","urlTemplate":"https:\/\/mitawt.mentine.work\/es\/?s={search_term_string}"},"query-input":{"@type":"PropertyValueSpecification","valueRequired":true,"valueName":"search_term_string"}}],"inLanguage":"es-ES"}]}},"_links":{"self":[{"href":"https:\/\/mitawt.mentine.work\/es\/wp-json\/wp\/v2\/pages\/22199","targetHints":{"allow":["GET"]}}],"collection":[{"href":"https:\/\/mitawt.mentine.work\/es\/wp-json\/wp\/v2\/pages"}],"about":[{"href":"https:\/\/mitawt.mentine.work\/es\/wp-json\/wp\/v2\/types\/page"}],"author":[{"embeddable":true,"href":"https:\/\/mitawt.mentine.work\/es\/wp-json\/wp\/v2\/users\/1"}],"replies":[{"embeddable":true,"href":"https:\/\/mitawt.mentine.work\/es\/wp-json\/wp\/v2\/comments?post=22199"}],"version-history":[{"count":3,"href":"https:\/\/mitawt.mentine.work\/es\/wp-json\/wp\/v2\/pages\/22199\/revisions"}],"predecessor-version":[{"id":35953,"href":"https:\/\/mitawt.mentine.work\/es\/wp-json\/wp\/v2\/pages\/22199\/revisions\/35953"}],"wp:attachment":[{"href":"https:\/\/mitawt.mentine.work\/es\/wp-json\/wp\/v2\/media?parent=22199"}],"curies":[{"name":"wp","href":"https:\/\/api.w.org\/{rel}","templated":true}]}}