{"id":22754,"date":"2021-02-25T16:33:05","date_gmt":"2021-02-25T15:33:05","guid":{"rendered":"https:\/\/www.mitawatertechnologies.com\/ressourcen\/"},"modified":"2023-11-16T15:44:09","modified_gmt":"2023-11-16T14:44:09","slug":"recursos","status":"publish","type":"page","link":"https:\/\/mitawt.mentine.work\/es\/recursos\/","title":{"rendered":"Recursos"},"content":{"rendered":"","protected":false},"excerpt":{"rendered":"","protected":false},"author":1,"featured_media":0,"parent":0,"menu_order":117,"comment_status":"closed","ping_status":"closed","template":"pagina-lista-figlie.php","meta":{"_acf_changed":false,"inline_featured_image":false,"footnotes":""},"class_list":["post-22754","page","type-page","status-publish","hentry"],"acf":[],"yoast_head":"<!-- This site is optimized with the Yoast SEO plugin v26.9 - https:\/\/yoast.com\/product\/yoast-seo-wordpress\/ -->\n<title>Recursos - MITA Water Technologies<\/title>\n<meta name=\"description\" content=\"Art\u00edculos t\u00e9cnicos, archivos BIM, normas de calidad, mejores pr\u00e1cticas: para ayudarle a comprender sus necesidades de aguas residuales.\" \/>\n<meta name=\"robots\" content=\"noindex, follow, max-snippet:-1, max-image-preview:large, max-video-preview:-1\" \/>\n<meta property=\"og:locale\" content=\"es_ES\" \/>\n<meta property=\"og:type\" content=\"article\" \/>\n<meta property=\"og:title\" content=\"Recursos - MITA Water Technologies\" \/>\n<meta property=\"og:description\" content=\"Art\u00edculos t\u00e9cnicos, archivos BIM, normas de calidad, mejores pr\u00e1cticas: para ayudarle a comprender sus necesidades de aguas residuales.\" \/>\n<meta property=\"og:url\" content=\"https:\/\/mitawt.mentine.work\/es\/recursos\/\" \/>\n<meta property=\"og:site_name\" content=\"MITA Water Technologies\" \/>\n<meta property=\"article:modified_time\" content=\"2023-11-16T14:44:09+00:00\" \/>\n<meta name=\"twitter:card\" content=\"summary_large_image\" \/>\n<script type=\"application\/ld+json\" class=\"yoast-schema-graph\">{\"@context\":\"https:\/\/schema.org\",\"@graph\":[{\"@type\":\"WebPage\",\"@id\":\"https:\/\/mitawt.mentine.work\/es\/recursos\/\",\"url\":\"https:\/\/mitawt.mentine.work\/es\/recursos\/\",\"name\":\"Recursos - MITA Water Technologies\",\"isPartOf\":{\"@id\":\"https:\/\/mitawt.mentine.work\/es\/#website\"},\"datePublished\":\"2021-02-25T15:33:05+00:00\",\"dateModified\":\"2023-11-16T14:44:09+00:00\",\"description\":\"Art\u00edculos t\u00e9cnicos, archivos BIM, normas de calidad, mejores pr\u00e1cticas: para ayudarle a comprender sus necesidades de aguas residuales.\",\"breadcrumb\":{\"@id\":\"https:\/\/mitawt.mentine.work\/es\/recursos\/#breadcrumb\"},\"inLanguage\":\"es-ES\",\"potentialAction\":[{\"@type\":\"ReadAction\",\"target\":[\"https:\/\/mitawt.mentine.work\/es\/recursos\/\"]}]},{\"@type\":\"BreadcrumbList\",\"@id\":\"https:\/\/mitawt.mentine.work\/es\/recursos\/#breadcrumb\",\"itemListElement\":[{\"@type\":\"ListItem\",\"position\":1,\"name\":\"Home\",\"item\":\"https:\/\/mitawt.mentine.work\/es\/\"},{\"@type\":\"ListItem\",\"position\":2,\"name\":\"Recursos\"}]},{\"@type\":\"WebSite\",\"@id\":\"https:\/\/mitawt.mentine.work\/es\/#website\",\"url\":\"https:\/\/mitawt.mentine.work\/es\/\",\"name\":\"MITA Water Technologies\",\"description\":\"Il tuo progetto di refrigerazione industriale\",\"potentialAction\":[{\"@type\":\"SearchAction\",\"target\":{\"@type\":\"EntryPoint\",\"urlTemplate\":\"https:\/\/mitawt.mentine.work\/es\/?s={search_term_string}\"},\"query-input\":{\"@type\":\"PropertyValueSpecification\",\"valueRequired\":true,\"valueName\":\"search_term_string\"}}],\"inLanguage\":\"es-ES\"}]}<\/script>\n<!-- \/ Yoast SEO plugin. -->","yoast_head_json":{"title":"Recursos - MITA Water Technologies","description":"Art\u00edculos t\u00e9cnicos, archivos BIM, normas de calidad, mejores pr\u00e1cticas: para ayudarle a comprender sus necesidades de aguas residuales.","robots":{"index":"noindex","follow":"follow","max-snippet":"max-snippet:-1","max-image-preview":"max-image-preview:large","max-video-preview":"max-video-preview:-1"},"og_locale":"es_ES","og_type":"article","og_title":"Recursos - MITA Water Technologies","og_description":"Art\u00edculos t\u00e9cnicos, archivos BIM, normas de calidad, mejores pr\u00e1cticas: para ayudarle a comprender sus necesidades de aguas residuales.","og_url":"https:\/\/mitawt.mentine.work\/es\/recursos\/","og_site_name":"MITA Water Technologies","article_modified_time":"2023-11-16T14:44:09+00:00","twitter_card":"summary_large_image","schema":{"@context":"https:\/\/schema.org","@graph":[{"@type":"WebPage","@id":"https:\/\/mitawt.mentine.work\/es\/recursos\/","url":"https:\/\/mitawt.mentine.work\/es\/recursos\/","name":"Recursos - MITA Water Technologies","isPartOf":{"@id":"https:\/\/mitawt.mentine.work\/es\/#website"},"datePublished":"2021-02-25T15:33:05+00:00","dateModified":"2023-11-16T14:44:09+00:00","description":"Art\u00edculos t\u00e9cnicos, archivos BIM, normas de calidad, mejores pr\u00e1cticas: para ayudarle a comprender sus necesidades de aguas residuales.","breadcrumb":{"@id":"https:\/\/mitawt.mentine.work\/es\/recursos\/#breadcrumb"},"inLanguage":"es-ES","potentialAction":[{"@type":"ReadAction","target":["https:\/\/mitawt.mentine.work\/es\/recursos\/"]}]},{"@type":"BreadcrumbList","@id":"https:\/\/mitawt.mentine.work\/es\/recursos\/#breadcrumb","itemListElement":[{"@type":"ListItem","position":1,"name":"Home","item":"https:\/\/mitawt.mentine.work\/es\/"},{"@type":"ListItem","position":2,"name":"Recursos"}]},{"@type":"WebSite","@id":"https:\/\/mitawt.mentine.work\/es\/#website","url":"https:\/\/mitawt.mentine.work\/es\/","name":"MITA Water Technologies","description":"Il tuo progetto di refrigerazione industriale","potentialAction":[{"@type":"SearchAction","target":{"@type":"EntryPoint","urlTemplate":"https:\/\/mitawt.mentine.work\/es\/?s={search_term_string}"},"query-input":{"@type":"PropertyValueSpecification","valueRequired":true,"valueName":"search_term_string"}}],"inLanguage":"es-ES"}]}},"_links":{"self":[{"href":"https:\/\/mitawt.mentine.work\/es\/wp-json\/wp\/v2\/pages\/22754","targetHints":{"allow":["GET"]}}],"collection":[{"href":"https:\/\/mitawt.mentine.work\/es\/wp-json\/wp\/v2\/pages"}],"about":[{"href":"https:\/\/mitawt.mentine.work\/es\/wp-json\/wp\/v2\/types\/page"}],"author":[{"embeddable":true,"href":"https:\/\/mitawt.mentine.work\/es\/wp-json\/wp\/v2\/users\/1"}],"replies":[{"embeddable":true,"href":"https:\/\/mitawt.mentine.work\/es\/wp-json\/wp\/v2\/comments?post=22754"}],"version-history":[{"count":3,"href":"https:\/\/mitawt.mentine.work\/es\/wp-json\/wp\/v2\/pages\/22754\/revisions"}],"predecessor-version":[{"id":22757,"href":"https:\/\/mitawt.mentine.work\/es\/wp-json\/wp\/v2\/pages\/22754\/revisions\/22757"}],"wp:attachment":[{"href":"https:\/\/mitawt.mentine.work\/es\/wp-json\/wp\/v2\/media?parent=22754"}],"curies":[{"name":"wp","href":"https:\/\/api.w.org\/{rel}","templated":true}]}}