{"id":22951,"date":"2021-02-25T16:41:57","date_gmt":"2021-02-25T15:41:57","guid":{"rendered":"https:\/\/www.mitawatertechnologies.com\/quienes-somos\/die-gruppe\/"},"modified":"2024-09-10T10:05:12","modified_gmt":"2024-09-10T08:05:12","slug":"el-grupo","status":"publish","type":"page","link":"https:\/\/mitawt.mentine.work\/es\/quienes-somos\/el-grupo\/","title":{"rendered":"El grupo"},"content":{"rendered":"","protected":false},"excerpt":{"rendered":"","protected":false},"author":1,"featured_media":35666,"parent":22832,"menu_order":93,"comment_status":"closed","ping_status":"closed","template":"","meta":{"_acf_changed":false,"inline_featured_image":false,"footnotes":""},"class_list":["post-22951","page","type-page","status-publish","has-post-thumbnail","hentry"],"acf":[],"yoast_head":"<!-- This site is optimized with the Yoast SEO plugin v26.9 - https:\/\/yoast.com\/product\/yoast-seo-wordpress\/ -->\n<title>Gesti\u00f3n y reutilizaci\u00f3n del agua - Axius<\/title>\n<meta name=\"description\" content=\"Gesti\u00f3n integral del agua, tratamiento y reutilizaci\u00f3n de aguas residuales civiles e industriales: MITA Water Technologies forma parte de Axius Water.\" \/>\n<meta name=\"robots\" content=\"noindex, follow, max-snippet:-1, max-image-preview:large, max-video-preview:-1\" \/>\n<meta property=\"og:locale\" content=\"es_ES\" \/>\n<meta property=\"og:type\" content=\"article\" \/>\n<meta property=\"og:title\" content=\"Gesti\u00f3n y reutilizaci\u00f3n del agua - Axius\" \/>\n<meta property=\"og:description\" content=\"Gesti\u00f3n integral del agua, tratamiento y reutilizaci\u00f3n de aguas residuales civiles e industriales: MITA Water Technologies forma parte de Axius Water.\" \/>\n<meta property=\"og:url\" content=\"https:\/\/mitawt.mentine.work\/es\/quienes-somos\/el-grupo\/\" \/>\n<meta property=\"og:site_name\" content=\"MITA Water Technologies\" \/>\n<meta property=\"article:modified_time\" content=\"2024-09-10T08:05:12+00:00\" \/>\n<meta property=\"og:image\" content=\"https:\/\/mitawt.mentine.work\/wp-content\/uploads\/2024\/09\/Logo-Axius.jpg\" \/>\n\t<meta property=\"og:image:width\" content=\"2400\" \/>\n\t<meta property=\"og:image:height\" content=\"1229\" \/>\n\t<meta property=\"og:image:type\" content=\"image\/jpeg\" \/>\n<meta name=\"twitter:card\" content=\"summary_large_image\" \/>\n<script type=\"application\/ld+json\" class=\"yoast-schema-graph\">{\"@context\":\"https:\/\/schema.org\",\"@graph\":[{\"@type\":\"WebPage\",\"@id\":\"https:\/\/mitawt.mentine.work\/es\/quienes-somos\/el-grupo\/\",\"url\":\"https:\/\/mitawt.mentine.work\/es\/quienes-somos\/el-grupo\/\",\"name\":\"Gesti\u00f3n y reutilizaci\u00f3n del agua - Axius\",\"isPartOf\":{\"@id\":\"https:\/\/mitawt.mentine.work\/es\/#website\"},\"primaryImageOfPage\":{\"@id\":\"https:\/\/mitawt.mentine.work\/es\/quienes-somos\/el-grupo\/#primaryimage\"},\"image\":{\"@id\":\"https:\/\/mitawt.mentine.work\/es\/quienes-somos\/el-grupo\/#primaryimage\"},\"thumbnailUrl\":\"https:\/\/mitawt.mentine.work\/wp-content\/uploads\/2024\/09\/Logo-Axius.jpg\",\"datePublished\":\"2021-02-25T15:41:57+00:00\",\"dateModified\":\"2024-09-10T08:05:12+00:00\",\"description\":\"Gesti\u00f3n integral del agua, tratamiento y reutilizaci\u00f3n de aguas residuales civiles e industriales: MITA Water Technologies forma parte de Axius Water.\",\"breadcrumb\":{\"@id\":\"https:\/\/mitawt.mentine.work\/es\/quienes-somos\/el-grupo\/#breadcrumb\"},\"inLanguage\":\"es-ES\",\"potentialAction\":[{\"@type\":\"ReadAction\",\"target\":[\"https:\/\/mitawt.mentine.work\/es\/quienes-somos\/el-grupo\/\"]}]},{\"@type\":\"ImageObject\",\"inLanguage\":\"es-ES\",\"@id\":\"https:\/\/mitawt.mentine.work\/es\/quienes-somos\/el-grupo\/#primaryimage\",\"url\":\"https:\/\/mitawt.mentine.work\/wp-content\/uploads\/2024\/09\/Logo-Axius.jpg\",\"contentUrl\":\"https:\/\/mitawt.mentine.work\/wp-content\/uploads\/2024\/09\/Logo-Axius.jpg\",\"width\":2400,\"height\":1229,\"caption\":\"Logo Axius\"},{\"@type\":\"BreadcrumbList\",\"@id\":\"https:\/\/mitawt.mentine.work\/es\/quienes-somos\/el-grupo\/#breadcrumb\",\"itemListElement\":[{\"@type\":\"ListItem\",\"position\":1,\"name\":\"Home\",\"item\":\"https:\/\/mitawt.mentine.work\/es\/\"},{\"@type\":\"ListItem\",\"position\":2,\"name\":\"Qui\u00e9nes somos\",\"item\":\"https:\/\/mitawt.mentine.work\/es\/chi-siamo\/\"},{\"@type\":\"ListItem\",\"position\":3,\"name\":\"El grupo\"}]},{\"@type\":\"WebSite\",\"@id\":\"https:\/\/mitawt.mentine.work\/es\/#website\",\"url\":\"https:\/\/mitawt.mentine.work\/es\/\",\"name\":\"MITA Water Technologies\",\"description\":\"Il tuo progetto di refrigerazione industriale\",\"potentialAction\":[{\"@type\":\"SearchAction\",\"target\":{\"@type\":\"EntryPoint\",\"urlTemplate\":\"https:\/\/mitawt.mentine.work\/es\/?s={search_term_string}\"},\"query-input\":{\"@type\":\"PropertyValueSpecification\",\"valueRequired\":true,\"valueName\":\"search_term_string\"}}],\"inLanguage\":\"es-ES\"}]}<\/script>\n<!-- \/ Yoast SEO plugin. -->","yoast_head_json":{"title":"Gesti\u00f3n y reutilizaci\u00f3n del agua - Axius","description":"Gesti\u00f3n integral del agua, tratamiento y reutilizaci\u00f3n de aguas residuales civiles e industriales: MITA Water Technologies forma parte de Axius Water.","robots":{"index":"noindex","follow":"follow","max-snippet":"max-snippet:-1","max-image-preview":"max-image-preview:large","max-video-preview":"max-video-preview:-1"},"og_locale":"es_ES","og_type":"article","og_title":"Gesti\u00f3n y reutilizaci\u00f3n del agua - Axius","og_description":"Gesti\u00f3n integral del agua, tratamiento y reutilizaci\u00f3n de aguas residuales civiles e industriales: MITA Water Technologies forma parte de Axius Water.","og_url":"https:\/\/mitawt.mentine.work\/es\/quienes-somos\/el-grupo\/","og_site_name":"MITA Water Technologies","article_modified_time":"2024-09-10T08:05:12+00:00","og_image":[{"width":2400,"height":1229,"url":"https:\/\/mitawt.mentine.work\/wp-content\/uploads\/2024\/09\/Logo-Axius.jpg","type":"image\/jpeg"}],"twitter_card":"summary_large_image","schema":{"@context":"https:\/\/schema.org","@graph":[{"@type":"WebPage","@id":"https:\/\/mitawt.mentine.work\/es\/quienes-somos\/el-grupo\/","url":"https:\/\/mitawt.mentine.work\/es\/quienes-somos\/el-grupo\/","name":"Gesti\u00f3n y reutilizaci\u00f3n del agua - Axius","isPartOf":{"@id":"https:\/\/mitawt.mentine.work\/es\/#website"},"primaryImageOfPage":{"@id":"https:\/\/mitawt.mentine.work\/es\/quienes-somos\/el-grupo\/#primaryimage"},"image":{"@id":"https:\/\/mitawt.mentine.work\/es\/quienes-somos\/el-grupo\/#primaryimage"},"thumbnailUrl":"https:\/\/mitawt.mentine.work\/wp-content\/uploads\/2024\/09\/Logo-Axius.jpg","datePublished":"2021-02-25T15:41:57+00:00","dateModified":"2024-09-10T08:05:12+00:00","description":"Gesti\u00f3n integral del agua, tratamiento y reutilizaci\u00f3n de aguas residuales civiles e industriales: MITA Water Technologies forma parte de Axius Water.","breadcrumb":{"@id":"https:\/\/mitawt.mentine.work\/es\/quienes-somos\/el-grupo\/#breadcrumb"},"inLanguage":"es-ES","potentialAction":[{"@type":"ReadAction","target":["https:\/\/mitawt.mentine.work\/es\/quienes-somos\/el-grupo\/"]}]},{"@type":"ImageObject","inLanguage":"es-ES","@id":"https:\/\/mitawt.mentine.work\/es\/quienes-somos\/el-grupo\/#primaryimage","url":"https:\/\/mitawt.mentine.work\/wp-content\/uploads\/2024\/09\/Logo-Axius.jpg","contentUrl":"https:\/\/mitawt.mentine.work\/wp-content\/uploads\/2024\/09\/Logo-Axius.jpg","width":2400,"height":1229,"caption":"Logo Axius"},{"@type":"BreadcrumbList","@id":"https:\/\/mitawt.mentine.work\/es\/quienes-somos\/el-grupo\/#breadcrumb","itemListElement":[{"@type":"ListItem","position":1,"name":"Home","item":"https:\/\/mitawt.mentine.work\/es\/"},{"@type":"ListItem","position":2,"name":"Qui\u00e9nes somos","item":"https:\/\/mitawt.mentine.work\/es\/chi-siamo\/"},{"@type":"ListItem","position":3,"name":"El grupo"}]},{"@type":"WebSite","@id":"https:\/\/mitawt.mentine.work\/es\/#website","url":"https:\/\/mitawt.mentine.work\/es\/","name":"MITA Water Technologies","description":"Il tuo progetto di refrigerazione industriale","potentialAction":[{"@type":"SearchAction","target":{"@type":"EntryPoint","urlTemplate":"https:\/\/mitawt.mentine.work\/es\/?s={search_term_string}"},"query-input":{"@type":"PropertyValueSpecification","valueRequired":true,"valueName":"search_term_string"}}],"inLanguage":"es-ES"}]}},"_links":{"self":[{"href":"https:\/\/mitawt.mentine.work\/es\/wp-json\/wp\/v2\/pages\/22951","targetHints":{"allow":["GET"]}}],"collection":[{"href":"https:\/\/mitawt.mentine.work\/es\/wp-json\/wp\/v2\/pages"}],"about":[{"href":"https:\/\/mitawt.mentine.work\/es\/wp-json\/wp\/v2\/types\/page"}],"author":[{"embeddable":true,"href":"https:\/\/mitawt.mentine.work\/es\/wp-json\/wp\/v2\/users\/1"}],"replies":[{"embeddable":true,"href":"https:\/\/mitawt.mentine.work\/es\/wp-json\/wp\/v2\/comments?post=22951"}],"version-history":[{"count":10,"href":"https:\/\/mitawt.mentine.work\/es\/wp-json\/wp\/v2\/pages\/22951\/revisions"}],"predecessor-version":[{"id":36365,"href":"https:\/\/mitawt.mentine.work\/es\/wp-json\/wp\/v2\/pages\/22951\/revisions\/36365"}],"up":[{"embeddable":true,"href":"https:\/\/mitawt.mentine.work\/es\/wp-json\/wp\/v2\/pages\/22832"}],"wp:featuredmedia":[{"embeddable":true,"href":"https:\/\/mitawt.mentine.work\/es\/wp-json\/wp\/v2\/media\/35666"}],"wp:attachment":[{"href":"https:\/\/mitawt.mentine.work\/es\/wp-json\/wp\/v2\/media?parent=22951"}],"curies":[{"name":"wp","href":"https:\/\/api.w.org\/{rel}","templated":true}]}}