{"id":22991,"date":"2021-02-25T16:42:04","date_gmt":"2021-02-25T15:42:04","guid":{"rendered":"https:\/\/www.mitawatertechnologies.com\/quienes-somos\/zertifizierungen\/"},"modified":"2024-02-20T16:45:12","modified_gmt":"2024-02-20T15:45:12","slug":"certificaciones","status":"publish","type":"page","link":"https:\/\/mitawt.mentine.work\/es\/quienes-somos\/certificaciones\/","title":{"rendered":"Certificaciones"},"content":{"rendered":"","protected":false},"excerpt":{"rendered":"","protected":false},"author":1,"featured_media":22980,"parent":22832,"menu_order":97,"comment_status":"closed","ping_status":"closed","template":"","meta":{"_acf_changed":false,"inline_featured_image":false,"footnotes":""},"class_list":["post-22991","page","type-page","status-publish","has-post-thumbnail","hentry"],"acf":[],"yoast_head":"<!-- This site is optimized with the Yoast SEO plugin v26.9 - https:\/\/yoast.com\/product\/yoast-seo-wordpress\/ -->\n<title>Certificaciones QHSE en tratamiento de aguas residuales - MITA Water Technologies<\/title>\n<meta name=\"description\" content=\"Sistema de gesti\u00f3n de Calidad, Medio Ambiente y Seguridad. Atenci\u00f3n SOA para licitaciones p\u00fablicas en Tratamiento de Aguas Residuales.\" \/>\n<meta name=\"robots\" content=\"noindex, follow, max-snippet:-1, max-image-preview:large, max-video-preview:-1\" \/>\n<meta property=\"og:locale\" content=\"es_ES\" \/>\n<meta property=\"og:type\" content=\"article\" \/>\n<meta property=\"og:title\" content=\"Certificaciones QHSE en tratamiento de aguas residuales - MITA Water Technologies\" \/>\n<meta property=\"og:description\" content=\"Sistema de gesti\u00f3n de Calidad, Medio Ambiente y Seguridad. Atenci\u00f3n SOA para licitaciones p\u00fablicas en Tratamiento de Aguas Residuales.\" \/>\n<meta property=\"og:url\" content=\"https:\/\/mitawt.mentine.work\/es\/quienes-somos\/certificaciones\/\" \/>\n<meta property=\"og:site_name\" content=\"MITA Water Technologies\" \/>\n<meta property=\"article:modified_time\" content=\"2024-02-20T15:45:12+00:00\" \/>\n<meta property=\"og:image\" content=\"https:\/\/mitawt.mentine.work\/wp-content\/uploads\/2023\/11\/Certificazioni-Qualita-Ambiente-e-Sicurezza-di-MITA-Water-Technologies.jpg\" \/>\n\t<meta property=\"og:image:width\" content=\"1920\" \/>\n\t<meta property=\"og:image:height\" content=\"1080\" \/>\n\t<meta property=\"og:image:type\" content=\"image\/jpeg\" \/>\n<meta name=\"twitter:card\" content=\"summary_large_image\" \/>\n<script type=\"application\/ld+json\" class=\"yoast-schema-graph\">{\"@context\":\"https:\/\/schema.org\",\"@graph\":[{\"@type\":\"WebPage\",\"@id\":\"https:\/\/mitawt.mentine.work\/es\/quienes-somos\/certificaciones\/\",\"url\":\"https:\/\/mitawt.mentine.work\/es\/quienes-somos\/certificaciones\/\",\"name\":\"Certificaciones QHSE en tratamiento de aguas residuales - MITA Water Technologies\",\"isPartOf\":{\"@id\":\"https:\/\/mitawt.mentine.work\/es\/#website\"},\"primaryImageOfPage\":{\"@id\":\"https:\/\/mitawt.mentine.work\/es\/quienes-somos\/certificaciones\/#primaryimage\"},\"image\":{\"@id\":\"https:\/\/mitawt.mentine.work\/es\/quienes-somos\/certificaciones\/#primaryimage\"},\"thumbnailUrl\":\"https:\/\/mitawt.mentine.work\/wp-content\/uploads\/2023\/11\/Certificazioni-Qualita-Ambiente-e-Sicurezza-di-MITA-Water-Technologies.jpg\",\"datePublished\":\"2021-02-25T15:42:04+00:00\",\"dateModified\":\"2024-02-20T15:45:12+00:00\",\"description\":\"Sistema de gesti\u00f3n de Calidad, Medio Ambiente y Seguridad. Atenci\u00f3n SOA para licitaciones p\u00fablicas en Tratamiento de Aguas Residuales.\",\"breadcrumb\":{\"@id\":\"https:\/\/mitawt.mentine.work\/es\/quienes-somos\/certificaciones\/#breadcrumb\"},\"inLanguage\":\"es-ES\",\"potentialAction\":[{\"@type\":\"ReadAction\",\"target\":[\"https:\/\/mitawt.mentine.work\/es\/quienes-somos\/certificaciones\/\"]}]},{\"@type\":\"ImageObject\",\"inLanguage\":\"es-ES\",\"@id\":\"https:\/\/mitawt.mentine.work\/es\/quienes-somos\/certificaciones\/#primaryimage\",\"url\":\"https:\/\/mitawt.mentine.work\/wp-content\/uploads\/2023\/11\/Certificazioni-Qualita-Ambiente-e-Sicurezza-di-MITA-Water-Technologies.jpg\",\"contentUrl\":\"https:\/\/mitawt.mentine.work\/wp-content\/uploads\/2023\/11\/Certificazioni-Qualita-Ambiente-e-Sicurezza-di-MITA-Water-Technologies.jpg\",\"width\":1920,\"height\":1080,\"caption\":\"Certificazioni Qualit\u00e0 Ambiente e Sicurezza di MITA Water Technologies\"},{\"@type\":\"BreadcrumbList\",\"@id\":\"https:\/\/mitawt.mentine.work\/es\/quienes-somos\/certificaciones\/#breadcrumb\",\"itemListElement\":[{\"@type\":\"ListItem\",\"position\":1,\"name\":\"Home\",\"item\":\"https:\/\/mitawt.mentine.work\/es\/\"},{\"@type\":\"ListItem\",\"position\":2,\"name\":\"Qui\u00e9nes somos\",\"item\":\"https:\/\/mitawt.mentine.work\/es\/chi-siamo\/\"},{\"@type\":\"ListItem\",\"position\":3,\"name\":\"Certificaciones\"}]},{\"@type\":\"WebSite\",\"@id\":\"https:\/\/mitawt.mentine.work\/es\/#website\",\"url\":\"https:\/\/mitawt.mentine.work\/es\/\",\"name\":\"MITA Water Technologies\",\"description\":\"Il tuo progetto di refrigerazione industriale\",\"potentialAction\":[{\"@type\":\"SearchAction\",\"target\":{\"@type\":\"EntryPoint\",\"urlTemplate\":\"https:\/\/mitawt.mentine.work\/es\/?s={search_term_string}\"},\"query-input\":{\"@type\":\"PropertyValueSpecification\",\"valueRequired\":true,\"valueName\":\"search_term_string\"}}],\"inLanguage\":\"es-ES\"}]}<\/script>\n<!-- \/ Yoast SEO plugin. -->","yoast_head_json":{"title":"Certificaciones QHSE en tratamiento de aguas residuales - MITA Water Technologies","description":"Sistema de gesti\u00f3n de Calidad, Medio Ambiente y Seguridad. Atenci\u00f3n SOA para licitaciones p\u00fablicas en Tratamiento de Aguas Residuales.","robots":{"index":"noindex","follow":"follow","max-snippet":"max-snippet:-1","max-image-preview":"max-image-preview:large","max-video-preview":"max-video-preview:-1"},"og_locale":"es_ES","og_type":"article","og_title":"Certificaciones QHSE en tratamiento de aguas residuales - MITA Water Technologies","og_description":"Sistema de gesti\u00f3n de Calidad, Medio Ambiente y Seguridad. Atenci\u00f3n SOA para licitaciones p\u00fablicas en Tratamiento de Aguas Residuales.","og_url":"https:\/\/mitawt.mentine.work\/es\/quienes-somos\/certificaciones\/","og_site_name":"MITA Water Technologies","article_modified_time":"2024-02-20T15:45:12+00:00","og_image":[{"width":1920,"height":1080,"url":"https:\/\/mitawt.mentine.work\/wp-content\/uploads\/2023\/11\/Certificazioni-Qualita-Ambiente-e-Sicurezza-di-MITA-Water-Technologies.jpg","type":"image\/jpeg"}],"twitter_card":"summary_large_image","schema":{"@context":"https:\/\/schema.org","@graph":[{"@type":"WebPage","@id":"https:\/\/mitawt.mentine.work\/es\/quienes-somos\/certificaciones\/","url":"https:\/\/mitawt.mentine.work\/es\/quienes-somos\/certificaciones\/","name":"Certificaciones QHSE en tratamiento de aguas residuales - MITA Water Technologies","isPartOf":{"@id":"https:\/\/mitawt.mentine.work\/es\/#website"},"primaryImageOfPage":{"@id":"https:\/\/mitawt.mentine.work\/es\/quienes-somos\/certificaciones\/#primaryimage"},"image":{"@id":"https:\/\/mitawt.mentine.work\/es\/quienes-somos\/certificaciones\/#primaryimage"},"thumbnailUrl":"https:\/\/mitawt.mentine.work\/wp-content\/uploads\/2023\/11\/Certificazioni-Qualita-Ambiente-e-Sicurezza-di-MITA-Water-Technologies.jpg","datePublished":"2021-02-25T15:42:04+00:00","dateModified":"2024-02-20T15:45:12+00:00","description":"Sistema de gesti\u00f3n de Calidad, Medio Ambiente y Seguridad. Atenci\u00f3n SOA para licitaciones p\u00fablicas en Tratamiento de Aguas Residuales.","breadcrumb":{"@id":"https:\/\/mitawt.mentine.work\/es\/quienes-somos\/certificaciones\/#breadcrumb"},"inLanguage":"es-ES","potentialAction":[{"@type":"ReadAction","target":["https:\/\/mitawt.mentine.work\/es\/quienes-somos\/certificaciones\/"]}]},{"@type":"ImageObject","inLanguage":"es-ES","@id":"https:\/\/mitawt.mentine.work\/es\/quienes-somos\/certificaciones\/#primaryimage","url":"https:\/\/mitawt.mentine.work\/wp-content\/uploads\/2023\/11\/Certificazioni-Qualita-Ambiente-e-Sicurezza-di-MITA-Water-Technologies.jpg","contentUrl":"https:\/\/mitawt.mentine.work\/wp-content\/uploads\/2023\/11\/Certificazioni-Qualita-Ambiente-e-Sicurezza-di-MITA-Water-Technologies.jpg","width":1920,"height":1080,"caption":"Certificazioni Qualit\u00e0 Ambiente e Sicurezza di MITA Water Technologies"},{"@type":"BreadcrumbList","@id":"https:\/\/mitawt.mentine.work\/es\/quienes-somos\/certificaciones\/#breadcrumb","itemListElement":[{"@type":"ListItem","position":1,"name":"Home","item":"https:\/\/mitawt.mentine.work\/es\/"},{"@type":"ListItem","position":2,"name":"Qui\u00e9nes somos","item":"https:\/\/mitawt.mentine.work\/es\/chi-siamo\/"},{"@type":"ListItem","position":3,"name":"Certificaciones"}]},{"@type":"WebSite","@id":"https:\/\/mitawt.mentine.work\/es\/#website","url":"https:\/\/mitawt.mentine.work\/es\/","name":"MITA Water Technologies","description":"Il tuo progetto di refrigerazione industriale","potentialAction":[{"@type":"SearchAction","target":{"@type":"EntryPoint","urlTemplate":"https:\/\/mitawt.mentine.work\/es\/?s={search_term_string}"},"query-input":{"@type":"PropertyValueSpecification","valueRequired":true,"valueName":"search_term_string"}}],"inLanguage":"es-ES"}]}},"_links":{"self":[{"href":"https:\/\/mitawt.mentine.work\/es\/wp-json\/wp\/v2\/pages\/22991","targetHints":{"allow":["GET"]}}],"collection":[{"href":"https:\/\/mitawt.mentine.work\/es\/wp-json\/wp\/v2\/pages"}],"about":[{"href":"https:\/\/mitawt.mentine.work\/es\/wp-json\/wp\/v2\/types\/page"}],"author":[{"embeddable":true,"href":"https:\/\/mitawt.mentine.work\/es\/wp-json\/wp\/v2\/users\/1"}],"replies":[{"embeddable":true,"href":"https:\/\/mitawt.mentine.work\/es\/wp-json\/wp\/v2\/comments?post=22991"}],"version-history":[{"count":2,"href":"https:\/\/mitawt.mentine.work\/es\/wp-json\/wp\/v2\/pages\/22991\/revisions"}],"predecessor-version":[{"id":22993,"href":"https:\/\/mitawt.mentine.work\/es\/wp-json\/wp\/v2\/pages\/22991\/revisions\/22993"}],"up":[{"embeddable":true,"href":"https:\/\/mitawt.mentine.work\/es\/wp-json\/wp\/v2\/pages\/22832"}],"wp:featuredmedia":[{"embeddable":true,"href":"https:\/\/mitawt.mentine.work\/es\/wp-json\/wp\/v2\/media\/22980"}],"wp:attachment":[{"href":"https:\/\/mitawt.mentine.work\/es\/wp-json\/wp\/v2\/media?parent=22991"}],"curies":[{"name":"wp","href":"https:\/\/api.w.org\/{rel}","templated":true}]}}