{"id":23073,"date":"2023-03-13T14:39:47","date_gmt":"2023-03-13T13:39:47","guid":{"rendered":"https:\/\/www.mitawatertechnologies.com\/tecnologias\/biologische-behandlungen\/"},"modified":"2024-02-26T15:40:27","modified_gmt":"2024-02-26T14:40:27","slug":"tratamientos-biologicos","status":"publish","type":"page","link":"https:\/\/mitawt.mentine.work\/es\/tecnologias\/tratamientos-biologicos\/","title":{"rendered":"Tratamientos biol\u00f3gicos"},"content":{"rendered":"","protected":false},"excerpt":{"rendered":"","protected":false},"author":11,"featured_media":23016,"parent":23030,"menu_order":203,"comment_status":"closed","ping_status":"closed","template":"","meta":{"_acf_changed":false,"inline_featured_image":false,"footnotes":""},"class_list":["post-23073","page","type-page","status-publish","has-post-thumbnail","hentry"],"acf":[],"yoast_head":"<!-- This site is optimized with the Yoast SEO plugin v26.9 - https:\/\/yoast.com\/product\/yoast-seo-wordpress\/ -->\n<title>Tratamientos Biol\u00f3gicos de Aguas Residuales - MITA Water Technologies<\/title>\n<meta name=\"description\" content=\"Tratamientos biol\u00f3gicos de aguas residuales: principales procesos y tecnolog\u00edas como los sistemas de oxidaci\u00f3n biol\u00f3gica.\" \/>\n<meta name=\"robots\" content=\"noindex, follow, max-snippet:-1, max-image-preview:large, max-video-preview:-1\" \/>\n<meta property=\"og:locale\" content=\"es_ES\" \/>\n<meta property=\"og:type\" content=\"article\" \/>\n<meta property=\"og:title\" content=\"Tratamientos Biol\u00f3gicos de Aguas Residuales - MITA Water Technologies\" \/>\n<meta property=\"og:description\" content=\"Tratamientos biol\u00f3gicos de aguas residuales: principales procesos y tecnolog\u00edas como los sistemas de oxidaci\u00f3n biol\u00f3gica.\" \/>\n<meta property=\"og:url\" content=\"https:\/\/mitawt.mentine.work\/es\/tecnologias\/tratamientos-biologicos\/\" \/>\n<meta property=\"og:site_name\" content=\"MITA Water Technologies\" \/>\n<meta property=\"article:modified_time\" content=\"2024-02-26T14:40:27+00:00\" \/>\n<meta property=\"og:image\" content=\"https:\/\/mitawt.mentine.work\/wp-content\/uploads\/2023\/11\/Trattamenti-Biologici-di-Acque-Reflue.jpg\" \/>\n\t<meta property=\"og:image:width\" content=\"1920\" \/>\n\t<meta property=\"og:image:height\" content=\"1080\" \/>\n\t<meta property=\"og:image:type\" content=\"image\/jpeg\" \/>\n<meta name=\"twitter:card\" content=\"summary_large_image\" \/>\n<script type=\"application\/ld+json\" class=\"yoast-schema-graph\">{\"@context\":\"https:\/\/schema.org\",\"@graph\":[{\"@type\":\"WebPage\",\"@id\":\"https:\/\/mitawt.mentine.work\/es\/tecnologias\/tratamientos-biologicos\/\",\"url\":\"https:\/\/mitawt.mentine.work\/es\/tecnologias\/tratamientos-biologicos\/\",\"name\":\"Tratamientos Biol\u00f3gicos de Aguas Residuales - MITA Water Technologies\",\"isPartOf\":{\"@id\":\"https:\/\/mitawt.mentine.work\/es\/#website\"},\"primaryImageOfPage\":{\"@id\":\"https:\/\/mitawt.mentine.work\/es\/tecnologias\/tratamientos-biologicos\/#primaryimage\"},\"image\":{\"@id\":\"https:\/\/mitawt.mentine.work\/es\/tecnologias\/tratamientos-biologicos\/#primaryimage\"},\"thumbnailUrl\":\"https:\/\/mitawt.mentine.work\/wp-content\/uploads\/2023\/11\/Trattamenti-Biologici-di-Acque-Reflue.jpg\",\"datePublished\":\"2023-03-13T13:39:47+00:00\",\"dateModified\":\"2024-02-26T14:40:27+00:00\",\"description\":\"Tratamientos biol\u00f3gicos de aguas residuales: principales procesos y tecnolog\u00edas como los sistemas de oxidaci\u00f3n biol\u00f3gica.\",\"breadcrumb\":{\"@id\":\"https:\/\/mitawt.mentine.work\/es\/tecnologias\/tratamientos-biologicos\/#breadcrumb\"},\"inLanguage\":\"es-ES\",\"potentialAction\":[{\"@type\":\"ReadAction\",\"target\":[\"https:\/\/mitawt.mentine.work\/es\/tecnologias\/tratamientos-biologicos\/\"]}]},{\"@type\":\"ImageObject\",\"inLanguage\":\"es-ES\",\"@id\":\"https:\/\/mitawt.mentine.work\/es\/tecnologias\/tratamientos-biologicos\/#primaryimage\",\"url\":\"https:\/\/mitawt.mentine.work\/wp-content\/uploads\/2023\/11\/Trattamenti-Biologici-di-Acque-Reflue.jpg\",\"contentUrl\":\"https:\/\/mitawt.mentine.work\/wp-content\/uploads\/2023\/11\/Trattamenti-Biologici-di-Acque-Reflue.jpg\",\"width\":1920,\"height\":1080,\"caption\":\"Trattamenti Biologici di Acque Reflue\"},{\"@type\":\"BreadcrumbList\",\"@id\":\"https:\/\/mitawt.mentine.work\/es\/tecnologias\/tratamientos-biologicos\/#breadcrumb\",\"itemListElement\":[{\"@type\":\"ListItem\",\"position\":1,\"name\":\"Home\",\"item\":\"https:\/\/mitawt.mentine.work\/es\/\"},{\"@type\":\"ListItem\",\"position\":2,\"name\":\"Tecnolog\u00edas\",\"item\":\"https:\/\/mitawt.mentine.work\/es\/tecnologie\/\"},{\"@type\":\"ListItem\",\"position\":3,\"name\":\"Tratamientos biol\u00f3gicos\"}]},{\"@type\":\"WebSite\",\"@id\":\"https:\/\/mitawt.mentine.work\/es\/#website\",\"url\":\"https:\/\/mitawt.mentine.work\/es\/\",\"name\":\"MITA Water Technologies\",\"description\":\"Il tuo progetto di refrigerazione industriale\",\"potentialAction\":[{\"@type\":\"SearchAction\",\"target\":{\"@type\":\"EntryPoint\",\"urlTemplate\":\"https:\/\/mitawt.mentine.work\/es\/?s={search_term_string}\"},\"query-input\":{\"@type\":\"PropertyValueSpecification\",\"valueRequired\":true,\"valueName\":\"search_term_string\"}}],\"inLanguage\":\"es-ES\"}]}<\/script>\n<!-- \/ Yoast SEO plugin. -->","yoast_head_json":{"title":"Tratamientos Biol\u00f3gicos de Aguas Residuales - MITA Water Technologies","description":"Tratamientos biol\u00f3gicos de aguas residuales: principales procesos y tecnolog\u00edas como los sistemas de oxidaci\u00f3n biol\u00f3gica.","robots":{"index":"noindex","follow":"follow","max-snippet":"max-snippet:-1","max-image-preview":"max-image-preview:large","max-video-preview":"max-video-preview:-1"},"og_locale":"es_ES","og_type":"article","og_title":"Tratamientos Biol\u00f3gicos de Aguas Residuales - MITA Water Technologies","og_description":"Tratamientos biol\u00f3gicos de aguas residuales: principales procesos y tecnolog\u00edas como los sistemas de oxidaci\u00f3n biol\u00f3gica.","og_url":"https:\/\/mitawt.mentine.work\/es\/tecnologias\/tratamientos-biologicos\/","og_site_name":"MITA Water Technologies","article_modified_time":"2024-02-26T14:40:27+00:00","og_image":[{"width":1920,"height":1080,"url":"https:\/\/mitawt.mentine.work\/wp-content\/uploads\/2023\/11\/Trattamenti-Biologici-di-Acque-Reflue.jpg","type":"image\/jpeg"}],"twitter_card":"summary_large_image","schema":{"@context":"https:\/\/schema.org","@graph":[{"@type":"WebPage","@id":"https:\/\/mitawt.mentine.work\/es\/tecnologias\/tratamientos-biologicos\/","url":"https:\/\/mitawt.mentine.work\/es\/tecnologias\/tratamientos-biologicos\/","name":"Tratamientos Biol\u00f3gicos de Aguas Residuales - MITA Water Technologies","isPartOf":{"@id":"https:\/\/mitawt.mentine.work\/es\/#website"},"primaryImageOfPage":{"@id":"https:\/\/mitawt.mentine.work\/es\/tecnologias\/tratamientos-biologicos\/#primaryimage"},"image":{"@id":"https:\/\/mitawt.mentine.work\/es\/tecnologias\/tratamientos-biologicos\/#primaryimage"},"thumbnailUrl":"https:\/\/mitawt.mentine.work\/wp-content\/uploads\/2023\/11\/Trattamenti-Biologici-di-Acque-Reflue.jpg","datePublished":"2023-03-13T13:39:47+00:00","dateModified":"2024-02-26T14:40:27+00:00","description":"Tratamientos biol\u00f3gicos de aguas residuales: principales procesos y tecnolog\u00edas como los sistemas de oxidaci\u00f3n biol\u00f3gica.","breadcrumb":{"@id":"https:\/\/mitawt.mentine.work\/es\/tecnologias\/tratamientos-biologicos\/#breadcrumb"},"inLanguage":"es-ES","potentialAction":[{"@type":"ReadAction","target":["https:\/\/mitawt.mentine.work\/es\/tecnologias\/tratamientos-biologicos\/"]}]},{"@type":"ImageObject","inLanguage":"es-ES","@id":"https:\/\/mitawt.mentine.work\/es\/tecnologias\/tratamientos-biologicos\/#primaryimage","url":"https:\/\/mitawt.mentine.work\/wp-content\/uploads\/2023\/11\/Trattamenti-Biologici-di-Acque-Reflue.jpg","contentUrl":"https:\/\/mitawt.mentine.work\/wp-content\/uploads\/2023\/11\/Trattamenti-Biologici-di-Acque-Reflue.jpg","width":1920,"height":1080,"caption":"Trattamenti Biologici di Acque Reflue"},{"@type":"BreadcrumbList","@id":"https:\/\/mitawt.mentine.work\/es\/tecnologias\/tratamientos-biologicos\/#breadcrumb","itemListElement":[{"@type":"ListItem","position":1,"name":"Home","item":"https:\/\/mitawt.mentine.work\/es\/"},{"@type":"ListItem","position":2,"name":"Tecnolog\u00edas","item":"https:\/\/mitawt.mentine.work\/es\/tecnologie\/"},{"@type":"ListItem","position":3,"name":"Tratamientos biol\u00f3gicos"}]},{"@type":"WebSite","@id":"https:\/\/mitawt.mentine.work\/es\/#website","url":"https:\/\/mitawt.mentine.work\/es\/","name":"MITA Water Technologies","description":"Il tuo progetto di refrigerazione industriale","potentialAction":[{"@type":"SearchAction","target":{"@type":"EntryPoint","urlTemplate":"https:\/\/mitawt.mentine.work\/es\/?s={search_term_string}"},"query-input":{"@type":"PropertyValueSpecification","valueRequired":true,"valueName":"search_term_string"}}],"inLanguage":"es-ES"}]}},"_links":{"self":[{"href":"https:\/\/mitawt.mentine.work\/es\/wp-json\/wp\/v2\/pages\/23073","targetHints":{"allow":["GET"]}}],"collection":[{"href":"https:\/\/mitawt.mentine.work\/es\/wp-json\/wp\/v2\/pages"}],"about":[{"href":"https:\/\/mitawt.mentine.work\/es\/wp-json\/wp\/v2\/types\/page"}],"author":[{"embeddable":true,"href":"https:\/\/mitawt.mentine.work\/es\/wp-json\/wp\/v2\/users\/11"}],"replies":[{"embeddable":true,"href":"https:\/\/mitawt.mentine.work\/es\/wp-json\/wp\/v2\/comments?post=23073"}],"version-history":[{"count":4,"href":"https:\/\/mitawt.mentine.work\/es\/wp-json\/wp\/v2\/pages\/23073\/revisions"}],"predecessor-version":[{"id":24211,"href":"https:\/\/mitawt.mentine.work\/es\/wp-json\/wp\/v2\/pages\/23073\/revisions\/24211"}],"up":[{"embeddable":true,"href":"https:\/\/mitawt.mentine.work\/es\/wp-json\/wp\/v2\/pages\/23030"}],"wp:featuredmedia":[{"embeddable":true,"href":"https:\/\/mitawt.mentine.work\/es\/wp-json\/wp\/v2\/media\/23016"}],"wp:attachment":[{"href":"https:\/\/mitawt.mentine.work\/es\/wp-json\/wp\/v2\/media?parent=23073"}],"curies":[{"name":"wp","href":"https:\/\/api.w.org\/{rel}","templated":true}]}}