{"id":23756,"date":"2023-12-06T17:46:14","date_gmt":"2023-12-06T16:46:14","guid":{"rendered":"https:\/\/www.mitawatertechnologies.com\/?page_id=23756"},"modified":"2024-09-17T13:43:04","modified_gmt":"2024-09-17T11:43:04","slug":"tratamiento-y-refrigeracion-del-agua","status":"publish","type":"page","link":"https:\/\/mitawt.mentine.work\/es\/objetivos\/tratamiento-y-refrigeracion-del-agua\/","title":{"rendered":"Tratamiento y refrigeraci\u00f3n del agua"},"content":{"rendered":"","protected":false},"excerpt":{"rendered":"","protected":false},"author":11,"featured_media":23692,"parent":23664,"menu_order":227,"comment_status":"closed","ping_status":"closed","template":"","meta":{"_acf_changed":false,"inline_featured_image":false,"footnotes":""},"class_list":["post-23756","page","type-page","status-publish","has-post-thumbnail","hentry"],"acf":[],"yoast_head":"<!-- This site is optimized with the Yoast SEO plugin v26.9 - https:\/\/yoast.com\/product\/yoast-seo-wordpress\/ -->\n<title>Tratamiento del Agua de Refrigeraci\u00f3n - MITA Water Technologies<\/title>\n<meta name=\"description\" content=\"Tratamiento de aguas de refrigeraci\u00f3n. Gesti\u00f3n integrada de aguas residuales: depuraci\u00f3n de aguas residuales y eliminaci\u00f3n de calor.\" \/>\n<meta name=\"robots\" content=\"noindex, follow, max-snippet:-1, max-image-preview:large, max-video-preview:-1\" \/>\n<meta property=\"og:locale\" content=\"es_ES\" \/>\n<meta property=\"og:type\" content=\"article\" \/>\n<meta property=\"og:title\" content=\"Tratamiento del Agua de Refrigeraci\u00f3n - MITA Water Technologies\" \/>\n<meta property=\"og:description\" content=\"Tratamiento de aguas de refrigeraci\u00f3n. Gesti\u00f3n integrada de aguas residuales: depuraci\u00f3n de aguas residuales y eliminaci\u00f3n de calor.\" \/>\n<meta property=\"og:url\" content=\"https:\/\/mitawt.mentine.work\/es\/objetivos\/tratamiento-y-refrigeracion-del-agua\/\" \/>\n<meta property=\"og:site_name\" content=\"MITA Water Technologies\" \/>\n<meta property=\"article:modified_time\" content=\"2024-09-17T11:43:04+00:00\" \/>\n<meta property=\"og:image\" content=\"https:\/\/mitawt.mentine.work\/wp-content\/uploads\/2023\/12\/Raffreddamento-e-Trattamento-Acque-Reflue.jpg\" \/>\n\t<meta property=\"og:image:width\" content=\"1920\" \/>\n\t<meta property=\"og:image:height\" content=\"1080\" \/>\n\t<meta property=\"og:image:type\" content=\"image\/jpeg\" \/>\n<meta name=\"twitter:card\" content=\"summary_large_image\" \/>\n<script type=\"application\/ld+json\" class=\"yoast-schema-graph\">{\"@context\":\"https:\/\/schema.org\",\"@graph\":[{\"@type\":\"WebPage\",\"@id\":\"https:\/\/mitawt.mentine.work\/es\/objetivos\/tratamiento-y-refrigeracion-del-agua\/\",\"url\":\"https:\/\/mitawt.mentine.work\/es\/objetivos\/tratamiento-y-refrigeracion-del-agua\/\",\"name\":\"Tratamiento del Agua de Refrigeraci\u00f3n - MITA Water Technologies\",\"isPartOf\":{\"@id\":\"https:\/\/mitawt.mentine.work\/es\/#website\"},\"primaryImageOfPage\":{\"@id\":\"https:\/\/mitawt.mentine.work\/es\/objetivos\/tratamiento-y-refrigeracion-del-agua\/#primaryimage\"},\"image\":{\"@id\":\"https:\/\/mitawt.mentine.work\/es\/objetivos\/tratamiento-y-refrigeracion-del-agua\/#primaryimage\"},\"thumbnailUrl\":\"https:\/\/mitawt.mentine.work\/wp-content\/uploads\/2023\/12\/Raffreddamento-e-Trattamento-Acque-Reflue.jpg\",\"datePublished\":\"2023-12-06T16:46:14+00:00\",\"dateModified\":\"2024-09-17T11:43:04+00:00\",\"description\":\"Tratamiento de aguas de refrigeraci\u00f3n. Gesti\u00f3n integrada de aguas residuales: depuraci\u00f3n de aguas residuales y eliminaci\u00f3n de calor.\",\"breadcrumb\":{\"@id\":\"https:\/\/mitawt.mentine.work\/es\/objetivos\/tratamiento-y-refrigeracion-del-agua\/#breadcrumb\"},\"inLanguage\":\"es-ES\",\"potentialAction\":[{\"@type\":\"ReadAction\",\"target\":[\"https:\/\/mitawt.mentine.work\/es\/objetivos\/tratamiento-y-refrigeracion-del-agua\/\"]}]},{\"@type\":\"ImageObject\",\"inLanguage\":\"es-ES\",\"@id\":\"https:\/\/mitawt.mentine.work\/es\/objetivos\/tratamiento-y-refrigeracion-del-agua\/#primaryimage\",\"url\":\"https:\/\/mitawt.mentine.work\/wp-content\/uploads\/2023\/12\/Raffreddamento-e-Trattamento-Acque-Reflue.jpg\",\"contentUrl\":\"https:\/\/mitawt.mentine.work\/wp-content\/uploads\/2023\/12\/Raffreddamento-e-Trattamento-Acque-Reflue.jpg\",\"width\":1920,\"height\":1080,\"caption\":\"Raffreddamento e Trattamento Acque Reflue\"},{\"@type\":\"BreadcrumbList\",\"@id\":\"https:\/\/mitawt.mentine.work\/es\/objetivos\/tratamiento-y-refrigeracion-del-agua\/#breadcrumb\",\"itemListElement\":[{\"@type\":\"ListItem\",\"position\":1,\"name\":\"Home\",\"item\":\"https:\/\/mitawt.mentine.work\/es\/\"},{\"@type\":\"ListItem\",\"position\":2,\"name\":\"Objetivos\",\"item\":\"https:\/\/mitawt.mentine.work\/es\/objetivos\/\"},{\"@type\":\"ListItem\",\"position\":3,\"name\":\"Tratamiento y refrigeraci\u00f3n del agua\"}]},{\"@type\":\"WebSite\",\"@id\":\"https:\/\/mitawt.mentine.work\/es\/#website\",\"url\":\"https:\/\/mitawt.mentine.work\/es\/\",\"name\":\"MITA Water Technologies\",\"description\":\"Il tuo progetto di refrigerazione industriale\",\"potentialAction\":[{\"@type\":\"SearchAction\",\"target\":{\"@type\":\"EntryPoint\",\"urlTemplate\":\"https:\/\/mitawt.mentine.work\/es\/?s={search_term_string}\"},\"query-input\":{\"@type\":\"PropertyValueSpecification\",\"valueRequired\":true,\"valueName\":\"search_term_string\"}}],\"inLanguage\":\"es-ES\"}]}<\/script>\n<!-- \/ Yoast SEO plugin. -->","yoast_head_json":{"title":"Tratamiento del Agua de Refrigeraci\u00f3n - MITA Water Technologies","description":"Tratamiento de aguas de refrigeraci\u00f3n. Gesti\u00f3n integrada de aguas residuales: depuraci\u00f3n de aguas residuales y eliminaci\u00f3n de calor.","robots":{"index":"noindex","follow":"follow","max-snippet":"max-snippet:-1","max-image-preview":"max-image-preview:large","max-video-preview":"max-video-preview:-1"},"og_locale":"es_ES","og_type":"article","og_title":"Tratamiento del Agua de Refrigeraci\u00f3n - MITA Water Technologies","og_description":"Tratamiento de aguas de refrigeraci\u00f3n. Gesti\u00f3n integrada de aguas residuales: depuraci\u00f3n de aguas residuales y eliminaci\u00f3n de calor.","og_url":"https:\/\/mitawt.mentine.work\/es\/objetivos\/tratamiento-y-refrigeracion-del-agua\/","og_site_name":"MITA Water Technologies","article_modified_time":"2024-09-17T11:43:04+00:00","og_image":[{"width":1920,"height":1080,"url":"https:\/\/mitawt.mentine.work\/wp-content\/uploads\/2023\/12\/Raffreddamento-e-Trattamento-Acque-Reflue.jpg","type":"image\/jpeg"}],"twitter_card":"summary_large_image","schema":{"@context":"https:\/\/schema.org","@graph":[{"@type":"WebPage","@id":"https:\/\/mitawt.mentine.work\/es\/objetivos\/tratamiento-y-refrigeracion-del-agua\/","url":"https:\/\/mitawt.mentine.work\/es\/objetivos\/tratamiento-y-refrigeracion-del-agua\/","name":"Tratamiento del Agua de Refrigeraci\u00f3n - MITA Water Technologies","isPartOf":{"@id":"https:\/\/mitawt.mentine.work\/es\/#website"},"primaryImageOfPage":{"@id":"https:\/\/mitawt.mentine.work\/es\/objetivos\/tratamiento-y-refrigeracion-del-agua\/#primaryimage"},"image":{"@id":"https:\/\/mitawt.mentine.work\/es\/objetivos\/tratamiento-y-refrigeracion-del-agua\/#primaryimage"},"thumbnailUrl":"https:\/\/mitawt.mentine.work\/wp-content\/uploads\/2023\/12\/Raffreddamento-e-Trattamento-Acque-Reflue.jpg","datePublished":"2023-12-06T16:46:14+00:00","dateModified":"2024-09-17T11:43:04+00:00","description":"Tratamiento de aguas de refrigeraci\u00f3n. Gesti\u00f3n integrada de aguas residuales: depuraci\u00f3n de aguas residuales y eliminaci\u00f3n de calor.","breadcrumb":{"@id":"https:\/\/mitawt.mentine.work\/es\/objetivos\/tratamiento-y-refrigeracion-del-agua\/#breadcrumb"},"inLanguage":"es-ES","potentialAction":[{"@type":"ReadAction","target":["https:\/\/mitawt.mentine.work\/es\/objetivos\/tratamiento-y-refrigeracion-del-agua\/"]}]},{"@type":"ImageObject","inLanguage":"es-ES","@id":"https:\/\/mitawt.mentine.work\/es\/objetivos\/tratamiento-y-refrigeracion-del-agua\/#primaryimage","url":"https:\/\/mitawt.mentine.work\/wp-content\/uploads\/2023\/12\/Raffreddamento-e-Trattamento-Acque-Reflue.jpg","contentUrl":"https:\/\/mitawt.mentine.work\/wp-content\/uploads\/2023\/12\/Raffreddamento-e-Trattamento-Acque-Reflue.jpg","width":1920,"height":1080,"caption":"Raffreddamento e Trattamento Acque Reflue"},{"@type":"BreadcrumbList","@id":"https:\/\/mitawt.mentine.work\/es\/objetivos\/tratamiento-y-refrigeracion-del-agua\/#breadcrumb","itemListElement":[{"@type":"ListItem","position":1,"name":"Home","item":"https:\/\/mitawt.mentine.work\/es\/"},{"@type":"ListItem","position":2,"name":"Objetivos","item":"https:\/\/mitawt.mentine.work\/es\/objetivos\/"},{"@type":"ListItem","position":3,"name":"Tratamiento y refrigeraci\u00f3n del agua"}]},{"@type":"WebSite","@id":"https:\/\/mitawt.mentine.work\/es\/#website","url":"https:\/\/mitawt.mentine.work\/es\/","name":"MITA Water Technologies","description":"Il tuo progetto di refrigerazione industriale","potentialAction":[{"@type":"SearchAction","target":{"@type":"EntryPoint","urlTemplate":"https:\/\/mitawt.mentine.work\/es\/?s={search_term_string}"},"query-input":{"@type":"PropertyValueSpecification","valueRequired":true,"valueName":"search_term_string"}}],"inLanguage":"es-ES"}]}},"_links":{"self":[{"href":"https:\/\/mitawt.mentine.work\/es\/wp-json\/wp\/v2\/pages\/23756","targetHints":{"allow":["GET"]}}],"collection":[{"href":"https:\/\/mitawt.mentine.work\/es\/wp-json\/wp\/v2\/pages"}],"about":[{"href":"https:\/\/mitawt.mentine.work\/es\/wp-json\/wp\/v2\/types\/page"}],"author":[{"embeddable":true,"href":"https:\/\/mitawt.mentine.work\/es\/wp-json\/wp\/v2\/users\/11"}],"replies":[{"embeddable":true,"href":"https:\/\/mitawt.mentine.work\/es\/wp-json\/wp\/v2\/comments?post=23756"}],"version-history":[{"count":4,"href":"https:\/\/mitawt.mentine.work\/es\/wp-json\/wp\/v2\/pages\/23756\/revisions"}],"predecessor-version":[{"id":37550,"href":"https:\/\/mitawt.mentine.work\/es\/wp-json\/wp\/v2\/pages\/23756\/revisions\/37550"}],"up":[{"embeddable":true,"href":"https:\/\/mitawt.mentine.work\/es\/wp-json\/wp\/v2\/pages\/23664"}],"wp:featuredmedia":[{"embeddable":true,"href":"https:\/\/mitawt.mentine.work\/es\/wp-json\/wp\/v2\/media\/23692"}],"wp:attachment":[{"href":"https:\/\/mitawt.mentine.work\/es\/wp-json\/wp\/v2\/media?parent=23756"}],"curies":[{"name":"wp","href":"https:\/\/api.w.org\/{rel}","templated":true}]}}