{"id":22729,"date":"2023-11-16T15:20:45","date_gmt":"2023-11-16T14:20:45","guid":{"rendered":"https:\/\/www.mitawatertechnologies.com\/?page_id=22729"},"modified":"2024-02-20T17:24:09","modified_gmt":"2024-02-20T16:24:09","slug":"renovation-et-mise-a-niveau","status":"publish","type":"page","link":"https:\/\/mitawt.mentine.work\/fr\/services-et-assistance\/renovation-et-mise-a-niveau\/","title":{"rendered":"R\u00e9novation et mise \u00e0 niveau"},"content":{"rendered":"","protected":false},"excerpt":{"rendered":"","protected":false},"author":11,"featured_media":22623,"parent":22595,"menu_order":64,"comment_status":"closed","ping_status":"closed","template":"","meta":{"_acf_changed":false,"inline_featured_image":false,"footnotes":""},"class_list":["post-22729","page","type-page","status-publish","has-post-thumbnail","hentry"],"acf":[],"yoast_head":"<!-- This site is optimized with the Yoast SEO plugin v26.9 - https:\/\/yoast.com\/product\/yoast-seo-wordpress\/ -->\n<title>R\u00e9novation des syst\u00e8mes de traitement de l&#039;eau - MITA Water Technologies<\/title>\n<meta name=\"description\" content=\"Revamping des syst\u00e8mes de traitement des eaux MITA : assistance et conseil pour la modernisation et l&#039;am\u00e9lioration des \u00e9quipements de l&#039;entreprise.\" \/>\n<meta name=\"robots\" content=\"noindex, follow, max-snippet:-1, max-image-preview:large, max-video-preview:-1\" \/>\n<meta property=\"og:locale\" content=\"fr_FR\" \/>\n<meta property=\"og:type\" content=\"article\" \/>\n<meta property=\"og:title\" content=\"R\u00e9novation des syst\u00e8mes de traitement de l&#039;eau - MITA Water Technologies\" \/>\n<meta property=\"og:description\" content=\"Revamping des syst\u00e8mes de traitement des eaux MITA : assistance et conseil pour la modernisation et l&#039;am\u00e9lioration des \u00e9quipements de l&#039;entreprise.\" \/>\n<meta property=\"og:url\" content=\"https:\/\/mitawt.mentine.work\/fr\/services-et-assistance\/renovation-et-mise-a-niveau\/\" \/>\n<meta property=\"og:site_name\" content=\"MITA Water Technologies\" \/>\n<meta property=\"article:modified_time\" content=\"2024-02-20T16:24:09+00:00\" \/>\n<meta property=\"og:image\" content=\"https:\/\/mitawt.mentine.work\/wp-content\/uploads\/2023\/11\/Revamping-e-Upgrade-nel-Trattamento-Acque-Reflue.jpg\" \/>\n\t<meta property=\"og:image:width\" content=\"1920\" \/>\n\t<meta property=\"og:image:height\" content=\"1080\" \/>\n\t<meta property=\"og:image:type\" content=\"image\/jpeg\" \/>\n<meta name=\"twitter:card\" content=\"summary_large_image\" \/>\n<script type=\"application\/ld+json\" class=\"yoast-schema-graph\">{\"@context\":\"https:\/\/schema.org\",\"@graph\":[{\"@type\":\"WebPage\",\"@id\":\"https:\/\/mitawt.mentine.work\/fr\/services-et-assistance\/renovation-et-mise-a-niveau\/\",\"url\":\"https:\/\/mitawt.mentine.work\/fr\/services-et-assistance\/renovation-et-mise-a-niveau\/\",\"name\":\"R\u00e9novation des syst\u00e8mes de traitement de l'eau - MITA Water Technologies\",\"isPartOf\":{\"@id\":\"https:\/\/mitawt.mentine.work\/fr\/#website\"},\"primaryImageOfPage\":{\"@id\":\"https:\/\/mitawt.mentine.work\/fr\/services-et-assistance\/renovation-et-mise-a-niveau\/#primaryimage\"},\"image\":{\"@id\":\"https:\/\/mitawt.mentine.work\/fr\/services-et-assistance\/renovation-et-mise-a-niveau\/#primaryimage\"},\"thumbnailUrl\":\"https:\/\/mitawt.mentine.work\/wp-content\/uploads\/2023\/11\/Revamping-e-Upgrade-nel-Trattamento-Acque-Reflue.jpg\",\"datePublished\":\"2023-11-16T14:20:45+00:00\",\"dateModified\":\"2024-02-20T16:24:09+00:00\",\"description\":\"Revamping des syst\u00e8mes de traitement des eaux MITA : assistance et conseil pour la modernisation et l'am\u00e9lioration des \u00e9quipements de l'entreprise.\",\"breadcrumb\":{\"@id\":\"https:\/\/mitawt.mentine.work\/fr\/services-et-assistance\/renovation-et-mise-a-niveau\/#breadcrumb\"},\"inLanguage\":\"fr-FR\",\"potentialAction\":[{\"@type\":\"ReadAction\",\"target\":[\"https:\/\/mitawt.mentine.work\/fr\/services-et-assistance\/renovation-et-mise-a-niveau\/\"]}]},{\"@type\":\"ImageObject\",\"inLanguage\":\"fr-FR\",\"@id\":\"https:\/\/mitawt.mentine.work\/fr\/services-et-assistance\/renovation-et-mise-a-niveau\/#primaryimage\",\"url\":\"https:\/\/mitawt.mentine.work\/wp-content\/uploads\/2023\/11\/Revamping-e-Upgrade-nel-Trattamento-Acque-Reflue.jpg\",\"contentUrl\":\"https:\/\/mitawt.mentine.work\/wp-content\/uploads\/2023\/11\/Revamping-e-Upgrade-nel-Trattamento-Acque-Reflue.jpg\",\"width\":1920,\"height\":1080,\"caption\":\"Revamping e Upgrade nel Trattamento Acque Reflue\"},{\"@type\":\"BreadcrumbList\",\"@id\":\"https:\/\/mitawt.mentine.work\/fr\/services-et-assistance\/renovation-et-mise-a-niveau\/#breadcrumb\",\"itemListElement\":[{\"@type\":\"ListItem\",\"position\":1,\"name\":\"Home\",\"item\":\"https:\/\/mitawt.mentine.work\/fr\/\"},{\"@type\":\"ListItem\",\"position\":2,\"name\":\"SERVICES et ASSISTANCE\",\"item\":\"https:\/\/mitawt.mentine.work\/fr\/services-et-assistance\/\"},{\"@type\":\"ListItem\",\"position\":3,\"name\":\"R\u00e9novation et mise \u00e0 niveau\"}]},{\"@type\":\"WebSite\",\"@id\":\"https:\/\/mitawt.mentine.work\/fr\/#website\",\"url\":\"https:\/\/mitawt.mentine.work\/fr\/\",\"name\":\"MITA Water Technologies\",\"description\":\"Il tuo progetto di refrigerazione industriale\",\"potentialAction\":[{\"@type\":\"SearchAction\",\"target\":{\"@type\":\"EntryPoint\",\"urlTemplate\":\"https:\/\/mitawt.mentine.work\/fr\/?s={search_term_string}\"},\"query-input\":{\"@type\":\"PropertyValueSpecification\",\"valueRequired\":true,\"valueName\":\"search_term_string\"}}],\"inLanguage\":\"fr-FR\"}]}<\/script>\n<!-- \/ Yoast SEO plugin. -->","yoast_head_json":{"title":"R\u00e9novation des syst\u00e8mes de traitement de l'eau - MITA Water Technologies","description":"Revamping des syst\u00e8mes de traitement des eaux MITA : assistance et conseil pour la modernisation et l'am\u00e9lioration des \u00e9quipements de l'entreprise.","robots":{"index":"noindex","follow":"follow","max-snippet":"max-snippet:-1","max-image-preview":"max-image-preview:large","max-video-preview":"max-video-preview:-1"},"og_locale":"fr_FR","og_type":"article","og_title":"R\u00e9novation des syst\u00e8mes de traitement de l'eau - MITA Water Technologies","og_description":"Revamping des syst\u00e8mes de traitement des eaux MITA : assistance et conseil pour la modernisation et l'am\u00e9lioration des \u00e9quipements de l'entreprise.","og_url":"https:\/\/mitawt.mentine.work\/fr\/services-et-assistance\/renovation-et-mise-a-niveau\/","og_site_name":"MITA Water Technologies","article_modified_time":"2024-02-20T16:24:09+00:00","og_image":[{"width":1920,"height":1080,"url":"https:\/\/mitawt.mentine.work\/wp-content\/uploads\/2023\/11\/Revamping-e-Upgrade-nel-Trattamento-Acque-Reflue.jpg","type":"image\/jpeg"}],"twitter_card":"summary_large_image","schema":{"@context":"https:\/\/schema.org","@graph":[{"@type":"WebPage","@id":"https:\/\/mitawt.mentine.work\/fr\/services-et-assistance\/renovation-et-mise-a-niveau\/","url":"https:\/\/mitawt.mentine.work\/fr\/services-et-assistance\/renovation-et-mise-a-niveau\/","name":"R\u00e9novation des syst\u00e8mes de traitement de l'eau - MITA Water Technologies","isPartOf":{"@id":"https:\/\/mitawt.mentine.work\/fr\/#website"},"primaryImageOfPage":{"@id":"https:\/\/mitawt.mentine.work\/fr\/services-et-assistance\/renovation-et-mise-a-niveau\/#primaryimage"},"image":{"@id":"https:\/\/mitawt.mentine.work\/fr\/services-et-assistance\/renovation-et-mise-a-niveau\/#primaryimage"},"thumbnailUrl":"https:\/\/mitawt.mentine.work\/wp-content\/uploads\/2023\/11\/Revamping-e-Upgrade-nel-Trattamento-Acque-Reflue.jpg","datePublished":"2023-11-16T14:20:45+00:00","dateModified":"2024-02-20T16:24:09+00:00","description":"Revamping des syst\u00e8mes de traitement des eaux MITA : assistance et conseil pour la modernisation et l'am\u00e9lioration des \u00e9quipements de l'entreprise.","breadcrumb":{"@id":"https:\/\/mitawt.mentine.work\/fr\/services-et-assistance\/renovation-et-mise-a-niveau\/#breadcrumb"},"inLanguage":"fr-FR","potentialAction":[{"@type":"ReadAction","target":["https:\/\/mitawt.mentine.work\/fr\/services-et-assistance\/renovation-et-mise-a-niveau\/"]}]},{"@type":"ImageObject","inLanguage":"fr-FR","@id":"https:\/\/mitawt.mentine.work\/fr\/services-et-assistance\/renovation-et-mise-a-niveau\/#primaryimage","url":"https:\/\/mitawt.mentine.work\/wp-content\/uploads\/2023\/11\/Revamping-e-Upgrade-nel-Trattamento-Acque-Reflue.jpg","contentUrl":"https:\/\/mitawt.mentine.work\/wp-content\/uploads\/2023\/11\/Revamping-e-Upgrade-nel-Trattamento-Acque-Reflue.jpg","width":1920,"height":1080,"caption":"Revamping e Upgrade nel Trattamento Acque Reflue"},{"@type":"BreadcrumbList","@id":"https:\/\/mitawt.mentine.work\/fr\/services-et-assistance\/renovation-et-mise-a-niveau\/#breadcrumb","itemListElement":[{"@type":"ListItem","position":1,"name":"Home","item":"https:\/\/mitawt.mentine.work\/fr\/"},{"@type":"ListItem","position":2,"name":"SERVICES et ASSISTANCE","item":"https:\/\/mitawt.mentine.work\/fr\/services-et-assistance\/"},{"@type":"ListItem","position":3,"name":"R\u00e9novation et mise \u00e0 niveau"}]},{"@type":"WebSite","@id":"https:\/\/mitawt.mentine.work\/fr\/#website","url":"https:\/\/mitawt.mentine.work\/fr\/","name":"MITA Water Technologies","description":"Il tuo progetto di refrigerazione industriale","potentialAction":[{"@type":"SearchAction","target":{"@type":"EntryPoint","urlTemplate":"https:\/\/mitawt.mentine.work\/fr\/?s={search_term_string}"},"query-input":{"@type":"PropertyValueSpecification","valueRequired":true,"valueName":"search_term_string"}}],"inLanguage":"fr-FR"}]}},"_links":{"self":[{"href":"https:\/\/mitawt.mentine.work\/fr\/wp-json\/wp\/v2\/pages\/22729","targetHints":{"allow":["GET"]}}],"collection":[{"href":"https:\/\/mitawt.mentine.work\/fr\/wp-json\/wp\/v2\/pages"}],"about":[{"href":"https:\/\/mitawt.mentine.work\/fr\/wp-json\/wp\/v2\/types\/page"}],"author":[{"embeddable":true,"href":"https:\/\/mitawt.mentine.work\/fr\/wp-json\/wp\/v2\/users\/11"}],"replies":[{"embeddable":true,"href":"https:\/\/mitawt.mentine.work\/fr\/wp-json\/wp\/v2\/comments?post=22729"}],"version-history":[{"count":2,"href":"https:\/\/mitawt.mentine.work\/fr\/wp-json\/wp\/v2\/pages\/22729\/revisions"}],"predecessor-version":[{"id":22734,"href":"https:\/\/mitawt.mentine.work\/fr\/wp-json\/wp\/v2\/pages\/22729\/revisions\/22734"}],"up":[{"embeddable":true,"href":"https:\/\/mitawt.mentine.work\/fr\/wp-json\/wp\/v2\/pages\/22595"}],"wp:featuredmedia":[{"embeddable":true,"href":"https:\/\/mitawt.mentine.work\/fr\/wp-json\/wp\/v2\/media\/22623"}],"wp:attachment":[{"href":"https:\/\/mitawt.mentine.work\/fr\/wp-json\/wp\/v2\/media?parent=22729"}],"curies":[{"name":"wp","href":"https:\/\/api.w.org\/{rel}","templated":true}]}}