{"id":23654,"date":"2023-03-13T15:41:05","date_gmt":"2023-03-13T14:41:05","guid":{"rendered":"https:\/\/www.mitawatertechnologies.com\/goals\/"},"modified":"2024-02-26T14:28:52","modified_gmt":"2024-02-26T13:28:52","slug":"objectifs","status":"publish","type":"page","link":"https:\/\/mitawt.mentine.work\/fr\/objectifs\/","title":{"rendered":"Objectifs"},"content":{"rendered":"","protected":false},"excerpt":{"rendered":"","protected":false},"author":11,"featured_media":0,"parent":0,"menu_order":180,"comment_status":"closed","ping_status":"closed","template":"pagina-lista-figlie.php","meta":{"_acf_changed":false,"inline_featured_image":false,"footnotes":""},"class_list":["post-23654","page","type-page","status-publish","hentry"],"acf":[],"yoast_head":"<!-- This site is optimized with the Yoast SEO plugin v26.9 - https:\/\/yoast.com\/product\/yoast-seo-wordpress\/ -->\n<title>Traitement des eaux us\u00e9es : \u00e9limination ou r\u00e9utilisation ? - MITA Water Technologies<\/title>\n<meta name=\"description\" content=\"Objectifs du traitement : \u00e9limination ou r\u00e9utilisation des eaux. R\u00e9cup\u00e9ration des eaux industrielles, traitement des eaux de refroidissement.\" \/>\n<meta name=\"robots\" content=\"noindex, follow, max-snippet:-1, max-image-preview:large, max-video-preview:-1\" \/>\n<meta property=\"og:locale\" content=\"fr_FR\" \/>\n<meta property=\"og:type\" content=\"article\" \/>\n<meta property=\"og:title\" content=\"Traitement des eaux us\u00e9es : \u00e9limination ou r\u00e9utilisation ? - MITA Water Technologies\" \/>\n<meta property=\"og:description\" content=\"Objectifs du traitement : \u00e9limination ou r\u00e9utilisation des eaux. R\u00e9cup\u00e9ration des eaux industrielles, traitement des eaux de refroidissement.\" \/>\n<meta property=\"og:url\" content=\"https:\/\/mitawt.mentine.work\/fr\/objectifs\/\" \/>\n<meta property=\"og:site_name\" content=\"MITA Water Technologies\" \/>\n<meta property=\"article:modified_time\" content=\"2024-02-26T13:28:52+00:00\" \/>\n<meta name=\"twitter:card\" content=\"summary_large_image\" \/>\n<script type=\"application\/ld+json\" class=\"yoast-schema-graph\">{\"@context\":\"https:\/\/schema.org\",\"@graph\":[{\"@type\":\"WebPage\",\"@id\":\"https:\/\/mitawt.mentine.work\/fr\/objectifs\/\",\"url\":\"https:\/\/mitawt.mentine.work\/fr\/objectifs\/\",\"name\":\"Traitement des eaux us\u00e9es : \u00e9limination ou r\u00e9utilisation ? - MITA Water Technologies\",\"isPartOf\":{\"@id\":\"https:\/\/mitawt.mentine.work\/fr\/#website\"},\"datePublished\":\"2023-03-13T14:41:05+00:00\",\"dateModified\":\"2024-02-26T13:28:52+00:00\",\"description\":\"Objectifs du traitement : \u00e9limination ou r\u00e9utilisation des eaux. R\u00e9cup\u00e9ration des eaux industrielles, traitement des eaux de refroidissement.\",\"breadcrumb\":{\"@id\":\"https:\/\/mitawt.mentine.work\/fr\/objectifs\/#breadcrumb\"},\"inLanguage\":\"fr-FR\",\"potentialAction\":[{\"@type\":\"ReadAction\",\"target\":[\"https:\/\/mitawt.mentine.work\/fr\/objectifs\/\"]}]},{\"@type\":\"BreadcrumbList\",\"@id\":\"https:\/\/mitawt.mentine.work\/fr\/objectifs\/#breadcrumb\",\"itemListElement\":[{\"@type\":\"ListItem\",\"position\":1,\"name\":\"Home\",\"item\":\"https:\/\/mitawt.mentine.work\/fr\/\"},{\"@type\":\"ListItem\",\"position\":2,\"name\":\"Objectifs\"}]},{\"@type\":\"WebSite\",\"@id\":\"https:\/\/mitawt.mentine.work\/fr\/#website\",\"url\":\"https:\/\/mitawt.mentine.work\/fr\/\",\"name\":\"MITA Water Technologies\",\"description\":\"Il tuo progetto di refrigerazione industriale\",\"potentialAction\":[{\"@type\":\"SearchAction\",\"target\":{\"@type\":\"EntryPoint\",\"urlTemplate\":\"https:\/\/mitawt.mentine.work\/fr\/?s={search_term_string}\"},\"query-input\":{\"@type\":\"PropertyValueSpecification\",\"valueRequired\":true,\"valueName\":\"search_term_string\"}}],\"inLanguage\":\"fr-FR\"}]}<\/script>\n<!-- \/ Yoast SEO plugin. -->","yoast_head_json":{"title":"Traitement des eaux us\u00e9es : \u00e9limination ou r\u00e9utilisation ? - MITA Water Technologies","description":"Objectifs du traitement : \u00e9limination ou r\u00e9utilisation des eaux. R\u00e9cup\u00e9ration des eaux industrielles, traitement des eaux de refroidissement.","robots":{"index":"noindex","follow":"follow","max-snippet":"max-snippet:-1","max-image-preview":"max-image-preview:large","max-video-preview":"max-video-preview:-1"},"og_locale":"fr_FR","og_type":"article","og_title":"Traitement des eaux us\u00e9es : \u00e9limination ou r\u00e9utilisation ? - MITA Water Technologies","og_description":"Objectifs du traitement : \u00e9limination ou r\u00e9utilisation des eaux. R\u00e9cup\u00e9ration des eaux industrielles, traitement des eaux de refroidissement.","og_url":"https:\/\/mitawt.mentine.work\/fr\/objectifs\/","og_site_name":"MITA Water Technologies","article_modified_time":"2024-02-26T13:28:52+00:00","twitter_card":"summary_large_image","schema":{"@context":"https:\/\/schema.org","@graph":[{"@type":"WebPage","@id":"https:\/\/mitawt.mentine.work\/fr\/objectifs\/","url":"https:\/\/mitawt.mentine.work\/fr\/objectifs\/","name":"Traitement des eaux us\u00e9es : \u00e9limination ou r\u00e9utilisation ? - MITA Water Technologies","isPartOf":{"@id":"https:\/\/mitawt.mentine.work\/fr\/#website"},"datePublished":"2023-03-13T14:41:05+00:00","dateModified":"2024-02-26T13:28:52+00:00","description":"Objectifs du traitement : \u00e9limination ou r\u00e9utilisation des eaux. R\u00e9cup\u00e9ration des eaux industrielles, traitement des eaux de refroidissement.","breadcrumb":{"@id":"https:\/\/mitawt.mentine.work\/fr\/objectifs\/#breadcrumb"},"inLanguage":"fr-FR","potentialAction":[{"@type":"ReadAction","target":["https:\/\/mitawt.mentine.work\/fr\/objectifs\/"]}]},{"@type":"BreadcrumbList","@id":"https:\/\/mitawt.mentine.work\/fr\/objectifs\/#breadcrumb","itemListElement":[{"@type":"ListItem","position":1,"name":"Home","item":"https:\/\/mitawt.mentine.work\/fr\/"},{"@type":"ListItem","position":2,"name":"Objectifs"}]},{"@type":"WebSite","@id":"https:\/\/mitawt.mentine.work\/fr\/#website","url":"https:\/\/mitawt.mentine.work\/fr\/","name":"MITA Water Technologies","description":"Il tuo progetto di refrigerazione industriale","potentialAction":[{"@type":"SearchAction","target":{"@type":"EntryPoint","urlTemplate":"https:\/\/mitawt.mentine.work\/fr\/?s={search_term_string}"},"query-input":{"@type":"PropertyValueSpecification","valueRequired":true,"valueName":"search_term_string"}}],"inLanguage":"fr-FR"}]}},"_links":{"self":[{"href":"https:\/\/mitawt.mentine.work\/fr\/wp-json\/wp\/v2\/pages\/23654","targetHints":{"allow":["GET"]}}],"collection":[{"href":"https:\/\/mitawt.mentine.work\/fr\/wp-json\/wp\/v2\/pages"}],"about":[{"href":"https:\/\/mitawt.mentine.work\/fr\/wp-json\/wp\/v2\/types\/page"}],"author":[{"embeddable":true,"href":"https:\/\/mitawt.mentine.work\/fr\/wp-json\/wp\/v2\/users\/11"}],"replies":[{"embeddable":true,"href":"https:\/\/mitawt.mentine.work\/fr\/wp-json\/wp\/v2\/comments?post=23654"}],"version-history":[{"count":2,"href":"https:\/\/mitawt.mentine.work\/fr\/wp-json\/wp\/v2\/pages\/23654\/revisions"}],"predecessor-version":[{"id":23656,"href":"https:\/\/mitawt.mentine.work\/fr\/wp-json\/wp\/v2\/pages\/23654\/revisions\/23656"}],"wp:attachment":[{"href":"https:\/\/mitawt.mentine.work\/fr\/wp-json\/wp\/v2\/media?parent=23654"}],"curies":[{"name":"wp","href":"https:\/\/api.w.org\/{rel}","templated":true}]}}