{"id":23735,"date":"2023-12-06T17:05:55","date_gmt":"2023-12-06T16:05:55","guid":{"rendered":"https:\/\/www.mitawatertechnologies.com\/?page_id=23735"},"modified":"2024-02-26T14:59:16","modified_gmt":"2024-02-26T13:59:16","slug":"evacuation-des-eaux","status":"publish","type":"page","link":"https:\/\/mitawt.mentine.work\/fr\/objectifs\/evacuation-des-eaux\/","title":{"rendered":"\u00c9vacuation des eaux"},"content":{"rendered":"","protected":false},"excerpt":{"rendered":"","protected":false},"author":11,"featured_media":23695,"parent":23654,"menu_order":199,"comment_status":"closed","ping_status":"closed","template":"","meta":{"_acf_changed":false,"inline_featured_image":false,"footnotes":""},"class_list":["post-23735","page","type-page","status-publish","has-post-thumbnail","hentry"],"acf":[],"yoast_head":"<!-- This site is optimized with the Yoast SEO plugin v26.9 - https:\/\/yoast.com\/product\/yoast-seo-wordpress\/ -->\n<title>\u00c9vacuation des Eaux Us\u00e9es - MITA Water Technologies<\/title>\n<meta name=\"description\" content=\"\u00c9vacuation des Eaux Us\u00e9es : r\u00e9glementations et technologies. Solutions d&#039;\u00e9vacuation des eaux us\u00e9es pour l&#039;industrie et le secteur civil.\" \/>\n<meta name=\"robots\" content=\"noindex, follow, max-snippet:-1, max-image-preview:large, max-video-preview:-1\" \/>\n<meta property=\"og:locale\" content=\"fr_FR\" \/>\n<meta property=\"og:type\" content=\"article\" \/>\n<meta property=\"og:title\" content=\"\u00c9vacuation des Eaux Us\u00e9es - MITA Water Technologies\" \/>\n<meta property=\"og:description\" content=\"\u00c9vacuation des Eaux Us\u00e9es : r\u00e9glementations et technologies. Solutions d&#039;\u00e9vacuation des eaux us\u00e9es pour l&#039;industrie et le secteur civil.\" \/>\n<meta property=\"og:url\" content=\"https:\/\/mitawt.mentine.work\/fr\/objectifs\/evacuation-des-eaux\/\" \/>\n<meta property=\"og:site_name\" content=\"MITA Water Technologies\" \/>\n<meta property=\"article:modified_time\" content=\"2024-02-26T13:59:16+00:00\" \/>\n<meta property=\"og:image\" content=\"https:\/\/mitawt.mentine.work\/wp-content\/uploads\/2023\/12\/Smaltimento-Acque-secondo-Normative.jpg\" \/>\n\t<meta property=\"og:image:width\" content=\"1920\" \/>\n\t<meta property=\"og:image:height\" content=\"1080\" \/>\n\t<meta property=\"og:image:type\" content=\"image\/jpeg\" \/>\n<meta name=\"twitter:card\" content=\"summary_large_image\" \/>\n<script type=\"application\/ld+json\" class=\"yoast-schema-graph\">{\"@context\":\"https:\/\/schema.org\",\"@graph\":[{\"@type\":\"WebPage\",\"@id\":\"https:\/\/mitawt.mentine.work\/fr\/objectifs\/evacuation-des-eaux\/\",\"url\":\"https:\/\/mitawt.mentine.work\/fr\/objectifs\/evacuation-des-eaux\/\",\"name\":\"\u00c9vacuation des Eaux Us\u00e9es - MITA Water Technologies\",\"isPartOf\":{\"@id\":\"https:\/\/mitawt.mentine.work\/fr\/#website\"},\"primaryImageOfPage\":{\"@id\":\"https:\/\/mitawt.mentine.work\/fr\/objectifs\/evacuation-des-eaux\/#primaryimage\"},\"image\":{\"@id\":\"https:\/\/mitawt.mentine.work\/fr\/objectifs\/evacuation-des-eaux\/#primaryimage\"},\"thumbnailUrl\":\"https:\/\/mitawt.mentine.work\/wp-content\/uploads\/2023\/12\/Smaltimento-Acque-secondo-Normative.jpg\",\"datePublished\":\"2023-12-06T16:05:55+00:00\",\"dateModified\":\"2024-02-26T13:59:16+00:00\",\"description\":\"\u00c9vacuation des Eaux Us\u00e9es : r\u00e9glementations et technologies. Solutions d'\u00e9vacuation des eaux us\u00e9es pour l'industrie et le secteur civil.\",\"breadcrumb\":{\"@id\":\"https:\/\/mitawt.mentine.work\/fr\/objectifs\/evacuation-des-eaux\/#breadcrumb\"},\"inLanguage\":\"fr-FR\",\"potentialAction\":[{\"@type\":\"ReadAction\",\"target\":[\"https:\/\/mitawt.mentine.work\/fr\/objectifs\/evacuation-des-eaux\/\"]}]},{\"@type\":\"ImageObject\",\"inLanguage\":\"fr-FR\",\"@id\":\"https:\/\/mitawt.mentine.work\/fr\/objectifs\/evacuation-des-eaux\/#primaryimage\",\"url\":\"https:\/\/mitawt.mentine.work\/wp-content\/uploads\/2023\/12\/Smaltimento-Acque-secondo-Normative.jpg\",\"contentUrl\":\"https:\/\/mitawt.mentine.work\/wp-content\/uploads\/2023\/12\/Smaltimento-Acque-secondo-Normative.jpg\",\"width\":1920,\"height\":1080,\"caption\":\"Smaltimento Acque secondo Normative\"},{\"@type\":\"BreadcrumbList\",\"@id\":\"https:\/\/mitawt.mentine.work\/fr\/objectifs\/evacuation-des-eaux\/#breadcrumb\",\"itemListElement\":[{\"@type\":\"ListItem\",\"position\":1,\"name\":\"Home\",\"item\":\"https:\/\/mitawt.mentine.work\/fr\/\"},{\"@type\":\"ListItem\",\"position\":2,\"name\":\"Objectifs\",\"item\":\"https:\/\/mitawt.mentine.work\/fr\/objectifs\/\"},{\"@type\":\"ListItem\",\"position\":3,\"name\":\"\u00c9vacuation des eaux\"}]},{\"@type\":\"WebSite\",\"@id\":\"https:\/\/mitawt.mentine.work\/fr\/#website\",\"url\":\"https:\/\/mitawt.mentine.work\/fr\/\",\"name\":\"MITA Water Technologies\",\"description\":\"Il tuo progetto di refrigerazione industriale\",\"potentialAction\":[{\"@type\":\"SearchAction\",\"target\":{\"@type\":\"EntryPoint\",\"urlTemplate\":\"https:\/\/mitawt.mentine.work\/fr\/?s={search_term_string}\"},\"query-input\":{\"@type\":\"PropertyValueSpecification\",\"valueRequired\":true,\"valueName\":\"search_term_string\"}}],\"inLanguage\":\"fr-FR\"}]}<\/script>\n<!-- \/ Yoast SEO plugin. -->","yoast_head_json":{"title":"\u00c9vacuation des Eaux Us\u00e9es - MITA Water Technologies","description":"\u00c9vacuation des Eaux Us\u00e9es : r\u00e9glementations et technologies. Solutions d'\u00e9vacuation des eaux us\u00e9es pour l'industrie et le secteur civil.","robots":{"index":"noindex","follow":"follow","max-snippet":"max-snippet:-1","max-image-preview":"max-image-preview:large","max-video-preview":"max-video-preview:-1"},"og_locale":"fr_FR","og_type":"article","og_title":"\u00c9vacuation des Eaux Us\u00e9es - MITA Water Technologies","og_description":"\u00c9vacuation des Eaux Us\u00e9es : r\u00e9glementations et technologies. Solutions d'\u00e9vacuation des eaux us\u00e9es pour l'industrie et le secteur civil.","og_url":"https:\/\/mitawt.mentine.work\/fr\/objectifs\/evacuation-des-eaux\/","og_site_name":"MITA Water Technologies","article_modified_time":"2024-02-26T13:59:16+00:00","og_image":[{"width":1920,"height":1080,"url":"https:\/\/mitawt.mentine.work\/wp-content\/uploads\/2023\/12\/Smaltimento-Acque-secondo-Normative.jpg","type":"image\/jpeg"}],"twitter_card":"summary_large_image","schema":{"@context":"https:\/\/schema.org","@graph":[{"@type":"WebPage","@id":"https:\/\/mitawt.mentine.work\/fr\/objectifs\/evacuation-des-eaux\/","url":"https:\/\/mitawt.mentine.work\/fr\/objectifs\/evacuation-des-eaux\/","name":"\u00c9vacuation des Eaux Us\u00e9es - MITA Water Technologies","isPartOf":{"@id":"https:\/\/mitawt.mentine.work\/fr\/#website"},"primaryImageOfPage":{"@id":"https:\/\/mitawt.mentine.work\/fr\/objectifs\/evacuation-des-eaux\/#primaryimage"},"image":{"@id":"https:\/\/mitawt.mentine.work\/fr\/objectifs\/evacuation-des-eaux\/#primaryimage"},"thumbnailUrl":"https:\/\/mitawt.mentine.work\/wp-content\/uploads\/2023\/12\/Smaltimento-Acque-secondo-Normative.jpg","datePublished":"2023-12-06T16:05:55+00:00","dateModified":"2024-02-26T13:59:16+00:00","description":"\u00c9vacuation des Eaux Us\u00e9es : r\u00e9glementations et technologies. Solutions d'\u00e9vacuation des eaux us\u00e9es pour l'industrie et le secteur civil.","breadcrumb":{"@id":"https:\/\/mitawt.mentine.work\/fr\/objectifs\/evacuation-des-eaux\/#breadcrumb"},"inLanguage":"fr-FR","potentialAction":[{"@type":"ReadAction","target":["https:\/\/mitawt.mentine.work\/fr\/objectifs\/evacuation-des-eaux\/"]}]},{"@type":"ImageObject","inLanguage":"fr-FR","@id":"https:\/\/mitawt.mentine.work\/fr\/objectifs\/evacuation-des-eaux\/#primaryimage","url":"https:\/\/mitawt.mentine.work\/wp-content\/uploads\/2023\/12\/Smaltimento-Acque-secondo-Normative.jpg","contentUrl":"https:\/\/mitawt.mentine.work\/wp-content\/uploads\/2023\/12\/Smaltimento-Acque-secondo-Normative.jpg","width":1920,"height":1080,"caption":"Smaltimento Acque secondo Normative"},{"@type":"BreadcrumbList","@id":"https:\/\/mitawt.mentine.work\/fr\/objectifs\/evacuation-des-eaux\/#breadcrumb","itemListElement":[{"@type":"ListItem","position":1,"name":"Home","item":"https:\/\/mitawt.mentine.work\/fr\/"},{"@type":"ListItem","position":2,"name":"Objectifs","item":"https:\/\/mitawt.mentine.work\/fr\/objectifs\/"},{"@type":"ListItem","position":3,"name":"\u00c9vacuation des eaux"}]},{"@type":"WebSite","@id":"https:\/\/mitawt.mentine.work\/fr\/#website","url":"https:\/\/mitawt.mentine.work\/fr\/","name":"MITA Water Technologies","description":"Il tuo progetto di refrigerazione industriale","potentialAction":[{"@type":"SearchAction","target":{"@type":"EntryPoint","urlTemplate":"https:\/\/mitawt.mentine.work\/fr\/?s={search_term_string}"},"query-input":{"@type":"PropertyValueSpecification","valueRequired":true,"valueName":"search_term_string"}}],"inLanguage":"fr-FR"}]}},"_links":{"self":[{"href":"https:\/\/mitawt.mentine.work\/fr\/wp-json\/wp\/v2\/pages\/23735","targetHints":{"allow":["GET"]}}],"collection":[{"href":"https:\/\/mitawt.mentine.work\/fr\/wp-json\/wp\/v2\/pages"}],"about":[{"href":"https:\/\/mitawt.mentine.work\/fr\/wp-json\/wp\/v2\/types\/page"}],"author":[{"embeddable":true,"href":"https:\/\/mitawt.mentine.work\/fr\/wp-json\/wp\/v2\/users\/11"}],"replies":[{"embeddable":true,"href":"https:\/\/mitawt.mentine.work\/fr\/wp-json\/wp\/v2\/comments?post=23735"}],"version-history":[{"count":6,"href":"https:\/\/mitawt.mentine.work\/fr\/wp-json\/wp\/v2\/pages\/23735\/revisions"}],"predecessor-version":[{"id":25816,"href":"https:\/\/mitawt.mentine.work\/fr\/wp-json\/wp\/v2\/pages\/23735\/revisions\/25816"}],"up":[{"embeddable":true,"href":"https:\/\/mitawt.mentine.work\/fr\/wp-json\/wp\/v2\/pages\/23654"}],"wp:featuredmedia":[{"embeddable":true,"href":"https:\/\/mitawt.mentine.work\/fr\/wp-json\/wp\/v2\/media\/23695"}],"wp:attachment":[{"href":"https:\/\/mitawt.mentine.work\/fr\/wp-json\/wp\/v2\/media?parent=23735"}],"curies":[{"name":"wp","href":"https:\/\/api.w.org\/{rel}","templated":true}]}}