{"id":23757,"date":"2023-12-06T17:38:06","date_gmt":"2023-12-06T16:38:06","guid":{"rendered":"https:\/\/www.mitawatertechnologies.com\/?page_id=23757"},"modified":"2024-09-17T13:42:09","modified_gmt":"2024-09-17T11:42:09","slug":"traitement-de-leau-et-refroidissement","status":"publish","type":"page","link":"https:\/\/mitawt.mentine.work\/fr\/objectifs\/traitement-de-leau-et-refroidissement\/","title":{"rendered":"Traitement de l&rsquo;eau et refroidissement"},"content":{"rendered":"","protected":false},"excerpt":{"rendered":"","protected":false},"author":11,"featured_media":23690,"parent":23654,"menu_order":208,"comment_status":"closed","ping_status":"closed","template":"","meta":{"_acf_changed":false,"inline_featured_image":false,"footnotes":""},"class_list":["post-23757","page","type-page","status-publish","has-post-thumbnail","hentry"],"acf":[],"yoast_head":"<!-- This site is optimized with the Yoast SEO plugin v26.9 - https:\/\/yoast.com\/product\/yoast-seo-wordpress\/ -->\n<title>Traitement de l&#039;Eau de Refroidissement - MITA Water Technologies<\/title>\n<meta name=\"description\" content=\"Traitement des eaux de refroidissement. Gestion int\u00e9gr\u00e9e de l&#039;eau : \u00e9puration des eaux us\u00e9es et \u00e9vacuation de la chaleur.\" \/>\n<meta name=\"robots\" content=\"noindex, follow, max-snippet:-1, max-image-preview:large, max-video-preview:-1\" \/>\n<meta property=\"og:locale\" content=\"fr_FR\" \/>\n<meta property=\"og:type\" content=\"article\" \/>\n<meta property=\"og:title\" content=\"Traitement de l&#039;Eau de Refroidissement - MITA Water Technologies\" \/>\n<meta property=\"og:description\" content=\"Traitement des eaux de refroidissement. Gestion int\u00e9gr\u00e9e de l&#039;eau : \u00e9puration des eaux us\u00e9es et \u00e9vacuation de la chaleur.\" \/>\n<meta property=\"og:url\" content=\"https:\/\/mitawt.mentine.work\/fr\/objectifs\/traitement-de-leau-et-refroidissement\/\" \/>\n<meta property=\"og:site_name\" content=\"MITA Water Technologies\" \/>\n<meta property=\"article:modified_time\" content=\"2024-09-17T11:42:09+00:00\" \/>\n<meta property=\"og:image\" content=\"https:\/\/mitawt.mentine.work\/wp-content\/uploads\/2023\/12\/Raffreddamento-e-Trattamento-Acque-Reflue.jpg\" \/>\n\t<meta property=\"og:image:width\" content=\"1920\" \/>\n\t<meta property=\"og:image:height\" content=\"1080\" \/>\n\t<meta property=\"og:image:type\" content=\"image\/jpeg\" \/>\n<meta name=\"twitter:card\" content=\"summary_large_image\" \/>\n<script type=\"application\/ld+json\" class=\"yoast-schema-graph\">{\"@context\":\"https:\/\/schema.org\",\"@graph\":[{\"@type\":\"WebPage\",\"@id\":\"https:\/\/mitawt.mentine.work\/fr\/objectifs\/traitement-de-leau-et-refroidissement\/\",\"url\":\"https:\/\/mitawt.mentine.work\/fr\/objectifs\/traitement-de-leau-et-refroidissement\/\",\"name\":\"Traitement de l'Eau de Refroidissement - MITA Water Technologies\",\"isPartOf\":{\"@id\":\"https:\/\/mitawt.mentine.work\/fr\/#website\"},\"primaryImageOfPage\":{\"@id\":\"https:\/\/mitawt.mentine.work\/fr\/objectifs\/traitement-de-leau-et-refroidissement\/#primaryimage\"},\"image\":{\"@id\":\"https:\/\/mitawt.mentine.work\/fr\/objectifs\/traitement-de-leau-et-refroidissement\/#primaryimage\"},\"thumbnailUrl\":\"https:\/\/mitawt.mentine.work\/wp-content\/uploads\/2023\/12\/Raffreddamento-e-Trattamento-Acque-Reflue.jpg\",\"datePublished\":\"2023-12-06T16:38:06+00:00\",\"dateModified\":\"2024-09-17T11:42:09+00:00\",\"description\":\"Traitement des eaux de refroidissement. Gestion int\u00e9gr\u00e9e de l'eau : \u00e9puration des eaux us\u00e9es et \u00e9vacuation de la chaleur.\",\"breadcrumb\":{\"@id\":\"https:\/\/mitawt.mentine.work\/fr\/objectifs\/traitement-de-leau-et-refroidissement\/#breadcrumb\"},\"inLanguage\":\"fr-FR\",\"potentialAction\":[{\"@type\":\"ReadAction\",\"target\":[\"https:\/\/mitawt.mentine.work\/fr\/objectifs\/traitement-de-leau-et-refroidissement\/\"]}]},{\"@type\":\"ImageObject\",\"inLanguage\":\"fr-FR\",\"@id\":\"https:\/\/mitawt.mentine.work\/fr\/objectifs\/traitement-de-leau-et-refroidissement\/#primaryimage\",\"url\":\"https:\/\/mitawt.mentine.work\/wp-content\/uploads\/2023\/12\/Raffreddamento-e-Trattamento-Acque-Reflue.jpg\",\"contentUrl\":\"https:\/\/mitawt.mentine.work\/wp-content\/uploads\/2023\/12\/Raffreddamento-e-Trattamento-Acque-Reflue.jpg\",\"width\":1920,\"height\":1080,\"caption\":\"Raffreddamento e Trattamento Acque Reflue\"},{\"@type\":\"BreadcrumbList\",\"@id\":\"https:\/\/mitawt.mentine.work\/fr\/objectifs\/traitement-de-leau-et-refroidissement\/#breadcrumb\",\"itemListElement\":[{\"@type\":\"ListItem\",\"position\":1,\"name\":\"Home\",\"item\":\"https:\/\/mitawt.mentine.work\/fr\/\"},{\"@type\":\"ListItem\",\"position\":2,\"name\":\"Objectifs\",\"item\":\"https:\/\/mitawt.mentine.work\/fr\/objectifs\/\"},{\"@type\":\"ListItem\",\"position\":3,\"name\":\"Traitement de l&#8217;eau et refroidissement\"}]},{\"@type\":\"WebSite\",\"@id\":\"https:\/\/mitawt.mentine.work\/fr\/#website\",\"url\":\"https:\/\/mitawt.mentine.work\/fr\/\",\"name\":\"MITA Water Technologies\",\"description\":\"Il tuo progetto di refrigerazione industriale\",\"potentialAction\":[{\"@type\":\"SearchAction\",\"target\":{\"@type\":\"EntryPoint\",\"urlTemplate\":\"https:\/\/mitawt.mentine.work\/fr\/?s={search_term_string}\"},\"query-input\":{\"@type\":\"PropertyValueSpecification\",\"valueRequired\":true,\"valueName\":\"search_term_string\"}}],\"inLanguage\":\"fr-FR\"}]}<\/script>\n<!-- \/ Yoast SEO plugin. -->","yoast_head_json":{"title":"Traitement de l'Eau de Refroidissement - MITA Water Technologies","description":"Traitement des eaux de refroidissement. Gestion int\u00e9gr\u00e9e de l'eau : \u00e9puration des eaux us\u00e9es et \u00e9vacuation de la chaleur.","robots":{"index":"noindex","follow":"follow","max-snippet":"max-snippet:-1","max-image-preview":"max-image-preview:large","max-video-preview":"max-video-preview:-1"},"og_locale":"fr_FR","og_type":"article","og_title":"Traitement de l'Eau de Refroidissement - MITA Water Technologies","og_description":"Traitement des eaux de refroidissement. Gestion int\u00e9gr\u00e9e de l'eau : \u00e9puration des eaux us\u00e9es et \u00e9vacuation de la chaleur.","og_url":"https:\/\/mitawt.mentine.work\/fr\/objectifs\/traitement-de-leau-et-refroidissement\/","og_site_name":"MITA Water Technologies","article_modified_time":"2024-09-17T11:42:09+00:00","og_image":[{"width":1920,"height":1080,"url":"https:\/\/mitawt.mentine.work\/wp-content\/uploads\/2023\/12\/Raffreddamento-e-Trattamento-Acque-Reflue.jpg","type":"image\/jpeg"}],"twitter_card":"summary_large_image","schema":{"@context":"https:\/\/schema.org","@graph":[{"@type":"WebPage","@id":"https:\/\/mitawt.mentine.work\/fr\/objectifs\/traitement-de-leau-et-refroidissement\/","url":"https:\/\/mitawt.mentine.work\/fr\/objectifs\/traitement-de-leau-et-refroidissement\/","name":"Traitement de l'Eau de Refroidissement - MITA Water Technologies","isPartOf":{"@id":"https:\/\/mitawt.mentine.work\/fr\/#website"},"primaryImageOfPage":{"@id":"https:\/\/mitawt.mentine.work\/fr\/objectifs\/traitement-de-leau-et-refroidissement\/#primaryimage"},"image":{"@id":"https:\/\/mitawt.mentine.work\/fr\/objectifs\/traitement-de-leau-et-refroidissement\/#primaryimage"},"thumbnailUrl":"https:\/\/mitawt.mentine.work\/wp-content\/uploads\/2023\/12\/Raffreddamento-e-Trattamento-Acque-Reflue.jpg","datePublished":"2023-12-06T16:38:06+00:00","dateModified":"2024-09-17T11:42:09+00:00","description":"Traitement des eaux de refroidissement. Gestion int\u00e9gr\u00e9e de l'eau : \u00e9puration des eaux us\u00e9es et \u00e9vacuation de la chaleur.","breadcrumb":{"@id":"https:\/\/mitawt.mentine.work\/fr\/objectifs\/traitement-de-leau-et-refroidissement\/#breadcrumb"},"inLanguage":"fr-FR","potentialAction":[{"@type":"ReadAction","target":["https:\/\/mitawt.mentine.work\/fr\/objectifs\/traitement-de-leau-et-refroidissement\/"]}]},{"@type":"ImageObject","inLanguage":"fr-FR","@id":"https:\/\/mitawt.mentine.work\/fr\/objectifs\/traitement-de-leau-et-refroidissement\/#primaryimage","url":"https:\/\/mitawt.mentine.work\/wp-content\/uploads\/2023\/12\/Raffreddamento-e-Trattamento-Acque-Reflue.jpg","contentUrl":"https:\/\/mitawt.mentine.work\/wp-content\/uploads\/2023\/12\/Raffreddamento-e-Trattamento-Acque-Reflue.jpg","width":1920,"height":1080,"caption":"Raffreddamento e Trattamento Acque Reflue"},{"@type":"BreadcrumbList","@id":"https:\/\/mitawt.mentine.work\/fr\/objectifs\/traitement-de-leau-et-refroidissement\/#breadcrumb","itemListElement":[{"@type":"ListItem","position":1,"name":"Home","item":"https:\/\/mitawt.mentine.work\/fr\/"},{"@type":"ListItem","position":2,"name":"Objectifs","item":"https:\/\/mitawt.mentine.work\/fr\/objectifs\/"},{"@type":"ListItem","position":3,"name":"Traitement de l&#8217;eau et refroidissement"}]},{"@type":"WebSite","@id":"https:\/\/mitawt.mentine.work\/fr\/#website","url":"https:\/\/mitawt.mentine.work\/fr\/","name":"MITA Water Technologies","description":"Il tuo progetto di refrigerazione industriale","potentialAction":[{"@type":"SearchAction","target":{"@type":"EntryPoint","urlTemplate":"https:\/\/mitawt.mentine.work\/fr\/?s={search_term_string}"},"query-input":{"@type":"PropertyValueSpecification","valueRequired":true,"valueName":"search_term_string"}}],"inLanguage":"fr-FR"}]}},"_links":{"self":[{"href":"https:\/\/mitawt.mentine.work\/fr\/wp-json\/wp\/v2\/pages\/23757","targetHints":{"allow":["GET"]}}],"collection":[{"href":"https:\/\/mitawt.mentine.work\/fr\/wp-json\/wp\/v2\/pages"}],"about":[{"href":"https:\/\/mitawt.mentine.work\/fr\/wp-json\/wp\/v2\/types\/page"}],"author":[{"embeddable":true,"href":"https:\/\/mitawt.mentine.work\/fr\/wp-json\/wp\/v2\/users\/11"}],"replies":[{"embeddable":true,"href":"https:\/\/mitawt.mentine.work\/fr\/wp-json\/wp\/v2\/comments?post=23757"}],"version-history":[{"count":5,"href":"https:\/\/mitawt.mentine.work\/fr\/wp-json\/wp\/v2\/pages\/23757\/revisions"}],"predecessor-version":[{"id":37548,"href":"https:\/\/mitawt.mentine.work\/fr\/wp-json\/wp\/v2\/pages\/23757\/revisions\/37548"}],"up":[{"embeddable":true,"href":"https:\/\/mitawt.mentine.work\/fr\/wp-json\/wp\/v2\/pages\/23654"}],"wp:featuredmedia":[{"embeddable":true,"href":"https:\/\/mitawt.mentine.work\/fr\/wp-json\/wp\/v2\/media\/23690"}],"wp:attachment":[{"href":"https:\/\/mitawt.mentine.work\/fr\/wp-json\/wp\/v2\/media?parent=23757"}],"curies":[{"name":"wp","href":"https:\/\/api.w.org\/{rel}","templated":true}]}}