{"id":28541,"date":"2024-04-19T15:48:54","date_gmt":"2024-04-19T13:48:54","guid":{"rendered":"https:\/\/www.mitawatertechnologies.com\/?page_id=28541"},"modified":"2024-04-19T16:00:20","modified_gmt":"2024-04-19T14:00:20","slug":"reutilisation-des-eaux-usees-pour-lagriculture","status":"publish","type":"page","link":"https:\/\/mitawt.mentine.work\/fr\/objectifs\/reutilisation-des-eaux-usees-pour-lagriculture\/","title":{"rendered":"R\u00e9utilisation des eaux us\u00e9es pour l&rsquo;agriculture"},"content":{"rendered":"","protected":false},"excerpt":{"rendered":"","protected":false},"author":11,"featured_media":23670,"parent":23654,"menu_order":186,"comment_status":"closed","ping_status":"closed","template":"","meta":{"_acf_changed":false,"inline_featured_image":false,"footnotes":""},"class_list":["post-28541","page","type-page","status-publish","has-post-thumbnail","hentry"],"acf":[],"yoast_head":"<!-- This site is optimized with the Yoast SEO plugin v26.9 - https:\/\/yoast.com\/product\/yoast-seo-wordpress\/ -->\n<title>R\u00e9utilisation de l&#039;eau pour l&#039;agriculture - MITA Water Technologies<\/title>\n<meta name=\"description\" content=\"R\u00e9utilisation des eaux us\u00e9es pour l&#039;agriculture : Approche circulaire du traitement des eaux us\u00e9es. Proc\u00e9d\u00e9s et technologies.\" \/>\n<meta name=\"robots\" content=\"noindex, follow, max-snippet:-1, max-image-preview:large, max-video-preview:-1\" \/>\n<meta property=\"og:locale\" content=\"fr_FR\" \/>\n<meta property=\"og:type\" content=\"article\" \/>\n<meta property=\"og:title\" content=\"R\u00e9utilisation de l&#039;eau pour l&#039;agriculture - MITA Water Technologies\" \/>\n<meta property=\"og:description\" content=\"R\u00e9utilisation des eaux us\u00e9es pour l&#039;agriculture : Approche circulaire du traitement des eaux us\u00e9es. Proc\u00e9d\u00e9s et technologies.\" \/>\n<meta property=\"og:url\" content=\"https:\/\/mitawt.mentine.work\/fr\/objectifs\/reutilisation-des-eaux-usees-pour-lagriculture\/\" \/>\n<meta property=\"og:site_name\" content=\"MITA Water Technologies\" \/>\n<meta property=\"article:modified_time\" content=\"2024-04-19T14:00:20+00:00\" \/>\n<meta property=\"og:image\" content=\"https:\/\/mitawt.mentine.work\/wp-content\/uploads\/2023\/12\/Riutilizzo-Acque-per-Agricoltura.jpg\" \/>\n\t<meta property=\"og:image:width\" content=\"1920\" \/>\n\t<meta property=\"og:image:height\" content=\"1080\" \/>\n\t<meta property=\"og:image:type\" content=\"image\/jpeg\" \/>\n<meta name=\"twitter:card\" content=\"summary_large_image\" \/>\n<script type=\"application\/ld+json\" class=\"yoast-schema-graph\">{\"@context\":\"https:\/\/schema.org\",\"@graph\":[{\"@type\":\"WebPage\",\"@id\":\"https:\/\/mitawt.mentine.work\/fr\/objectifs\/reutilisation-des-eaux-usees-pour-lagriculture\/\",\"url\":\"https:\/\/mitawt.mentine.work\/fr\/objectifs\/reutilisation-des-eaux-usees-pour-lagriculture\/\",\"name\":\"R\u00e9utilisation de l'eau pour l'agriculture - MITA Water Technologies\",\"isPartOf\":{\"@id\":\"https:\/\/mitawt.mentine.work\/fr\/#website\"},\"primaryImageOfPage\":{\"@id\":\"https:\/\/mitawt.mentine.work\/fr\/objectifs\/reutilisation-des-eaux-usees-pour-lagriculture\/#primaryimage\"},\"image\":{\"@id\":\"https:\/\/mitawt.mentine.work\/fr\/objectifs\/reutilisation-des-eaux-usees-pour-lagriculture\/#primaryimage\"},\"thumbnailUrl\":\"https:\/\/mitawt.mentine.work\/wp-content\/uploads\/2023\/12\/Riutilizzo-Acque-per-Agricoltura.jpg\",\"datePublished\":\"2024-04-19T13:48:54+00:00\",\"dateModified\":\"2024-04-19T14:00:20+00:00\",\"description\":\"R\u00e9utilisation des eaux us\u00e9es pour l'agriculture : Approche circulaire du traitement des eaux us\u00e9es. Proc\u00e9d\u00e9s et technologies.\",\"breadcrumb\":{\"@id\":\"https:\/\/mitawt.mentine.work\/fr\/objectifs\/reutilisation-des-eaux-usees-pour-lagriculture\/#breadcrumb\"},\"inLanguage\":\"fr-FR\",\"potentialAction\":[{\"@type\":\"ReadAction\",\"target\":[\"https:\/\/mitawt.mentine.work\/fr\/objectifs\/reutilisation-des-eaux-usees-pour-lagriculture\/\"]}]},{\"@type\":\"ImageObject\",\"inLanguage\":\"fr-FR\",\"@id\":\"https:\/\/mitawt.mentine.work\/fr\/objectifs\/reutilisation-des-eaux-usees-pour-lagriculture\/#primaryimage\",\"url\":\"https:\/\/mitawt.mentine.work\/wp-content\/uploads\/2023\/12\/Riutilizzo-Acque-per-Agricoltura.jpg\",\"contentUrl\":\"https:\/\/mitawt.mentine.work\/wp-content\/uploads\/2023\/12\/Riutilizzo-Acque-per-Agricoltura.jpg\",\"width\":1920,\"height\":1080,\"caption\":\"Riutilizzo Acque per Agricoltura\"},{\"@type\":\"BreadcrumbList\",\"@id\":\"https:\/\/mitawt.mentine.work\/fr\/objectifs\/reutilisation-des-eaux-usees-pour-lagriculture\/#breadcrumb\",\"itemListElement\":[{\"@type\":\"ListItem\",\"position\":1,\"name\":\"Home\",\"item\":\"https:\/\/mitawt.mentine.work\/fr\/\"},{\"@type\":\"ListItem\",\"position\":2,\"name\":\"Objectifs\",\"item\":\"https:\/\/mitawt.mentine.work\/fr\/objectifs\/\"},{\"@type\":\"ListItem\",\"position\":3,\"name\":\"R\u00e9utilisation des eaux us\u00e9es pour l&rsquo;agriculture\"}]},{\"@type\":\"WebSite\",\"@id\":\"https:\/\/mitawt.mentine.work\/fr\/#website\",\"url\":\"https:\/\/mitawt.mentine.work\/fr\/\",\"name\":\"MITA Water Technologies\",\"description\":\"Il tuo progetto di refrigerazione industriale\",\"potentialAction\":[{\"@type\":\"SearchAction\",\"target\":{\"@type\":\"EntryPoint\",\"urlTemplate\":\"https:\/\/mitawt.mentine.work\/fr\/?s={search_term_string}\"},\"query-input\":{\"@type\":\"PropertyValueSpecification\",\"valueRequired\":true,\"valueName\":\"search_term_string\"}}],\"inLanguage\":\"fr-FR\"}]}<\/script>\n<!-- \/ Yoast SEO plugin. -->","yoast_head_json":{"title":"R\u00e9utilisation de l'eau pour l'agriculture - MITA Water Technologies","description":"R\u00e9utilisation des eaux us\u00e9es pour l'agriculture : Approche circulaire du traitement des eaux us\u00e9es. Proc\u00e9d\u00e9s et technologies.","robots":{"index":"noindex","follow":"follow","max-snippet":"max-snippet:-1","max-image-preview":"max-image-preview:large","max-video-preview":"max-video-preview:-1"},"og_locale":"fr_FR","og_type":"article","og_title":"R\u00e9utilisation de l'eau pour l'agriculture - MITA Water Technologies","og_description":"R\u00e9utilisation des eaux us\u00e9es pour l'agriculture : Approche circulaire du traitement des eaux us\u00e9es. Proc\u00e9d\u00e9s et technologies.","og_url":"https:\/\/mitawt.mentine.work\/fr\/objectifs\/reutilisation-des-eaux-usees-pour-lagriculture\/","og_site_name":"MITA Water Technologies","article_modified_time":"2024-04-19T14:00:20+00:00","og_image":[{"width":1920,"height":1080,"url":"https:\/\/mitawt.mentine.work\/wp-content\/uploads\/2023\/12\/Riutilizzo-Acque-per-Agricoltura.jpg","type":"image\/jpeg"}],"twitter_card":"summary_large_image","schema":{"@context":"https:\/\/schema.org","@graph":[{"@type":"WebPage","@id":"https:\/\/mitawt.mentine.work\/fr\/objectifs\/reutilisation-des-eaux-usees-pour-lagriculture\/","url":"https:\/\/mitawt.mentine.work\/fr\/objectifs\/reutilisation-des-eaux-usees-pour-lagriculture\/","name":"R\u00e9utilisation de l'eau pour l'agriculture - MITA Water Technologies","isPartOf":{"@id":"https:\/\/mitawt.mentine.work\/fr\/#website"},"primaryImageOfPage":{"@id":"https:\/\/mitawt.mentine.work\/fr\/objectifs\/reutilisation-des-eaux-usees-pour-lagriculture\/#primaryimage"},"image":{"@id":"https:\/\/mitawt.mentine.work\/fr\/objectifs\/reutilisation-des-eaux-usees-pour-lagriculture\/#primaryimage"},"thumbnailUrl":"https:\/\/mitawt.mentine.work\/wp-content\/uploads\/2023\/12\/Riutilizzo-Acque-per-Agricoltura.jpg","datePublished":"2024-04-19T13:48:54+00:00","dateModified":"2024-04-19T14:00:20+00:00","description":"R\u00e9utilisation des eaux us\u00e9es pour l'agriculture : Approche circulaire du traitement des eaux us\u00e9es. Proc\u00e9d\u00e9s et technologies.","breadcrumb":{"@id":"https:\/\/mitawt.mentine.work\/fr\/objectifs\/reutilisation-des-eaux-usees-pour-lagriculture\/#breadcrumb"},"inLanguage":"fr-FR","potentialAction":[{"@type":"ReadAction","target":["https:\/\/mitawt.mentine.work\/fr\/objectifs\/reutilisation-des-eaux-usees-pour-lagriculture\/"]}]},{"@type":"ImageObject","inLanguage":"fr-FR","@id":"https:\/\/mitawt.mentine.work\/fr\/objectifs\/reutilisation-des-eaux-usees-pour-lagriculture\/#primaryimage","url":"https:\/\/mitawt.mentine.work\/wp-content\/uploads\/2023\/12\/Riutilizzo-Acque-per-Agricoltura.jpg","contentUrl":"https:\/\/mitawt.mentine.work\/wp-content\/uploads\/2023\/12\/Riutilizzo-Acque-per-Agricoltura.jpg","width":1920,"height":1080,"caption":"Riutilizzo Acque per Agricoltura"},{"@type":"BreadcrumbList","@id":"https:\/\/mitawt.mentine.work\/fr\/objectifs\/reutilisation-des-eaux-usees-pour-lagriculture\/#breadcrumb","itemListElement":[{"@type":"ListItem","position":1,"name":"Home","item":"https:\/\/mitawt.mentine.work\/fr\/"},{"@type":"ListItem","position":2,"name":"Objectifs","item":"https:\/\/mitawt.mentine.work\/fr\/objectifs\/"},{"@type":"ListItem","position":3,"name":"R\u00e9utilisation des eaux us\u00e9es pour l&rsquo;agriculture"}]},{"@type":"WebSite","@id":"https:\/\/mitawt.mentine.work\/fr\/#website","url":"https:\/\/mitawt.mentine.work\/fr\/","name":"MITA Water Technologies","description":"Il tuo progetto di refrigerazione industriale","potentialAction":[{"@type":"SearchAction","target":{"@type":"EntryPoint","urlTemplate":"https:\/\/mitawt.mentine.work\/fr\/?s={search_term_string}"},"query-input":{"@type":"PropertyValueSpecification","valueRequired":true,"valueName":"search_term_string"}}],"inLanguage":"fr-FR"}]}},"_links":{"self":[{"href":"https:\/\/mitawt.mentine.work\/fr\/wp-json\/wp\/v2\/pages\/28541","targetHints":{"allow":["GET"]}}],"collection":[{"href":"https:\/\/mitawt.mentine.work\/fr\/wp-json\/wp\/v2\/pages"}],"about":[{"href":"https:\/\/mitawt.mentine.work\/fr\/wp-json\/wp\/v2\/types\/page"}],"author":[{"embeddable":true,"href":"https:\/\/mitawt.mentine.work\/fr\/wp-json\/wp\/v2\/users\/11"}],"replies":[{"embeddable":true,"href":"https:\/\/mitawt.mentine.work\/fr\/wp-json\/wp\/v2\/comments?post=28541"}],"version-history":[{"count":3,"href":"https:\/\/mitawt.mentine.work\/fr\/wp-json\/wp\/v2\/pages\/28541\/revisions"}],"predecessor-version":[{"id":28553,"href":"https:\/\/mitawt.mentine.work\/fr\/wp-json\/wp\/v2\/pages\/28541\/revisions\/28553"}],"up":[{"embeddable":true,"href":"https:\/\/mitawt.mentine.work\/fr\/wp-json\/wp\/v2\/pages\/23654"}],"wp:featuredmedia":[{"embeddable":true,"href":"https:\/\/mitawt.mentine.work\/fr\/wp-json\/wp\/v2\/media\/23670"}],"wp:attachment":[{"href":"https:\/\/mitawt.mentine.work\/fr\/wp-json\/wp\/v2\/media?parent=28541"}],"curies":[{"name":"wp","href":"https:\/\/api.w.org\/{rel}","templated":true}]}}