{"id":30282,"date":"2023-12-15T16:30:20","date_gmt":"2023-12-15T15:30:20","guid":{"rendered":"https:\/\/www.mitawatertechnologies.com\/solutions\/"},"modified":"2024-09-16T16:57:39","modified_gmt":"2024-09-16T14:57:39","slug":"solutions","status":"publish","type":"page","link":"https:\/\/mitawt.mentine.work\/fr\/solutions\/","title":{"rendered":"Interlocuteurs"},"content":{"rendered":"","protected":false},"excerpt":{"rendered":"","protected":false},"author":11,"featured_media":0,"parent":0,"menu_order":149,"comment_status":"closed","ping_status":"closed","template":"pagina-lista-figlie.php","meta":{"_acf_changed":false,"inline_featured_image":false,"footnotes":""},"class_list":["post-30282","page","type-page","status-publish","hentry"],"acf":[],"yoast_head":"<!-- This site is optimized with the Yoast SEO plugin v26.9 - https:\/\/yoast.com\/product\/yoast-seo-wordpress\/ -->\n<title>Interlocuteurs - MITA Water Technologies<\/title>\n<meta name=\"description\" content=\"Entrepreneurs, consultants, soci\u00e9t\u00e9s de g\u00e9nie civil et industriel : chaque entreprise de traitement des eaux us\u00e9es a ses propres besoins.\" \/>\n<meta name=\"robots\" content=\"noindex, follow, max-snippet:-1, max-image-preview:large, max-video-preview:-1\" \/>\n<meta property=\"og:locale\" content=\"fr_FR\" \/>\n<meta property=\"og:type\" content=\"article\" \/>\n<meta property=\"og:title\" content=\"Interlocuteurs - MITA Water Technologies\" \/>\n<meta property=\"og:description\" content=\"Entrepreneurs, consultants, soci\u00e9t\u00e9s de g\u00e9nie civil et industriel : chaque entreprise de traitement des eaux us\u00e9es a ses propres besoins.\" \/>\n<meta property=\"og:url\" content=\"https:\/\/mitawt.mentine.work\/fr\/solutions\/\" \/>\n<meta property=\"og:site_name\" content=\"MITA Water Technologies\" \/>\n<meta property=\"article:modified_time\" content=\"2024-09-16T14:57:39+00:00\" \/>\n<meta name=\"twitter:card\" content=\"summary_large_image\" \/>\n<script type=\"application\/ld+json\" class=\"yoast-schema-graph\">{\"@context\":\"https:\/\/schema.org\",\"@graph\":[{\"@type\":\"WebPage\",\"@id\":\"https:\/\/mitawt.mentine.work\/fr\/solutions\/\",\"url\":\"https:\/\/mitawt.mentine.work\/fr\/solutions\/\",\"name\":\"Interlocuteurs - MITA Water Technologies\",\"isPartOf\":{\"@id\":\"https:\/\/mitawt.mentine.work\/fr\/#website\"},\"datePublished\":\"2023-12-15T15:30:20+00:00\",\"dateModified\":\"2024-09-16T14:57:39+00:00\",\"description\":\"Entrepreneurs, consultants, soci\u00e9t\u00e9s de g\u00e9nie civil et industriel : chaque entreprise de traitement des eaux us\u00e9es a ses propres besoins.\",\"breadcrumb\":{\"@id\":\"https:\/\/mitawt.mentine.work\/fr\/solutions\/#breadcrumb\"},\"inLanguage\":\"fr-FR\",\"potentialAction\":[{\"@type\":\"ReadAction\",\"target\":[\"https:\/\/mitawt.mentine.work\/fr\/solutions\/\"]}]},{\"@type\":\"BreadcrumbList\",\"@id\":\"https:\/\/mitawt.mentine.work\/fr\/solutions\/#breadcrumb\",\"itemListElement\":[{\"@type\":\"ListItem\",\"position\":1,\"name\":\"Home\",\"item\":\"https:\/\/mitawt.mentine.work\/fr\/\"},{\"@type\":\"ListItem\",\"position\":2,\"name\":\"Interlocuteurs\"}]},{\"@type\":\"WebSite\",\"@id\":\"https:\/\/mitawt.mentine.work\/fr\/#website\",\"url\":\"https:\/\/mitawt.mentine.work\/fr\/\",\"name\":\"MITA Water Technologies\",\"description\":\"Il tuo progetto di refrigerazione industriale\",\"potentialAction\":[{\"@type\":\"SearchAction\",\"target\":{\"@type\":\"EntryPoint\",\"urlTemplate\":\"https:\/\/mitawt.mentine.work\/fr\/?s={search_term_string}\"},\"query-input\":{\"@type\":\"PropertyValueSpecification\",\"valueRequired\":true,\"valueName\":\"search_term_string\"}}],\"inLanguage\":\"fr-FR\"}]}<\/script>\n<!-- \/ Yoast SEO plugin. -->","yoast_head_json":{"title":"Interlocuteurs - MITA Water Technologies","description":"Entrepreneurs, consultants, soci\u00e9t\u00e9s de g\u00e9nie civil et industriel : chaque entreprise de traitement des eaux us\u00e9es a ses propres besoins.","robots":{"index":"noindex","follow":"follow","max-snippet":"max-snippet:-1","max-image-preview":"max-image-preview:large","max-video-preview":"max-video-preview:-1"},"og_locale":"fr_FR","og_type":"article","og_title":"Interlocuteurs - MITA Water Technologies","og_description":"Entrepreneurs, consultants, soci\u00e9t\u00e9s de g\u00e9nie civil et industriel : chaque entreprise de traitement des eaux us\u00e9es a ses propres besoins.","og_url":"https:\/\/mitawt.mentine.work\/fr\/solutions\/","og_site_name":"MITA Water Technologies","article_modified_time":"2024-09-16T14:57:39+00:00","twitter_card":"summary_large_image","schema":{"@context":"https:\/\/schema.org","@graph":[{"@type":"WebPage","@id":"https:\/\/mitawt.mentine.work\/fr\/solutions\/","url":"https:\/\/mitawt.mentine.work\/fr\/solutions\/","name":"Interlocuteurs - MITA Water Technologies","isPartOf":{"@id":"https:\/\/mitawt.mentine.work\/fr\/#website"},"datePublished":"2023-12-15T15:30:20+00:00","dateModified":"2024-09-16T14:57:39+00:00","description":"Entrepreneurs, consultants, soci\u00e9t\u00e9s de g\u00e9nie civil et industriel : chaque entreprise de traitement des eaux us\u00e9es a ses propres besoins.","breadcrumb":{"@id":"https:\/\/mitawt.mentine.work\/fr\/solutions\/#breadcrumb"},"inLanguage":"fr-FR","potentialAction":[{"@type":"ReadAction","target":["https:\/\/mitawt.mentine.work\/fr\/solutions\/"]}]},{"@type":"BreadcrumbList","@id":"https:\/\/mitawt.mentine.work\/fr\/solutions\/#breadcrumb","itemListElement":[{"@type":"ListItem","position":1,"name":"Home","item":"https:\/\/mitawt.mentine.work\/fr\/"},{"@type":"ListItem","position":2,"name":"Interlocuteurs"}]},{"@type":"WebSite","@id":"https:\/\/mitawt.mentine.work\/fr\/#website","url":"https:\/\/mitawt.mentine.work\/fr\/","name":"MITA Water Technologies","description":"Il tuo progetto di refrigerazione industriale","potentialAction":[{"@type":"SearchAction","target":{"@type":"EntryPoint","urlTemplate":"https:\/\/mitawt.mentine.work\/fr\/?s={search_term_string}"},"query-input":{"@type":"PropertyValueSpecification","valueRequired":true,"valueName":"search_term_string"}}],"inLanguage":"fr-FR"}]}},"_links":{"self":[{"href":"https:\/\/mitawt.mentine.work\/fr\/wp-json\/wp\/v2\/pages\/30282","targetHints":{"allow":["GET"]}}],"collection":[{"href":"https:\/\/mitawt.mentine.work\/fr\/wp-json\/wp\/v2\/pages"}],"about":[{"href":"https:\/\/mitawt.mentine.work\/fr\/wp-json\/wp\/v2\/types\/page"}],"author":[{"embeddable":true,"href":"https:\/\/mitawt.mentine.work\/fr\/wp-json\/wp\/v2\/users\/11"}],"replies":[{"embeddable":true,"href":"https:\/\/mitawt.mentine.work\/fr\/wp-json\/wp\/v2\/comments?post=30282"}],"version-history":[{"count":2,"href":"https:\/\/mitawt.mentine.work\/fr\/wp-json\/wp\/v2\/pages\/30282\/revisions"}],"predecessor-version":[{"id":37394,"href":"https:\/\/mitawt.mentine.work\/fr\/wp-json\/wp\/v2\/pages\/30282\/revisions\/37394"}],"wp:attachment":[{"href":"https:\/\/mitawt.mentine.work\/fr\/wp-json\/wp\/v2\/media?parent=30282"}],"curies":[{"name":"wp","href":"https:\/\/api.w.org\/{rel}","templated":true}]}}