{"id":31630,"date":"2024-07-11T09:14:57","date_gmt":"2024-07-11T07:14:57","guid":{"rendered":"https:\/\/www.mitawatertechnologies.com\/?page_id=31630"},"modified":"2024-07-11T09:14:57","modified_gmt":"2024-07-11T07:14:57","slug":"telecommande-pour-la-filtration-des-eaux-usees","status":"publish","type":"page","link":"https:\/\/mitawt.mentine.work\/fr\/services-et-assistance\/telecommande-pour-la-filtration-des-eaux-usees\/","title":{"rendered":"Commande \u00e0 distance"},"content":{"rendered":"","protected":false},"excerpt":{"rendered":"","protected":false},"author":11,"featured_media":31634,"parent":22595,"menu_order":67,"comment_status":"closed","ping_status":"closed","template":"","meta":{"_acf_changed":false,"inline_featured_image":false,"footnotes":""},"class_list":["post-31630","page","type-page","status-publish","has-post-thumbnail","hentry"],"acf":[],"yoast_head":"<!-- This site is optimized with the Yoast SEO plugin v26.9 - https:\/\/yoast.com\/product\/yoast-seo-wordpress\/ -->\n<title>Contr\u00f4le \u00e0 distance Filtration des eaux us\u00e9es - MITA Water Technologies<\/title>\n<meta name=\"description\" content=\"MITA peut fournir un syst\u00e8me de contr\u00f4le des filtres en tissu accessible \u00e0 distance 24 heures sur 24 et 7 jours sur 7.\" \/>\n<meta name=\"robots\" content=\"noindex, follow, max-snippet:-1, max-image-preview:large, max-video-preview:-1\" \/>\n<meta property=\"og:locale\" content=\"fr_FR\" \/>\n<meta property=\"og:type\" content=\"article\" \/>\n<meta property=\"og:title\" content=\"Contr\u00f4le \u00e0 distance Filtration des eaux us\u00e9es - MITA Water Technologies\" \/>\n<meta property=\"og:description\" content=\"MITA peut fournir un syst\u00e8me de contr\u00f4le des filtres en tissu accessible \u00e0 distance 24 heures sur 24 et 7 jours sur 7.\" \/>\n<meta property=\"og:url\" content=\"https:\/\/mitawt.mentine.work\/fr\/services-et-assistance\/telecommande-pour-la-filtration-des-eaux-usees\/\" \/>\n<meta property=\"og:site_name\" content=\"MITA Water Technologies\" \/>\n<meta property=\"og:image\" content=\"https:\/\/mitawt.mentine.work\/wp-content\/uploads\/2024\/07\/Controllo-da-Remoto-Filtrazione-Acque-Reflue.jpg\" \/>\n\t<meta property=\"og:image:width\" content=\"1920\" \/>\n\t<meta property=\"og:image:height\" content=\"1080\" \/>\n\t<meta property=\"og:image:type\" content=\"image\/jpeg\" \/>\n<meta name=\"twitter:card\" content=\"summary_large_image\" \/>\n<script type=\"application\/ld+json\" class=\"yoast-schema-graph\">{\"@context\":\"https:\/\/schema.org\",\"@graph\":[{\"@type\":\"WebPage\",\"@id\":\"https:\/\/mitawt.mentine.work\/fr\/services-et-assistance\/telecommande-pour-la-filtration-des-eaux-usees\/\",\"url\":\"https:\/\/mitawt.mentine.work\/fr\/services-et-assistance\/telecommande-pour-la-filtration-des-eaux-usees\/\",\"name\":\"Contr\u00f4le \u00e0 distance Filtration des eaux us\u00e9es - MITA Water Technologies\",\"isPartOf\":{\"@id\":\"https:\/\/mitawt.mentine.work\/fr\/#website\"},\"primaryImageOfPage\":{\"@id\":\"https:\/\/mitawt.mentine.work\/fr\/services-et-assistance\/telecommande-pour-la-filtration-des-eaux-usees\/#primaryimage\"},\"image\":{\"@id\":\"https:\/\/mitawt.mentine.work\/fr\/services-et-assistance\/telecommande-pour-la-filtration-des-eaux-usees\/#primaryimage\"},\"thumbnailUrl\":\"https:\/\/mitawt.mentine.work\/wp-content\/uploads\/2024\/07\/Controllo-da-Remoto-Filtrazione-Acque-Reflue.jpg\",\"datePublished\":\"2024-07-11T07:14:57+00:00\",\"description\":\"MITA peut fournir un syst\u00e8me de contr\u00f4le des filtres en tissu accessible \u00e0 distance 24 heures sur 24 et 7 jours sur 7.\",\"breadcrumb\":{\"@id\":\"https:\/\/mitawt.mentine.work\/fr\/services-et-assistance\/telecommande-pour-la-filtration-des-eaux-usees\/#breadcrumb\"},\"inLanguage\":\"fr-FR\",\"potentialAction\":[{\"@type\":\"ReadAction\",\"target\":[\"https:\/\/mitawt.mentine.work\/fr\/services-et-assistance\/telecommande-pour-la-filtration-des-eaux-usees\/\"]}]},{\"@type\":\"ImageObject\",\"inLanguage\":\"fr-FR\",\"@id\":\"https:\/\/mitawt.mentine.work\/fr\/services-et-assistance\/telecommande-pour-la-filtration-des-eaux-usees\/#primaryimage\",\"url\":\"https:\/\/mitawt.mentine.work\/wp-content\/uploads\/2024\/07\/Controllo-da-Remoto-Filtrazione-Acque-Reflue.jpg\",\"contentUrl\":\"https:\/\/mitawt.mentine.work\/wp-content\/uploads\/2024\/07\/Controllo-da-Remoto-Filtrazione-Acque-Reflue.jpg\",\"width\":1920,\"height\":1080,\"caption\":\"Controllo da Remoto Filtrazione Acque Reflue\"},{\"@type\":\"BreadcrumbList\",\"@id\":\"https:\/\/mitawt.mentine.work\/fr\/services-et-assistance\/telecommande-pour-la-filtration-des-eaux-usees\/#breadcrumb\",\"itemListElement\":[{\"@type\":\"ListItem\",\"position\":1,\"name\":\"Home\",\"item\":\"https:\/\/mitawt.mentine.work\/fr\/\"},{\"@type\":\"ListItem\",\"position\":2,\"name\":\"SERVICES et ASSISTANCE\",\"item\":\"https:\/\/mitawt.mentine.work\/fr\/services-et-assistance\/\"},{\"@type\":\"ListItem\",\"position\":3,\"name\":\"Commande \u00e0 distance\"}]},{\"@type\":\"WebSite\",\"@id\":\"https:\/\/mitawt.mentine.work\/fr\/#website\",\"url\":\"https:\/\/mitawt.mentine.work\/fr\/\",\"name\":\"MITA Water Technologies\",\"description\":\"Il tuo progetto di refrigerazione industriale\",\"potentialAction\":[{\"@type\":\"SearchAction\",\"target\":{\"@type\":\"EntryPoint\",\"urlTemplate\":\"https:\/\/mitawt.mentine.work\/fr\/?s={search_term_string}\"},\"query-input\":{\"@type\":\"PropertyValueSpecification\",\"valueRequired\":true,\"valueName\":\"search_term_string\"}}],\"inLanguage\":\"fr-FR\"}]}<\/script>\n<!-- \/ Yoast SEO plugin. -->","yoast_head_json":{"title":"Contr\u00f4le \u00e0 distance Filtration des eaux us\u00e9es - MITA Water Technologies","description":"MITA peut fournir un syst\u00e8me de contr\u00f4le des filtres en tissu accessible \u00e0 distance 24 heures sur 24 et 7 jours sur 7.","robots":{"index":"noindex","follow":"follow","max-snippet":"max-snippet:-1","max-image-preview":"max-image-preview:large","max-video-preview":"max-video-preview:-1"},"og_locale":"fr_FR","og_type":"article","og_title":"Contr\u00f4le \u00e0 distance Filtration des eaux us\u00e9es - MITA Water Technologies","og_description":"MITA peut fournir un syst\u00e8me de contr\u00f4le des filtres en tissu accessible \u00e0 distance 24 heures sur 24 et 7 jours sur 7.","og_url":"https:\/\/mitawt.mentine.work\/fr\/services-et-assistance\/telecommande-pour-la-filtration-des-eaux-usees\/","og_site_name":"MITA Water Technologies","og_image":[{"width":1920,"height":1080,"url":"https:\/\/mitawt.mentine.work\/wp-content\/uploads\/2024\/07\/Controllo-da-Remoto-Filtrazione-Acque-Reflue.jpg","type":"image\/jpeg"}],"twitter_card":"summary_large_image","schema":{"@context":"https:\/\/schema.org","@graph":[{"@type":"WebPage","@id":"https:\/\/mitawt.mentine.work\/fr\/services-et-assistance\/telecommande-pour-la-filtration-des-eaux-usees\/","url":"https:\/\/mitawt.mentine.work\/fr\/services-et-assistance\/telecommande-pour-la-filtration-des-eaux-usees\/","name":"Contr\u00f4le \u00e0 distance Filtration des eaux us\u00e9es - MITA Water Technologies","isPartOf":{"@id":"https:\/\/mitawt.mentine.work\/fr\/#website"},"primaryImageOfPage":{"@id":"https:\/\/mitawt.mentine.work\/fr\/services-et-assistance\/telecommande-pour-la-filtration-des-eaux-usees\/#primaryimage"},"image":{"@id":"https:\/\/mitawt.mentine.work\/fr\/services-et-assistance\/telecommande-pour-la-filtration-des-eaux-usees\/#primaryimage"},"thumbnailUrl":"https:\/\/mitawt.mentine.work\/wp-content\/uploads\/2024\/07\/Controllo-da-Remoto-Filtrazione-Acque-Reflue.jpg","datePublished":"2024-07-11T07:14:57+00:00","description":"MITA peut fournir un syst\u00e8me de contr\u00f4le des filtres en tissu accessible \u00e0 distance 24 heures sur 24 et 7 jours sur 7.","breadcrumb":{"@id":"https:\/\/mitawt.mentine.work\/fr\/services-et-assistance\/telecommande-pour-la-filtration-des-eaux-usees\/#breadcrumb"},"inLanguage":"fr-FR","potentialAction":[{"@type":"ReadAction","target":["https:\/\/mitawt.mentine.work\/fr\/services-et-assistance\/telecommande-pour-la-filtration-des-eaux-usees\/"]}]},{"@type":"ImageObject","inLanguage":"fr-FR","@id":"https:\/\/mitawt.mentine.work\/fr\/services-et-assistance\/telecommande-pour-la-filtration-des-eaux-usees\/#primaryimage","url":"https:\/\/mitawt.mentine.work\/wp-content\/uploads\/2024\/07\/Controllo-da-Remoto-Filtrazione-Acque-Reflue.jpg","contentUrl":"https:\/\/mitawt.mentine.work\/wp-content\/uploads\/2024\/07\/Controllo-da-Remoto-Filtrazione-Acque-Reflue.jpg","width":1920,"height":1080,"caption":"Controllo da Remoto Filtrazione Acque Reflue"},{"@type":"BreadcrumbList","@id":"https:\/\/mitawt.mentine.work\/fr\/services-et-assistance\/telecommande-pour-la-filtration-des-eaux-usees\/#breadcrumb","itemListElement":[{"@type":"ListItem","position":1,"name":"Home","item":"https:\/\/mitawt.mentine.work\/fr\/"},{"@type":"ListItem","position":2,"name":"SERVICES et ASSISTANCE","item":"https:\/\/mitawt.mentine.work\/fr\/services-et-assistance\/"},{"@type":"ListItem","position":3,"name":"Commande \u00e0 distance"}]},{"@type":"WebSite","@id":"https:\/\/mitawt.mentine.work\/fr\/#website","url":"https:\/\/mitawt.mentine.work\/fr\/","name":"MITA Water Technologies","description":"Il tuo progetto di refrigerazione industriale","potentialAction":[{"@type":"SearchAction","target":{"@type":"EntryPoint","urlTemplate":"https:\/\/mitawt.mentine.work\/fr\/?s={search_term_string}"},"query-input":{"@type":"PropertyValueSpecification","valueRequired":true,"valueName":"search_term_string"}}],"inLanguage":"fr-FR"}]}},"_links":{"self":[{"href":"https:\/\/mitawt.mentine.work\/fr\/wp-json\/wp\/v2\/pages\/31630","targetHints":{"allow":["GET"]}}],"collection":[{"href":"https:\/\/mitawt.mentine.work\/fr\/wp-json\/wp\/v2\/pages"}],"about":[{"href":"https:\/\/mitawt.mentine.work\/fr\/wp-json\/wp\/v2\/types\/page"}],"author":[{"embeddable":true,"href":"https:\/\/mitawt.mentine.work\/fr\/wp-json\/wp\/v2\/users\/11"}],"replies":[{"embeddable":true,"href":"https:\/\/mitawt.mentine.work\/fr\/wp-json\/wp\/v2\/comments?post=31630"}],"version-history":[{"count":2,"href":"https:\/\/mitawt.mentine.work\/fr\/wp-json\/wp\/v2\/pages\/31630\/revisions"}],"predecessor-version":[{"id":31642,"href":"https:\/\/mitawt.mentine.work\/fr\/wp-json\/wp\/v2\/pages\/31630\/revisions\/31642"}],"up":[{"embeddable":true,"href":"https:\/\/mitawt.mentine.work\/fr\/wp-json\/wp\/v2\/pages\/22595"}],"wp:featuredmedia":[{"embeddable":true,"href":"https:\/\/mitawt.mentine.work\/fr\/wp-json\/wp\/v2\/media\/31634"}],"wp:attachment":[{"href":"https:\/\/mitawt.mentine.work\/fr\/wp-json\/wp\/v2\/media?parent=31630"}],"curies":[{"name":"wp","href":"https:\/\/api.w.org\/{rel}","templated":true}]}}